{"id":108,"date":"2016-08-30T16:48:04","date_gmt":"2016-08-30T16:48:04","guid":{"rendered":"http:\/\/wordpress.salvator-schule.de\/?page_id=108"},"modified":"2023-04-05T08:53:07","modified_gmt":"2023-04-05T08:53:07","slug":"konzepte-leitbild","status":"publish","type":"page","link":"https:\/\/salvator-schule.de\/?page_id=108","title":{"rendered":"Leitbild &#038; Konzepte"},"content":{"rendered":"\n<div class=\"wp-block-image\"><figure class=\"alignright size-large is-resized\"><img loading=\"lazy\" decoding=\"async\" src=\"http:\/\/salvator-schule.de\/wp-content\/uploads\/2020\/07\/Salvatori-Logo-1024x1005.jpg\" alt=\"\" class=\"wp-image-6787\" width=\"171\" height=\"166\"\/><\/figure><\/div>\n\n\n<p><span style=\"color: #000000;\"><strong>Leitbild<\/strong><\/span><br \/>Wir sehen die Einheit von OGS und Salvator-Schule als Lern- und Lebensort, an dem kognitives, emotionales und soziales Lernen eine Einheit bilden. Eine offene, bewegte, kulturelle Schule, in der Bildung und Chancengleichheit ernst gemeinte Ziele sind und als einen Lebensort, an dem sich die Kinder durch Neugierde, Experimentieren und Gestalten ihre Welt erobern, um sich f\u00fcr das Leben stark zu machen. Unsere Schwerpunkte liegen in den Bereichen: gesunde Ern\u00e4hrung, Bewegung und \u00e4sthetische Bildung.<\/p>\n<p>Unsere Offene Ganztagsschule, kurz OGS, bietet eine verl\u00e4ssliche und professionelle Betreuung f\u00fcr die Kinder der Salvatorschule. Unser Anliegen ist es, Eltern dabei zu unterst\u00fctzen, Berufst\u00e4tigkeit und Familienleben zu verbinden. Das OGS-Team erarbeitet in Kooperation mit dem Lehrerkollegium, Sonderp\u00e4dagoginnen und externen Fachkr\u00e4ften, individuelle F\u00f6rderm\u00f6glichkeiten f\u00fcr einzelne Kinder.<\/p>\n<p><strong>Ern\u00e4hrung<\/strong><br \/>Nach unserem Verst\u00e4ndnis ist Essen mehr als nur Nahrungsaufnahme.<br \/>Das gemeinsame Essen bietet eine gute M\u00f6glichkeit, die Kommunikation und das Gemeinschaftsgef\u00fchl zwischen der ganzen Schulgemeinschaft zu f\u00f6rdern. Gleichzeitig ist es uns wichtig, den Kindern eine Ess- und Tischkultur zu vermitteln. Unsere K\u00f6chin sorgt t\u00e4glich f\u00fcr ein frisch zubereitetes, abwechslungsreiches und gesundes Mittagessen. Unsere Nahrungsmittel sind regional, saisonal und manchmal auch aus dem eigenen Schulgarten.<\/p>\n<p style=\"text-align: left;\"><strong>Bewegung<\/strong><br \/>Ein rhythmisierender Wechsel von freiem Spiel, Bewegungsspielen und Kooperationsspielen soll dem Bewegungsbed\u00fcrfnis der Kinder gerecht werden. Auch Ruhezeiten finden ihren Platz im OGS Alltag. Hierf\u00fcr stehen uns t\u00e4glich neben p\u00e4dagogischen Fachkr\u00e4ften, die Turnhalle, ein Bewegungsraum, der Schulhof, ein Kunstrasenplatz, der Schulgarten sowie ein nahe gelegenes Waldgebiet zur Verf\u00fcgung.<\/p>\n<p><strong>\u00c4sthetische Bildung \/ Kreativit\u00e4t<\/strong><br \/>Eine gro\u00dfe Kreativwerkstatt erm\u00f6glicht das Experimentieren und Gestalten mit verschiedenen Materialien.<br \/>F\u00fcr die k\u00fcnstlerischen Angebote steht uns ein gut ausgestattetes Kinderatelier zur Verf\u00fcgung. Durch die Vermittlung von Kunst sollen die Kinder ihre eigene Kreativit\u00e4t erleben und weiterentwickeln.<br \/>Die schuleigene Werkstatt mit Bohrer, S\u00e4gen, etc. gew\u00e4hrleistet ein Lernen im Umgang mit Werkzeug, Holz und anderen Materialien.<\/p>\n<p><em>Alle Kinder brauchen kleine Klassen<\/em><br \/><em>Um sich nichts gefall`n zu lassen.<\/em><br \/><em>Alle Kinder brauchen gro\u00dfe R\u00e4ume.<\/em><br \/><em>Alle Kinder brauchen Zeit f\u00fcr Tr\u00e4ume.<\/em><br \/><em>Alle Kinder brauchen sehr viel Platz zum Toben.<\/em><br \/><em>Kinder brauchen kein Gebr\u00fcll von oben!<\/em><br \/><em>(Ein Gedicht von Wolfgang Schneider)<\/em><\/p>\n<p><span style=\"color: #008000;\"><strong><a style=\"color: #008000;\" href=\"http:\/\/salvator-schule.de\/wp-content\/uploads\/2016\/09\/HAUSAUFGABENKONZEPT.pdf\">HausaufgabenKonzept<\/a><\/strong><\/span><\/p>\n<p><strong><span style=\"color: #008000;\"><a style=\"color: #008000;\" href=\"http:\/\/salvator-schule.de\/wp-content\/uploads\/2016\/08\/KinderSchutz.pdf\">Kinderschutz<\/a><\/span><\/strong><\/p>\n<p><strong><span style=\"color: #008000;\"><a style=\"color: #008000;\" href=\"http:\/\/salvator-schule.de\/wp-content\/uploads\/2016\/08\/Lese-F\u00f6rder-Konzept.pdf\">Lese-F\u00f6rderKonzept<\/a><\/span><\/strong><\/p>\n\n\n<p><strong><a href=\"https:\/\/salvator-schule.de\/?page_id=341\">InklusionsKonzept<\/a><\/strong><\/p>\n\n\n\n<figure class=\"wp-block-image size-large is-resized\"><a href=\"https:\/\/salvator-schule.de\/wp-content\/uploads\/2023\/04\/Schule-ist-OGS.png\"><img decoding=\"async\" src=\"https:\/\/salvator-schule.de\/wp-content\/uploads\/2023\/04\/Schule-ist-OGS-edited.png\" alt=\"\" class=\"wp-image-8968\" width=\"757\" srcset=\"https:\/\/salvator-schule.de\/wp-content\/uploads\/2023\/04\/Schule-ist-OGS-edited.png 1253w, https:\/\/salvator-schule.de\/wp-content\/uploads\/2023\/04\/Schule-ist-OGS-edited-300x212.png 300w, https:\/\/salvator-schule.de\/wp-content\/uploads\/2023\/04\/Schule-ist-OGS-edited-1024x724.png 1024w, https:\/\/salvator-schule.de\/wp-content\/uploads\/2023\/04\/Schule-ist-OGS-edited-768x543.png 768w\" sizes=\"(max-width: 1253px) 100vw, 1253px\" \/><\/a><\/figure>\n","protected":false},"excerpt":{"rendered":"<p>LeitbildWir sehen die Einheit von OGS und Salvator-Schule als Lern- und Lebensort, an dem kognitives, emotionales und soziales Lernen eine Einheit bilden. Eine offene, bewegte, kulturelle Schule, in der Bildung und Chancengleichheit ernst gemeinte Ziele sind und als einen Lebensort, an dem sich die Kinder durch Neugierde, Experimentieren und Gestalten ihre Welt erobern, um sich [&hellip;]<\/p>\n","protected":false},"author":3,"featured_media":0,"parent":65,"menu_order":1,"comment_status":"closed","ping_status":"closed","template":"","meta":{"_uag_custom_page_level_css":"","footnotes":""},"class_list":["post-108","page","type-page","status-publish","hentry"],"uagb_featured_image_src":{"full":false,"thumbnail":false,"medium":false,"medium_large":false,"large":false,"1536x1536":false,"2048x2048":false,"post-thumbnail":false,"evolve-post-thumbnail":false,"evolve-slider-thumbnail":false,"evolve-tabs-img":false,"evolve-testimonial-avatar":false},"uagb_author_info":{"display_name":"Roesner","author_link":"https:\/\/salvator-schule.de\/?author=3"},"uagb_comment_info":0,"uagb_excerpt":"LeitbildWir sehen die Einheit von OGS und Salvator-Schule als Lern- und Lebensort, an dem kognitives, emotionales und soziales Lernen eine Einheit bilden. Eine offene, bewegte, kulturelle Schule, in der Bildung und Chancengleichheit ernst gemeinte Ziele sind und als einen Lebensort, an dem sich die Kinder durch Neugierde, Experimentieren und Gestalten ihre Welt erobern, um sich&hellip;","_links":{"self":[{"href":"https:\/\/salvator-schule.de\/index.php?rest_route=\/wp\/v2\/pages\/108"}],"collection":[{"href":"https:\/\/salvator-schule.de\/index.php?rest_route=\/wp\/v2\/pages"}],"about":[{"href":"https:\/\/salvator-schule.de\/index.php?rest_route=\/wp\/v2\/types\/page"}],"author":[{"embeddable":true,"href":"https:\/\/salvator-schule.de\/index.php?rest_route=\/wp\/v2\/users\/3"}],"replies":[{"embeddable":true,"href":"https:\/\/salvator-schule.de\/index.php?rest_route=%2Fwp%2Fv2%2Fcomments&post=108"}],"version-history":[{"count":31,"href":"https:\/\/salvator-schule.de\/index.php?rest_route=\/wp\/v2\/pages\/108\/revisions"}],"predecessor-version":[{"id":8969,"href":"https:\/\/salvator-schule.de\/index.php?rest_route=\/wp\/v2\/pages\/108\/revisions\/8969"}],"up":[{"embeddable":true,"href":"https:\/\/salvator-schule.de\/index.php?rest_route=\/wp\/v2\/pages\/65"}],"wp:attachment":[{"href":"https:\/\/salvator-schule.de\/index.php?rest_route=%2Fwp%2Fv2%2Fmedia&parent=108"}],"curies":[{"name":"wp","href":"https:\/\/api.w.org\/{rel}","templated":true}]}}