{"id":112,"date":"2016-08-30T16:48:51","date_gmt":"2016-08-30T16:48:51","guid":{"rendered":"http:\/\/wordpress.salvator-schule.de\/?page_id=112"},"modified":"2026-04-21T07:16:28","modified_gmt":"2026-04-21T07:16:28","slug":"rund-ums-essen","status":"publish","type":"page","link":"https:\/\/salvator-schule.de\/?page_id=112","title":{"rendered":"Mensa"},"content":{"rendered":"\n<p class=\"has-black-color has-pale-cyan-blue-background-color has-text-color has-background has-medium-font-size\"><strong>Speiseplan 20.04. &#8211; 24.04.26<\/strong><\/p>\n\n\n\n<hr class=\"wp-block-separator has-css-opacity\"\/>\n\n\n\n<figure class=\"wp-block-image size-large\"><a href=\"https:\/\/salvator-schule.de\/wp-content\/uploads\/2026\/04\/Speiseplan-6-4.png\"><img loading=\"lazy\" decoding=\"async\" width=\"724\" height=\"1024\" src=\"https:\/\/salvator-schule.de\/wp-content\/uploads\/2026\/04\/Speiseplan-6-4-724x1024.png\" alt=\"\" class=\"wp-image-11078\" srcset=\"https:\/\/salvator-schule.de\/wp-content\/uploads\/2026\/04\/Speiseplan-6-4-724x1024.png 724w, https:\/\/salvator-schule.de\/wp-content\/uploads\/2026\/04\/Speiseplan-6-4-212x300.png 212w, https:\/\/salvator-schule.de\/wp-content\/uploads\/2026\/04\/Speiseplan-6-4-768x1086.png 768w, https:\/\/salvator-schule.de\/wp-content\/uploads\/2026\/04\/Speiseplan-6-4-1086x1536.png 1086w, https:\/\/salvator-schule.de\/wp-content\/uploads\/2026\/04\/Speiseplan-6-4.png 1240w\" sizes=\"(max-width: 724px) 100vw, 724px\" \/><\/a><\/figure>\n\n\n\n<hr class=\"wp-block-separator has-alpha-channel-opacity\"\/>\n\n\n\n<p>Das K\u00fcchenteam und die Kinder freuen sich immer \u00fcber \u00dcbersch\u00fcsse aus dem Garten ( Obst + Gem\u00fcse). Sie k\u00f6nnen sicher sein, das etwas leckeres f\u00fcr den Mittagstisch daraus gezaubert wird.<\/p>\n\n\n\n<hr class=\"wp-block-separator has-alpha-channel-opacity\"\/>\n\n\n\n<h2 class=\"wp-block-heading\"><\/h2>\n\n\n\n<hr class=\"wp-block-separator has-alpha-channel-opacity\"\/>\n\n\n\n<figure class=\"wp-block-image size-large\"><a href=\"https:\/\/salvator-schule.de\/wp-content\/uploads\/2023\/02\/C556D08C-A858-4058-81A1-9192D779D30A-scaled.jpeg\"><img loading=\"lazy\" decoding=\"async\" width=\"1024\" height=\"662\" src=\"https:\/\/salvator-schule.de\/wp-content\/uploads\/2023\/02\/C556D08C-A858-4058-81A1-9192D779D30A-1024x662.jpeg\" alt=\"\" class=\"wp-image-8761\" srcset=\"https:\/\/salvator-schule.de\/wp-content\/uploads\/2023\/02\/C556D08C-A858-4058-81A1-9192D779D30A-1024x662.jpeg 1024w, https:\/\/salvator-schule.de\/wp-content\/uploads\/2023\/02\/C556D08C-A858-4058-81A1-9192D779D30A-300x194.jpeg 300w, https:\/\/salvator-schule.de\/wp-content\/uploads\/2023\/02\/C556D08C-A858-4058-81A1-9192D779D30A-768x496.jpeg 768w, https:\/\/salvator-schule.de\/wp-content\/uploads\/2023\/02\/C556D08C-A858-4058-81A1-9192D779D30A-1536x993.jpeg 1536w, https:\/\/salvator-schule.de\/wp-content\/uploads\/2023\/02\/C556D08C-A858-4058-81A1-9192D779D30A-2048x1323.jpeg 2048w\" sizes=\"(max-width: 1024px) 100vw, 1024px\" \/><\/a><figcaption class=\"wp-element-caption\">Allergenliste<\/figcaption><\/figure>\n\n\n\n<div class=\"wp-block-media-text alignwide is-stacked-on-mobile\" style=\"grid-template-columns:38% auto\"><figure class=\"wp-block-media-text__media\"><img loading=\"lazy\" decoding=\"async\" width=\"600\" height=\"414\" src=\"https:\/\/salvator-schule.de\/wp-content\/uploads\/2022\/05\/Gemuese.png\" alt=\"\" class=\"wp-image-8423 size-full\" srcset=\"https:\/\/salvator-schule.de\/wp-content\/uploads\/2022\/05\/Gemuese.png 600w, https:\/\/salvator-schule.de\/wp-content\/uploads\/2022\/05\/Gemuese-300x207.png 300w\" sizes=\"(max-width: 600px) 100vw, 600px\" \/><\/figure><div class=\"wp-block-media-text__content\">\n<p class=\"has-medium-font-size\">Unser K\u00fcchenteam verw\u00f6hnt uns mit leckerem und gesundem Essen. Soweit m\u00f6glich, werden saisonale, regionale Produkte in Bio Qualit\u00e4t verwendet. <\/p>\n<\/div><\/div>\n\n\n\n<div style=\"height:100px\" aria-hidden=\"true\" class=\"wp-block-spacer\"><\/div>\n\n\n\n<h2 class=\"wp-block-heading has-vivid-red-color has-text-color\">Aktionen<\/h2>\n\n\n\n<figure class=\"wp-block-image size-large\"><img loading=\"lazy\" decoding=\"async\" width=\"1024\" height=\"709\" src=\"https:\/\/salvator-schule.de\/wp-content\/uploads\/2020\/04\/Drive-In-1-1024x709.png\" alt=\"\" class=\"wp-image-6251\" srcset=\"https:\/\/salvator-schule.de\/wp-content\/uploads\/2020\/04\/Drive-In-1-1024x709.png 1024w, https:\/\/salvator-schule.de\/wp-content\/uploads\/2020\/04\/Drive-In-1-300x208.png 300w, https:\/\/salvator-schule.de\/wp-content\/uploads\/2020\/04\/Drive-In-1-768x532.png 768w, https:\/\/salvator-schule.de\/wp-content\/uploads\/2020\/04\/Drive-In-1.png 1035w\" sizes=\"(max-width: 1024px) 100vw, 1024px\" \/><figcaption class=\"wp-element-caption\">Sommerferien<\/figcaption><\/figure>\n\n\n\n<p><\/p>\n","protected":false},"excerpt":{"rendered":"<p>Speiseplan 20.04. &#8211; 24.04.26 Das K\u00fcchenteam und die Kinder freuen sich immer \u00fcber \u00dcbersch\u00fcsse aus dem Garten ( Obst + Gem\u00fcse). Sie k\u00f6nnen sicher sein, das etwas leckeres f\u00fcr den Mittagstisch daraus gezaubert wird. Unser K\u00fcchenteam verw\u00f6hnt uns mit leckerem und gesundem Essen. Soweit m\u00f6glich, werden saisonale, regionale Produkte in Bio Qualit\u00e4t verwendet. Aktionen<\/p>\n","protected":false},"author":4,"featured_media":0,"parent":65,"menu_order":3,"comment_status":"closed","ping_status":"closed","template":"","meta":{"_uag_custom_page_level_css":"","footnotes":""},"class_list":["post-112","page","type-page","status-publish","hentry"],"uagb_featured_image_src":{"full":false,"thumbnail":false,"medium":false,"medium_large":false,"large":false,"1536x1536":false,"2048x2048":false,"post-thumbnail":false,"evolve-post-thumbnail":false,"evolve-slider-thumbnail":false,"evolve-tabs-img":false,"evolve-testimonial-avatar":false},"uagb_author_info":{"display_name":"H. Kn\u00f6chel","author_link":"https:\/\/salvator-schule.de\/?author=4"},"uagb_comment_info":0,"uagb_excerpt":"Speiseplan 20.04. &#8211; 24.04.26 Das K\u00fcchenteam und die Kinder freuen sich immer \u00fcber \u00dcbersch\u00fcsse aus dem Garten ( Obst + Gem\u00fcse). Sie k\u00f6nnen sicher sein, das etwas leckeres f\u00fcr den Mittagstisch daraus gezaubert wird. Unser K\u00fcchenteam verw\u00f6hnt uns mit leckerem und gesundem Essen. Soweit m\u00f6glich, werden saisonale, regionale Produkte in Bio Qualit\u00e4t verwendet. Aktionen","_links":{"self":[{"href":"https:\/\/salvator-schule.de\/index.php?rest_route=\/wp\/v2\/pages\/112"}],"collection":[{"href":"https:\/\/salvator-schule.de\/index.php?rest_route=\/wp\/v2\/pages"}],"about":[{"href":"https:\/\/salvator-schule.de\/index.php?rest_route=\/wp\/v2\/types\/page"}],"author":[{"embeddable":true,"href":"https:\/\/salvator-schule.de\/index.php?rest_route=\/wp\/v2\/users\/4"}],"replies":[{"embeddable":true,"href":"https:\/\/salvator-schule.de\/index.php?rest_route=%2Fwp%2Fv2%2Fcomments&post=112"}],"version-history":[{"count":441,"href":"https:\/\/salvator-schule.de\/index.php?rest_route=\/wp\/v2\/pages\/112\/revisions"}],"predecessor-version":[{"id":11079,"href":"https:\/\/salvator-schule.de\/index.php?rest_route=\/wp\/v2\/pages\/112\/revisions\/11079"}],"up":[{"embeddable":true,"href":"https:\/\/salvator-schule.de\/index.php?rest_route=\/wp\/v2\/pages\/65"}],"wp:attachment":[{"href":"https:\/\/salvator-schule.de\/index.php?rest_route=%2Fwp%2Fv2%2Fmedia&parent=112"}],"curies":[{"name":"wp","href":"https:\/\/api.w.org\/{rel}","templated":true}]}}