{"id":116,"date":"2016-08-30T16:49:49","date_gmt":"2016-08-30T16:49:49","guid":{"rendered":"http:\/\/wordpress.salvator-schule.de\/?page_id=116"},"modified":"2025-10-22T10:00:19","modified_gmt":"2025-10-22T10:00:19","slug":"ags-ferienfreizeit","status":"publish","type":"page","link":"https:\/\/salvator-schule.de\/?page_id=116","title":{"rendered":"AGs"},"content":{"rendered":"\n<p>Unser freiwilliges Angebot der AGs findet weitestgehend wie geplant statt. Sollten sich jedoch \u00c4nderungen in der Tagessituation ergeben, m\u00fcssen wir die AGs entsprechend anpassen, um die weitere gute Betreuung zu gew\u00e4hrleisten.<\/p>\n\n\n\n<p><\/p>\n\n\n\n<hr class=\"wp-block-separator has-css-opacity\"\/>\n\n\n\n<h2 class=\"wp-block-heading\">AG \u00dcbersicht <\/h2>\n\n\n\n<p><\/p>\n\n\n\n<figure class=\"wp-block-table is-style-regular\"><table class=\"has-background\" style=\"background-color:#e9fbe5\"><thead><tr><th>Montag<\/th><th>Dienstag<\/th><th>Mittwoch<\/th><th>Donnerstag<\/th><th>Freitag<\/th><\/tr><\/thead><tbody><tr><td>Ruhepol<\/td><td>Ruhepol<\/td><td>Ruhepol<\/td><td>Ruhepol<\/td><td>Ruhepol<\/td><\/tr><tr><td>Spiel, Sport, Spa\u00df<\/td><td>Spiel, Sport, Spa\u00df<\/td><td>Spiel, Sport, Spa\u00df<\/td><td>Spiel, Sport, Spa\u00df<\/td><td>Offenes Atelier<\/td><\/tr><tr><td>4.Kl\u00e4ssler Projekt<\/td><td>Kreativ Werkstatt<\/td><td>Experimente<\/td><td>Naturf\u00fcchse<\/td><td><br>N\u00e4hen<\/td><\/tr><tr><td>Offenes Atelier<\/td><td>Brauchtum<\/td><td>Kreativ Werkstatt<\/td><td><br>Kunstprojekt<br><\/td><td>Showtanz<br>3. + 4. Klasse<\/td><\/tr><tr><td>Medien<br>(<strong>Ipad mitbringen<\/strong>)<\/td><td>Schulband ( Chor)<\/td><td>N\u00e4hen<\/td><td><\/td><td>Schach<\/td><\/tr><tr><td>Theater 14.30 Uhr<br>mit Anmeldung<\/td><td><\/td><td><\/td><td>Handarbeit<br>15.00 Uhr<\/td><td>Kinder Parlament<br>(1. im Monat)<\/td><\/tr><\/tbody><\/table><figcaption class=\"wp-element-caption\">\u00c4nderungen vorbehalten<\/figcaption><\/figure>\n\n\n\n<h1 class=\"wp-block-heading\">&nbsp;<\/h1>\n\n\n\n<h4 class=\"wp-block-heading\">Lernen Sie unsere AGs kennen&#8230;<\/h4>\n\n\n\n<div style=\"height:100px\" aria-hidden=\"true\" class=\"wp-block-spacer\"><\/div>\n\n\n\n<div class=\"wp-block-media-text alignwide is-stacked-on-mobile\" style=\"grid-template-columns:23% auto\"><figure class=\"wp-block-media-text__media\"><img loading=\"lazy\" decoding=\"async\" width=\"1024\" height=\"682\" src=\"https:\/\/salvator-schule.de\/wp-content\/uploads\/2023\/04\/Wir-sind-OGS-1.jpg\" alt=\"\" class=\"wp-image-8971 size-full\" srcset=\"https:\/\/salvator-schule.de\/wp-content\/uploads\/2023\/04\/Wir-sind-OGS-1.jpg 1024w, https:\/\/salvator-schule.de\/wp-content\/uploads\/2023\/04\/Wir-sind-OGS-1-300x200.jpg 300w, https:\/\/salvator-schule.de\/wp-content\/uploads\/2023\/04\/Wir-sind-OGS-1-768x512.jpg 768w\" sizes=\"(max-width: 1024px) 100vw, 1024px\" \/><\/figure><div class=\"wp-block-media-text__content\">\n<p>Ein aktuelles Foto wird folgen<\/p>\n\n\n\n<p class=\"has-very-light-gray-to-cyan-bluish-gray-gradient-background has-background has-small-font-size\"><mark style=\"background-color:rgba(0, 0, 0, 0)\" class=\"has-inline-color has-vivid-cyan-blue-color\"><strong>Theater AG und Schulband:<\/strong><\/mark> Dieses sind die wenigen  AG&#8217;S mit Anmeldung und Anwesenheits&#8220;pflicht&#8220;. Da immer zielf\u00fchrend auf einen Auftritt hin geprobt wird, ist es wichtig die Kinder verl\u00e4sslich mit ein binden zu k\u00f6nnen. Es werden St\u00fccke zusammen geschrieben, erarbeitet und auch die Kulissen werden zusammen mit Frau Patzer und Frau Krahmer H\u00fctzen gestaltet. Diese werden musikalisch von unserer Schulband begleitet.<\/p>\n<\/div><\/div>\n\n\n\n<div class=\"wp-block-media-text alignwide is-stacked-on-mobile\" style=\"grid-template-columns:23% auto\"><figure class=\"wp-block-media-text__media\"><img loading=\"lazy\" decoding=\"async\" width=\"1024\" height=\"768\" src=\"https:\/\/salvator-schule.de\/wp-content\/uploads\/2020\/04\/P1000173-1-1024x768.jpg\" alt=\"\" class=\"wp-image-6304 size-full\" srcset=\"https:\/\/salvator-schule.de\/wp-content\/uploads\/2020\/04\/P1000173-1-1024x768.jpg 1024w, https:\/\/salvator-schule.de\/wp-content\/uploads\/2020\/04\/P1000173-1-300x225.jpg 300w, https:\/\/salvator-schule.de\/wp-content\/uploads\/2020\/04\/P1000173-1-768x576.jpg 768w, https:\/\/salvator-schule.de\/wp-content\/uploads\/2020\/04\/P1000173-1-1536x1152.jpg 1536w, https:\/\/salvator-schule.de\/wp-content\/uploads\/2020\/04\/P1000173-1-2048x1536.jpg 2048w, https:\/\/salvator-schule.de\/wp-content\/uploads\/2020\/04\/P1000173-1-400x300.jpg 400w\" sizes=\"(max-width: 1024px) 100vw, 1024px\" \/><\/figure><div class=\"wp-block-media-text__content\">\n<p class=\"has-black-color has-very-light-gray-background-color has-text-color has-background has-link-color has-small-font-size wp-elements-16e0f9f472118293099c5e960efd7b71\"><mark style=\"background-color:rgba(0, 0, 0, 0)\" class=\"has-inline-color has-vivid-cyan-blue-color\"><strong>Computer AG:<\/strong><\/mark> Momentan findet keine Computer AG statt, da die PC&#8217;s durch die Stadt ausgetauscht werden. Sobald die neuen Ger\u00e4te installiert werden, k\u00f6nnen wir unser Angebot wieder aufnehmen. Daf\u00fcr gibt es Montags unser offenes <strong>Medien Angebot<\/strong>. Hierzu ist die das Ipad mitzubringen.<\/p>\n\n\n\n<p class=\"has-very-light-gray-background-color has-background has-small-font-size\">(Beginnend mit den Grundlagen des PC-Wissens, \u00fcber das Internet, diverse Office-Anwendungen, Animationsfilme erstellen, bis hin zum ersten Programmieren, f\u00fchren Frau Jaschok, Herr Sommerfeld und Herr Knop spielerisch durch die multimediale Vielfalt.)<\/p>\n<\/div><\/div>\n\n\n\n<div class=\"wp-block-media-text alignwide is-stacked-on-mobile\" style=\"grid-template-columns:23% auto\"><figure class=\"wp-block-media-text__media\"><img loading=\"lazy\" decoding=\"async\" width=\"623\" height=\"459\" src=\"https:\/\/salvator-schule.de\/wp-content\/uploads\/2020\/04\/FussballAG-1.png\" alt=\"\" class=\"wp-image-6311 size-full\" srcset=\"https:\/\/salvator-schule.de\/wp-content\/uploads\/2020\/04\/FussballAG-1.png 623w, https:\/\/salvator-schule.de\/wp-content\/uploads\/2020\/04\/FussballAG-1-300x221.png 300w\" sizes=\"(max-width: 623px) 100vw, 623px\" \/><\/figure><div class=\"wp-block-media-text__content\">\n<p class=\"has-very-light-gray-background-color has-background has-small-font-size\"><mark style=\"background-color:rgba(0, 0, 0, 0)\" class=\"has-inline-color has-vivid-cyan-blue-color\"><strong>Fussball Schulmannschaft<\/strong><\/mark>: Mittwochs um 15 Uhr nach Auswahl. Bei gutem Wetter auf unserem Kunstrasen-Fussballplatz, bei schlechtem Wetter in der Turnhalle; Fussball geht immer. Wir freuen uns, dass wir mit Herrn Zhuta wieder einen Trainer f\u00fcr unsere Fu\u00dfballmannschaft zu haben. <\/p>\n<\/div><\/div>\n\n\n\n<div class=\"wp-block-media-text alignwide is-stacked-on-mobile\" style=\"grid-template-columns:23% auto\"><figure class=\"wp-block-media-text__media\"><img loading=\"lazy\" decoding=\"async\" width=\"1024\" height=\"505\" src=\"https:\/\/salvator-schule.de\/wp-content\/uploads\/2020\/04\/IMG-20190715-WA0004-1024x505.jpg\" alt=\"\" class=\"wp-image-6317 size-full\" srcset=\"https:\/\/salvator-schule.de\/wp-content\/uploads\/2020\/04\/IMG-20190715-WA0004-1024x505.jpg 1024w, https:\/\/salvator-schule.de\/wp-content\/uploads\/2020\/04\/IMG-20190715-WA0004-300x148.jpg 300w, https:\/\/salvator-schule.de\/wp-content\/uploads\/2020\/04\/IMG-20190715-WA0004-768x378.jpg 768w, https:\/\/salvator-schule.de\/wp-content\/uploads\/2020\/04\/IMG-20190715-WA0004-1536x757.jpg 1536w, https:\/\/salvator-schule.de\/wp-content\/uploads\/2020\/04\/IMG-20190715-WA0004.jpg 1599w\" sizes=\"(max-width: 1024px) 100vw, 1024px\" \/><\/figure><div class=\"wp-block-media-text__content\">\n<p class=\"has-very-light-gray-background-color has-background has-small-font-size\"><mark style=\"background-color:rgba(0, 0, 0, 0)\" class=\"has-inline-color has-vivid-cyan-blue-color\"><strong>Leckerm\u00e4ulchen:<\/strong><\/mark> Leider k\u00f6nnen wir dieses Angebot im laufenden Betrieb nicht mehr anbieten, da es r\u00e4umlich zu einer \u00dcberschneidung in der Mensa kommen w\u00fcrde. Wir bieten das Kochen und Backen mit gesunden Zutaten nun in den Ferien an. Zusammen mit Frau Kissels und Frau M\u00fclders wird zusammen geschnibbelt und ger\u00fchrt, um dann letztendlich die Leckerreien zu verspeisen.<\/p>\n<\/div><\/div>\n\n\n\n<div class=\"wp-block-media-text alignwide is-stacked-on-mobile\" style=\"grid-template-columns:23% auto\"><figure class=\"wp-block-media-text__media\"><img loading=\"lazy\" decoding=\"async\" width=\"1024\" height=\"681\" src=\"https:\/\/salvator-schule.de\/wp-content\/uploads\/2020\/04\/N\u00e4hen-1024x681.png\" alt=\"\" class=\"wp-image-6305 size-full\" srcset=\"https:\/\/salvator-schule.de\/wp-content\/uploads\/2020\/04\/N\u00e4hen-1024x681.png 1024w, https:\/\/salvator-schule.de\/wp-content\/uploads\/2020\/04\/N\u00e4hen-300x199.png 300w, https:\/\/salvator-schule.de\/wp-content\/uploads\/2020\/04\/N\u00e4hen-768x511.png 768w, https:\/\/salvator-schule.de\/wp-content\/uploads\/2020\/04\/N\u00e4hen-1536x1021.png 1536w, https:\/\/salvator-schule.de\/wp-content\/uploads\/2020\/04\/N\u00e4hen-2048x1362.png 2048w\" sizes=\"(max-width: 1024px) 100vw, 1024px\" \/><\/figure><div class=\"wp-block-media-text__content\">\n<p class=\"has-very-light-gray-background-color has-background has-small-font-size\"><mark style=\"background-color:rgba(0, 0, 0, 0)\" class=\"has-inline-color has-vivid-cyan-blue-color\"><strong>N\u00e4h AG:<\/strong><\/mark> Die Kinder lernen unter Anleitung von Frau Kleinschnittger und Frau Jaschok, mit Nadel und Faden umzugehen, Schablonen herzustellen und den Stoff zuzuschneiden. Sp\u00e4ter werden die Kinder mit der N\u00e4hmaschine vertraut gemacht,  k\u00f6nnen ihren N\u00e4hf\u00fchrerschein erwerben und dann etwas Aufw\u00e4ndigeres n\u00e4hen.<\/p>\n<\/div><\/div>\n\n\n\n<div class=\"wp-block-media-text alignwide is-stacked-on-mobile\" style=\"grid-template-columns:23% auto\"><figure class=\"wp-block-media-text__media\"><img loading=\"lazy\" decoding=\"async\" width=\"502\" height=\"629\" src=\"https:\/\/salvator-schule.de\/wp-content\/uploads\/2020\/04\/Bienen-Natur.png\" alt=\"\" class=\"wp-image-6337 size-full\" srcset=\"https:\/\/salvator-schule.de\/wp-content\/uploads\/2020\/04\/Bienen-Natur.png 502w, https:\/\/salvator-schule.de\/wp-content\/uploads\/2020\/04\/Bienen-Natur-239x300.png 239w\" sizes=\"(max-width: 502px) 100vw, 502px\" \/><\/figure><div class=\"wp-block-media-text__content\">\n<p class=\"has-very-light-gray-background-color has-background has-small-font-size\"><strong><mark style=\"background-color:rgba(0, 0, 0, 0)\" class=\"has-inline-color has-vivid-cyan-blue-color\">Naturf\u00fcchse<\/mark>:<\/strong> Bei gutem Wetter geht es raus in die Natur: in den Garten oder in den Wald. Bei schlechtem Wetter wird drinnen geforscht. Frau Horbach vermittelt Naturwissenschaft zum Anfassen.<\/p>\n<\/div><\/div>\n\n\n\n<div class=\"wp-block-media-text alignwide is-stacked-on-mobile\" style=\"grid-template-columns:23% auto\"><figure class=\"wp-block-media-text__media\"><img loading=\"lazy\" decoding=\"async\" width=\"1024\" height=\"768\" src=\"https:\/\/salvator-schule.de\/wp-content\/uploads\/2020\/04\/IMG-20190416-WA0001-1024x768.jpg\" alt=\"\" class=\"wp-image-6306 size-full\" srcset=\"https:\/\/salvator-schule.de\/wp-content\/uploads\/2020\/04\/IMG-20190416-WA0001-1024x768.jpg 1024w, https:\/\/salvator-schule.de\/wp-content\/uploads\/2020\/04\/IMG-20190416-WA0001-300x225.jpg 300w, https:\/\/salvator-schule.de\/wp-content\/uploads\/2020\/04\/IMG-20190416-WA0001-768x576.jpg 768w, https:\/\/salvator-schule.de\/wp-content\/uploads\/2020\/04\/IMG-20190416-WA0001-1536x1152.jpg 1536w, https:\/\/salvator-schule.de\/wp-content\/uploads\/2020\/04\/IMG-20190416-WA0001-400x300.jpg 400w, https:\/\/salvator-schule.de\/wp-content\/uploads\/2020\/04\/IMG-20190416-WA0001.jpg 1600w\" sizes=\"(max-width: 1024px) 100vw, 1024px\" \/><\/figure><div class=\"wp-block-media-text__content\">\n<p class=\"has-very-light-gray-background-color has-background has-small-font-size\"><mark style=\"background-color:rgba(0, 0, 0, 0)\" class=\"has-inline-color has-vivid-cyan-blue-color\"><strong>Spiel, Sport &amp; Spa\u00df AG:<\/strong><\/mark> Hier wird getobt, gespielt, gebaut, gehangelt, geworfen, \u00fcberlegt, aufeinander aufgepasst, gemeinsam Strategien entwickelt, beobachtet, gechillt&#8230; Gecoacht wird die Truppe von Herrn Zhuta und Herrn Sommerfeld.<\/p>\n<\/div><\/div>\n\n\n\n<div class=\"wp-block-media-text alignwide is-stacked-on-mobile\" style=\"grid-template-columns:23% auto\"><figure class=\"wp-block-media-text__media\"><img loading=\"lazy\" decoding=\"async\" width=\"1024\" height=\"680\" src=\"https:\/\/salvator-schule.de\/wp-content\/uploads\/2020\/04\/Viertkl\u00e4ssler-AG-1024x680.png\" alt=\"\" class=\"wp-image-6307 size-full\" srcset=\"https:\/\/salvator-schule.de\/wp-content\/uploads\/2020\/04\/Viertkl\u00e4ssler-AG-1024x680.png 1024w, https:\/\/salvator-schule.de\/wp-content\/uploads\/2020\/04\/Viertkl\u00e4ssler-AG-300x199.png 300w, https:\/\/salvator-schule.de\/wp-content\/uploads\/2020\/04\/Viertkl\u00e4ssler-AG-768x510.png 768w, https:\/\/salvator-schule.de\/wp-content\/uploads\/2020\/04\/Viertkl\u00e4ssler-AG-1536x1020.png 1536w, https:\/\/salvator-schule.de\/wp-content\/uploads\/2020\/04\/Viertkl\u00e4ssler-AG-2048x1360.png 2048w\" sizes=\"(max-width: 1024px) 100vw, 1024px\" \/><\/figure><div class=\"wp-block-media-text__content\">\n<p class=\"has-very-light-gray-background-color has-background has-small-font-size\"><mark style=\"background-color:rgba(0, 0, 0, 0)\" class=\"has-inline-color has-vivid-cyan-blue-color\"><strong>Viertkl\u00e4ssler AG:<\/strong><\/mark>\u00a0 Am Anfang entscheiden wir, zusammen mit Frau Konstantin und Frau Schwanitz und Frau Kn\u00f6chel, was wir in diesem Jahr so machen. So haben wir uns z.B. Spiele ohne Grenzen ausgedacht und werden wieder eine Party organisieren. Manchmal wird einfach gechillt&#8230;..<\/p>\n\n\n\n<p><\/p>\n<\/div><\/div>\n\n\n\n<div class=\"wp-block-media-text alignwide is-stacked-on-mobile\" style=\"grid-template-columns:23% auto\"><figure class=\"wp-block-media-text__media\"><img loading=\"lazy\" decoding=\"async\" width=\"1024\" height=\"768\" src=\"https:\/\/salvator-schule.de\/wp-content\/uploads\/2020\/04\/P1000150-1024x768.jpg\" alt=\"\" class=\"wp-image-6282 size-full\" srcset=\"https:\/\/salvator-schule.de\/wp-content\/uploads\/2020\/04\/P1000150-1024x768.jpg 1024w, https:\/\/salvator-schule.de\/wp-content\/uploads\/2020\/04\/P1000150-300x225.jpg 300w, https:\/\/salvator-schule.de\/wp-content\/uploads\/2020\/04\/P1000150-768x576.jpg 768w, https:\/\/salvator-schule.de\/wp-content\/uploads\/2020\/04\/P1000150-1536x1152.jpg 1536w, https:\/\/salvator-schule.de\/wp-content\/uploads\/2020\/04\/P1000150-2048x1536.jpg 2048w, https:\/\/salvator-schule.de\/wp-content\/uploads\/2020\/04\/P1000150-400x300.jpg 400w\" sizes=\"(max-width: 1024px) 100vw, 1024px\" \/><\/figure><div class=\"wp-block-media-text__content\">\n<p class=\"has-very-light-gray-background-color has-background has-small-font-size\"><strong><mark style=\"background-color:rgba(0, 0, 0, 0)\" class=\"has-inline-color has-vivid-cyan-blue-color\">Offenes Atelier:<\/mark><\/strong> In unserer Kreativwerkstatt kann gebastelt, gemalt oder gewerkelt werden. Es gibt immer einige Angebote, zudem k\u00f6nnen die Kinder im Malbereich  mit den verschiedensten Werkstoffen ihrer Kreativit\u00e4t freien Raum zu lassen.<\/p>\n<\/div><\/div>\n\n\n\n<div style=\"height:100px\" aria-hidden=\"true\" class=\"wp-block-spacer\"><\/div>\n\n\n\n<p class=\"has-text-align-center has-small-font-size\">\u00c4nderungen vorbehalten<\/p>\n","protected":false},"excerpt":{"rendered":"<p>Unser freiwilliges Angebot der AGs findet weitestgehend wie geplant statt. Sollten sich jedoch \u00c4nderungen in der Tagessituation ergeben, m\u00fcssen wir die AGs entsprechend anpassen, um die weitere gute Betreuung zu gew\u00e4hrleisten. AG \u00dcbersicht Montag Dienstag Mittwoch Donnerstag Freitag Ruhepol Ruhepol Ruhepol Ruhepol Ruhepol Spiel, Sport, Spa\u00df Spiel, Sport, Spa\u00df Spiel, Sport, Spa\u00df Spiel, Sport, Spa\u00df [&hellip;]<\/p>\n","protected":false},"author":3,"featured_media":0,"parent":65,"menu_order":4,"comment_status":"closed","ping_status":"closed","template":"","meta":{"_uag_custom_page_level_css":"","footnotes":""},"class_list":["post-116","page","type-page","status-publish","hentry"],"uagb_featured_image_src":{"full":false,"thumbnail":false,"medium":false,"medium_large":false,"large":false,"1536x1536":false,"2048x2048":false,"post-thumbnail":false,"evolve-post-thumbnail":false,"evolve-slider-thumbnail":false,"evolve-tabs-img":false,"evolve-testimonial-avatar":false},"uagb_author_info":{"display_name":"Roesner","author_link":"https:\/\/salvator-schule.de\/?author=3"},"uagb_comment_info":0,"uagb_excerpt":"Unser freiwilliges Angebot der AGs findet weitestgehend wie geplant statt. Sollten sich jedoch \u00c4nderungen in der Tagessituation ergeben, m\u00fcssen wir die AGs entsprechend anpassen, um die weitere gute Betreuung zu gew\u00e4hrleisten. AG \u00dcbersicht Montag Dienstag Mittwoch Donnerstag Freitag Ruhepol Ruhepol Ruhepol Ruhepol Ruhepol Spiel, Sport, Spa\u00df Spiel, Sport, Spa\u00df Spiel, Sport, Spa\u00df Spiel, Sport, Spa\u00df&hellip;","_links":{"self":[{"href":"https:\/\/salvator-schule.de\/index.php?rest_route=\/wp\/v2\/pages\/116"}],"collection":[{"href":"https:\/\/salvator-schule.de\/index.php?rest_route=\/wp\/v2\/pages"}],"about":[{"href":"https:\/\/salvator-schule.de\/index.php?rest_route=\/wp\/v2\/types\/page"}],"author":[{"embeddable":true,"href":"https:\/\/salvator-schule.de\/index.php?rest_route=\/wp\/v2\/users\/3"}],"replies":[{"embeddable":true,"href":"https:\/\/salvator-schule.de\/index.php?rest_route=%2Fwp%2Fv2%2Fcomments&post=116"}],"version-history":[{"count":66,"href":"https:\/\/salvator-schule.de\/index.php?rest_route=\/wp\/v2\/pages\/116\/revisions"}],"predecessor-version":[{"id":10730,"href":"https:\/\/salvator-schule.de\/index.php?rest_route=\/wp\/v2\/pages\/116\/revisions\/10730"}],"up":[{"embeddable":true,"href":"https:\/\/salvator-schule.de\/index.php?rest_route=\/wp\/v2\/pages\/65"}],"wp:attachment":[{"href":"https:\/\/salvator-schule.de\/index.php?rest_route=%2Fwp%2Fv2%2Fmedia&parent=116"}],"curies":[{"name":"wp","href":"https:\/\/api.w.org\/{rel}","templated":true}]}}