{"id":122,"date":"2016-08-30T16:51:16","date_gmt":"2016-08-30T16:51:16","guid":{"rendered":"http:\/\/wordpress.salvator-schule.de\/?page_id=122"},"modified":"2021-04-21T11:14:24","modified_gmt":"2021-04-21T11:14:24","slug":"projekte","status":"publish","type":"page","link":"https:\/\/salvator-schule.de\/?page_id=122","title":{"rendered":"Projekte"},"content":{"rendered":"\n<p>Bei uns ist immer viel los! Schaut doch selber rein und klickt auf die Links neben den Fotos:<\/p>\n\n\n\n<p class=\"has-medium-font-size\"><strong>2021<\/strong><\/p>\n\n\n\n<div class=\"wp-block-media-text alignwide is-stacked-on-mobile has-cyan-bluish-gray-background-color has-background\" style=\"grid-template-columns:31% auto\"><figure class=\"wp-block-media-text__media\"><img loading=\"lazy\" decoding=\"async\" width=\"1024\" height=\"683\" src=\"https:\/\/salvator-schule.de\/wp-content\/uploads\/2021\/04\/IMG_4699-1024x683.jpg\" alt=\"\" class=\"wp-image-7590 size-full\" srcset=\"https:\/\/salvator-schule.de\/wp-content\/uploads\/2021\/04\/IMG_4699-1024x683.jpg 1024w, https:\/\/salvator-schule.de\/wp-content\/uploads\/2021\/04\/IMG_4699-300x200.jpg 300w, https:\/\/salvator-schule.de\/wp-content\/uploads\/2021\/04\/IMG_4699-768x512.jpg 768w, https:\/\/salvator-schule.de\/wp-content\/uploads\/2021\/04\/IMG_4699-1536x1024.jpg 1536w, https:\/\/salvator-schule.de\/wp-content\/uploads\/2021\/04\/IMG_4699-2048x1365.jpg 2048w\" sizes=\"(max-width: 1024px) 100vw, 1024px\" \/><\/figure><div class=\"wp-block-media-text__content\">\n<p style=\"font-size:15px\"><a href=\"https:\/\/salvator-schule.de\/?page_id=7592\" target=\"_blank\" rel=\"noreferrer noopener\">Umwelt<\/a><\/p>\n\n\n\n<p>Diverse Umweltthemen werden mit den Kindern im Laufe des Jahres spielerisch thematisiert und experimentell erforscht. Hier findet ihr Rezepte zum Nachmachen.<\/p>\n<\/div><\/div>\n\n\n\n<h4 class=\"wp-block-heading\">2020<\/h4>\n\n\n\n<p><\/p>\n\n\n\n<div class=\"wp-block-media-text alignwide has-media-on-the-right is-stacked-on-mobile has-cyan-bluish-gray-background-color has-background\" style=\"grid-template-columns:auto 23%\"><figure class=\"wp-block-media-text__media\"><img loading=\"lazy\" decoding=\"async\" width=\"768\" height=\"1024\" src=\"http:\/\/salvator-schule.de\/wp-content\/uploads\/2020\/04\/FFFF1EBC-3727-4C68-B37F-E2161E0DB258-768x1024.jpeg\" alt=\"\" class=\"wp-image-6451 size-full\" srcset=\"https:\/\/salvator-schule.de\/wp-content\/uploads\/2020\/04\/FFFF1EBC-3727-4C68-B37F-E2161E0DB258-768x1024.jpeg 768w, https:\/\/salvator-schule.de\/wp-content\/uploads\/2020\/04\/FFFF1EBC-3727-4C68-B37F-E2161E0DB258-225x300.jpeg 225w, https:\/\/salvator-schule.de\/wp-content\/uploads\/2020\/04\/FFFF1EBC-3727-4C68-B37F-E2161E0DB258-1152x1536.jpeg 1152w, https:\/\/salvator-schule.de\/wp-content\/uploads\/2020\/04\/FFFF1EBC-3727-4C68-B37F-E2161E0DB258.jpeg 1200w\" sizes=\"(max-width: 768px) 100vw, 768px\" \/><\/figure><div class=\"wp-block-media-text__content\">\n<p class=\"has-text-align-left\" style=\"font-size:15px\"><a rel=\"noreferrer noopener\" href=\"https:\/\/salvator-schule.de\/?page_id=6425\" target=\"_blank\">Renovierung Villa Kunterbunt <\/a><\/p>\n\n\n\n<p>Unsere etwas in die Jahre gekommene Villa erstrahlt nun wieder in neuem Glanz!<\/p>\n\n\n\n<p><\/p>\n<\/div><\/div>\n\n\n\n<p><\/p>\n\n\n\n<h4 class=\"wp-block-heading\">2019<\/h4>\n\n\n\n<p><\/p>\n\n\n\n<div class=\"wp-block-media-text alignwide is-stacked-on-mobile has-cyan-bluish-gray-background-color has-background\"><figure class=\"wp-block-media-text__media\"><img loading=\"lazy\" decoding=\"async\" width=\"1024\" height=\"576\" src=\"https:\/\/salvator-schule.de\/wp-content\/uploads\/2020\/04\/IMG-20191015-WA0011-1024x576.jpg\" alt=\"\" class=\"wp-image-6542 size-full\" srcset=\"https:\/\/salvator-schule.de\/wp-content\/uploads\/2020\/04\/IMG-20191015-WA0011-1024x576.jpg 1024w, https:\/\/salvator-schule.de\/wp-content\/uploads\/2020\/04\/IMG-20191015-WA0011-300x169.jpg 300w, https:\/\/salvator-schule.de\/wp-content\/uploads\/2020\/04\/IMG-20191015-WA0011-768x432.jpg 768w, https:\/\/salvator-schule.de\/wp-content\/uploads\/2020\/04\/IMG-20191015-WA0011-1536x864.jpg 1536w, https:\/\/salvator-schule.de\/wp-content\/uploads\/2020\/04\/IMG-20191015-WA0011.jpg 1600w\" sizes=\"(max-width: 1024px) 100vw, 1024px\" \/><\/figure><div class=\"wp-block-media-text__content\">\n<p><a href=\"https:\/\/salvator-schule.de\/?p=6545\" target=\"_blank\" rel=\"noreferrer noopener\">Pferde, Ponys <\/a>und alles was dazu geh\u00f6rt&#8230;<\/p>\n<\/div><\/div>\n\n\n\n<p><\/p>\n\n\n\n<div class=\"wp-block-media-text alignwide is-stacked-on-mobile has-cyan-bluish-gray-background-color has-background\" style=\"grid-template-columns:51% auto\"><figure class=\"wp-block-media-text__media\"><img loading=\"lazy\" decoding=\"async\" width=\"1024\" height=\"486\" src=\"https:\/\/salvator-schule.de\/wp-content\/uploads\/2020\/04\/Nico-Wahlplakat-1024x486.png\" alt=\"\" class=\"wp-image-6446 size-full\" srcset=\"https:\/\/salvator-schule.de\/wp-content\/uploads\/2020\/04\/Nico-Wahlplakat-1024x486.png 1024w, https:\/\/salvator-schule.de\/wp-content\/uploads\/2020\/04\/Nico-Wahlplakat-300x142.png 300w, https:\/\/salvator-schule.de\/wp-content\/uploads\/2020\/04\/Nico-Wahlplakat-768x364.png 768w, https:\/\/salvator-schule.de\/wp-content\/uploads\/2020\/04\/Nico-Wahlplakat.png 1416w\" sizes=\"(max-width: 1024px) 100vw, 1024px\" \/><\/figure><div class=\"wp-block-media-text__content\">\n<p><a rel=\"noreferrer noopener\" href=\"https:\/\/salvator-schule.de\/?page_id=6466\" target=\"_blank\">Politik zum Anfassen<\/a><\/p>\n\n\n\n<p>Ein Ferienprojekt der besonderen Art.<\/p>\n<\/div><\/div>\n\n\n\n<p><\/p>\n\n\n\n<h4 class=\"wp-block-heading\">2018<\/h4>\n\n\n\n<p><\/p>\n\n\n\n<div class=\"wp-block-media-text alignwide has-media-on-the-right is-stacked-on-mobile has-cyan-bluish-gray-background-color has-background\" style=\"grid-template-columns:auto 44%\"><figure class=\"wp-block-media-text__media\"><img loading=\"lazy\" decoding=\"async\" width=\"200\" height=\"134\" src=\"http:\/\/salvator-schule.de\/wp-content\/uploads\/2020\/04\/Amphitheater.png\" alt=\"\" class=\"wp-image-6460 size-full\"\/><\/figure><div class=\"wp-block-media-text__content\">\n<p>Zur Er\u00f6ffnung des gr\u00fcnen Klassenzimmers, gl\u00e4nzten die OGS Kinder in einem Theaterst\u00fcck mit selbstgeschriebenem Drehbuch. <a href=\"http:\/\/salvator-schule.de\/wp-content\/uploads\/2016\/08\/D3-Hurra-Hurra-die-Schule-brennt-Drehbuch.pdf\">d3-hurra-hurra-die-schule-brennt-drehbuch<\/a><\/p>\n<\/div><\/div>\n\n\n\n<p><\/p>\n\n\n\n<h4 class=\"wp-block-heading\"><\/h4>\n","protected":false},"excerpt":{"rendered":"<p>Bei uns ist immer viel los! Schaut doch selber rein und klickt auf die Links neben den Fotos: 2021 Umwelt Diverse Umweltthemen werden mit den Kindern im Laufe des Jahres spielerisch thematisiert und experimentell erforscht. Hier findet ihr Rezepte zum Nachmachen. 2020 Renovierung Villa Kunterbunt Unsere etwas in die Jahre gekommene Villa erstrahlt nun wieder [&hellip;]<\/p>\n","protected":false},"author":3,"featured_media":6423,"parent":65,"menu_order":6,"comment_status":"closed","ping_status":"closed","template":"","meta":{"_uag_custom_page_level_css":"","footnotes":""},"class_list":["post-122","page","type-page","status-publish","has-post-thumbnail","hentry"],"uagb_featured_image_src":{"full":["https:\/\/salvator-schule.de\/wp-content\/uploads\/2020\/04\/IMG-20200324-WA00201.jpg",1600,800,false],"thumbnail":["https:\/\/salvator-schule.de\/wp-content\/uploads\/2020\/04\/IMG-20200324-WA00201-150x150.jpg",150,150,true],"medium":["https:\/\/salvator-schule.de\/wp-content\/uploads\/2020\/04\/IMG-20200324-WA00201-300x150.jpg",300,150,true],"medium_large":["https:\/\/salvator-schule.de\/wp-content\/uploads\/2020\/04\/IMG-20200324-WA00201-768x384.jpg",768,384,true],"large":["https:\/\/salvator-schule.de\/wp-content\/uploads\/2020\/04\/IMG-20200324-WA00201-1024x512.jpg",955,478,true],"1536x1536":["https:\/\/salvator-schule.de\/wp-content\/uploads\/2020\/04\/IMG-20200324-WA00201-1536x768.jpg",1536,768,true],"2048x2048":["https:\/\/salvator-schule.de\/wp-content\/uploads\/2020\/04\/IMG-20200324-WA00201.jpg",1600,800,false],"post-thumbnail":["https:\/\/salvator-schule.de\/wp-content\/uploads\/2020\/04\/IMG-20200324-WA00201-680x330.jpg",680,330,true],"evolve-post-thumbnail":["https:\/\/salvator-schule.de\/wp-content\/uploads\/2020\/04\/IMG-20200324-WA00201-680x330.jpg",680,330,true],"evolve-slider-thumbnail":["https:\/\/salvator-schule.de\/wp-content\/uploads\/2020\/04\/IMG-20200324-WA00201-400x300.jpg",400,300,true],"evolve-tabs-img":["https:\/\/salvator-schule.de\/wp-content\/uploads\/2020\/04\/IMG-20200324-WA00201-50x50.jpg",50,50,true],"evolve-testimonial-avatar":["https:\/\/salvator-schule.de\/wp-content\/uploads\/2020\/04\/IMG-20200324-WA00201-80x80.jpg",80,80,true]},"uagb_author_info":{"display_name":"Roesner","author_link":"https:\/\/salvator-schule.de\/?author=3"},"uagb_comment_info":0,"uagb_excerpt":"Bei uns ist immer viel los! Schaut doch selber rein und klickt auf die Links neben den Fotos: 2021 Umwelt Diverse Umweltthemen werden mit den Kindern im Laufe des Jahres spielerisch thematisiert und experimentell erforscht. Hier findet ihr Rezepte zum Nachmachen. 2020 Renovierung Villa Kunterbunt Unsere etwas in die Jahre gekommene Villa erstrahlt nun wieder&hellip;","_links":{"self":[{"href":"https:\/\/salvator-schule.de\/index.php?rest_route=\/wp\/v2\/pages\/122"}],"collection":[{"href":"https:\/\/salvator-schule.de\/index.php?rest_route=\/wp\/v2\/pages"}],"about":[{"href":"https:\/\/salvator-schule.de\/index.php?rest_route=\/wp\/v2\/types\/page"}],"author":[{"embeddable":true,"href":"https:\/\/salvator-schule.de\/index.php?rest_route=\/wp\/v2\/users\/3"}],"replies":[{"embeddable":true,"href":"https:\/\/salvator-schule.de\/index.php?rest_route=%2Fwp%2Fv2%2Fcomments&post=122"}],"version-history":[{"count":30,"href":"https:\/\/salvator-schule.de\/index.php?rest_route=\/wp\/v2\/pages\/122\/revisions"}],"predecessor-version":[{"id":7622,"href":"https:\/\/salvator-schule.de\/index.php?rest_route=\/wp\/v2\/pages\/122\/revisions\/7622"}],"up":[{"embeddable":true,"href":"https:\/\/salvator-schule.de\/index.php?rest_route=\/wp\/v2\/pages\/65"}],"wp:featuredmedia":[{"embeddable":true,"href":"https:\/\/salvator-schule.de\/index.php?rest_route=\/wp\/v2\/media\/6423"}],"wp:attachment":[{"href":"https:\/\/salvator-schule.de\/index.php?rest_route=%2Fwp%2Fv2%2Fmedia&parent=122"}],"curies":[{"name":"wp","href":"https:\/\/api.w.org\/{rel}","templated":true}]}}