{"id":124,"date":"2016-08-30T16:51:55","date_gmt":"2016-08-30T16:51:55","guid":{"rendered":"http:\/\/wordpress.salvator-schule.de\/?page_id=124"},"modified":"2026-03-10T14:42:57","modified_gmt":"2026-03-10T14:42:57","slug":"aktuelles","status":"publish","type":"page","link":"https:\/\/salvator-schule.de\/?page_id=124","title":{"rendered":"Ferien"},"content":{"rendered":"\n<p>In den Ferien stehen Spiel, Sport und Spass im Vordergrund und wir \u00fcberlegen uns im Vorfeld ein tolles Programm. Dieses wird in den Sommerferien mit der Anmeldung bekannt gegeben. In den Herbst- und Osterferien sind wir flexibler und k\u00f6nnen die Angebote tagesaktuell mit den Kindern gestalten.<\/p>\n\n\n\n<p>Vor Ort gibt es viele Kreativ- und Sport-Angebote. Wir unternehmen Ausfl\u00fcge (Sommerferien) und Excursionen. Unser &#8222;Kinderrestaurant&#8220; bietet besonderes Wunschessen (hier wurden die Kinderw\u00fcnsche \u00fcber das Jahr gesammelt&#8230;).<\/p>\n\n\n\n<p><\/p>\n\n\n\n<p class=\"has-background has-pale-cyan-blue-background-color\">Bitte geben Sie den Kindern Badesachen, Handt\u00fccher, Wechselkleidung, Sonnenschutz, Sonnencreme sowie ein Fr\u00fchst\u00fcck mit. In den Ferien d\u00fcrfen die Kinder auf dem Schulhof auch mit dem Fahrrad, Inlinern, Rollern, Einr\u00e4dern&#8230; fahren. Bitte immer einen Helm und ggfs. Schutzbekleidung mitgeben.<\/p>\n\n\n\n<p class=\"has-vivid-red-color has-text-color\">Die Anmeldung f\u00fcr die Ferien erfolgt online \u00fcber das Format &#8222;Forms&#8220;. Sie erhalten einige Wochen vor den Ferien eine email mit dem entsprechenden Link. Bitte beachten sie hier die Abgabefrist. Alle Kinder die fristgerecht angemeldet wurden, erhalten sicher einen Platz. <\/p>\n\n\n\n<p class=\"has-white-color has-text-color\"><\/p>\n\n\n\n<figure class=\"wp-block-image size-large is-resized\"><img loading=\"lazy\" decoding=\"async\" width=\"1014\" height=\"714\" src=\"https:\/\/salvator-schule.de\/wp-content\/uploads\/2020\/04\/Ferien-aus-Zeitung.png\" alt=\"\" class=\"wp-image-6145\" style=\"width:686px;height:483px\" srcset=\"https:\/\/salvator-schule.de\/wp-content\/uploads\/2020\/04\/Ferien-aus-Zeitung.png 1014w, https:\/\/salvator-schule.de\/wp-content\/uploads\/2020\/04\/Ferien-aus-Zeitung-300x211.png 300w, https:\/\/salvator-schule.de\/wp-content\/uploads\/2020\/04\/Ferien-aus-Zeitung-768x541.png 768w\" sizes=\"(max-width: 1014px) 100vw, 1014px\" \/><figcaption class=\"wp-element-caption\"><strong>Eine Auswahl der Sommerferienangebote der letzten Jahre<\/strong>.<\/figcaption><\/figure>\n\n\n\n<figure class=\"wp-block-image size-large is-resized\"><img loading=\"lazy\" decoding=\"async\" width=\"1024\" height=\"576\" src=\"https:\/\/salvator-schule.de\/wp-content\/uploads\/2020\/04\/\u00dcbersicht-Oster-Herbstferien-1024x576.png\" alt=\"\" class=\"wp-image-6148\" style=\"width:1024px;height:576px\" srcset=\"https:\/\/salvator-schule.de\/wp-content\/uploads\/2020\/04\/\u00dcbersicht-Oster-Herbstferien-1024x576.png 1024w, https:\/\/salvator-schule.de\/wp-content\/uploads\/2020\/04\/\u00dcbersicht-Oster-Herbstferien-300x169.png 300w, https:\/\/salvator-schule.de\/wp-content\/uploads\/2020\/04\/\u00dcbersicht-Oster-Herbstferien-768x432.png 768w, https:\/\/salvator-schule.de\/wp-content\/uploads\/2020\/04\/\u00dcbersicht-Oster-Herbstferien.png 1280w\" sizes=\"(max-width: 1024px) 100vw, 1024px\" \/><figcaption class=\"wp-element-caption\"><strong>In <a aria-label=\"Zusammenarbeit mit den Kindern (\u00f6ffnet in neuem Tab)\" href=\"https:\/\/salvator-schule.de\/?page_id=120\" target=\"_blank\" rel=\"noreferrer noopener\">Zusammenarbeit mit den Kindern<\/a> \u00fcberlegen wir Aktivit\u00e4ten f\u00fcr die Ferien.<\/strong> <br><strong>Hier eine Auswahl.<\/strong><\/figcaption><\/figure>\n\n\n\n<p class=\"has-luminous-vivid-amber-color has-light-green-cyan-background-color has-text-color has-background has-link-color has-medium-font-size wp-elements-33095053e7a4f10da4512110122212a9\">Sommerferien 2024\/2025<\/p>\n\n\n\n<p class=\"has-black-color has-text-color has-link-color has-medium-font-size wp-elements-f2214e6c26bb554642cd8feb6b50eb26\">Es waren wundersch\u00f6ne 3 Ferienwochen und wir haben sie alle sehr genossen. Wir hoffen, dass f\u00fcr jeden etwas dabei war. Bei den Ausfl\u00fcgen hat der Wettergott ja (weitestgehend) mitgespielt. Die Ausflugsziele waren mit dem Bobbolandia, dem Glessener M\u00fchlenhof und dem Bubenheimer Spieleland breit gef\u00e4chert und haben wirklich viel Spa\u00df gemacht. Unser Naturatelier war ein voller Erfolg und es war erstaunlich, wie kreativ die Kinder wurden. Das Plottern ist sehr gut angenommen worden und wird sicher nicht das letzte Mal gewesen sein. Beim ausprobieren diverser Instrumente, war (zumindest was die Lautst\u00e4rke betraf) das Saxophon der Renner. Donnerstag kamen die Sp\u00fcrnasen mit dem Escape Room und der Schnitzeljagd auf ihre Kosten und Freitags haben wir die Woche mit der Beach Party ausklingen lassen. Hier hat das Wetter leider nicht so mitgespielt, dies hat aber keinesfalls den Spa\u00dffaktor gesenkt\u2026..<\/p>\n\n\n\n<p class=\"has-black-color has-pale-cyan-blue-background-color has-text-color has-background has-link-color has-medium-font-size wp-elements-0476b79c42a157a382ffe669643ebb12\">Die OGS w\u00fcnscht allen sch\u00f6ne Ferien!<\/p>\n\n\n\n<div class=\"wp-block-group\"><div class=\"wp-block-group__inner-container is-layout-grid wp-container-core-group-is-layout-2 wp-block-group-is-layout-grid\">\n<div class=\"wp-block-columns is-layout-flex wp-container-core-columns-is-layout-1 wp-block-columns-is-layout-flex\">\n<div class=\"wp-block-column is-layout-flow wp-block-column-is-layout-flow\" style=\"flex-basis:100%\">\n<div class=\"wp-block-group\"><div class=\"wp-block-group__inner-container is-layout-constrained wp-block-group-is-layout-constrained\">\n<figure class=\"wp-block-gallery has-nested-images columns-default is-cropped wp-block-gallery-2 is-layout-flex wp-block-gallery-is-layout-flex\">\n<figure class=\"wp-block-image size-large is-style-rounded\"><a href=\"https:\/\/salvator-schule.de\/wp-content\/uploads\/2025\/08\/IMG_0900.jpeg\"><img loading=\"lazy\" decoding=\"async\" width=\"1024\" height=\"768\" src=\"https:\/\/salvator-schule.de\/wp-content\/uploads\/2025\/08\/IMG_0900.jpeg\" alt=\"\" class=\"wp-image-10621\" srcset=\"https:\/\/salvator-schule.de\/wp-content\/uploads\/2025\/08\/IMG_0900.jpeg 1024w, https:\/\/salvator-schule.de\/wp-content\/uploads\/2025\/08\/IMG_0900-300x225.jpeg 300w, https:\/\/salvator-schule.de\/wp-content\/uploads\/2025\/08\/IMG_0900-768x576.jpeg 768w, https:\/\/salvator-schule.de\/wp-content\/uploads\/2025\/08\/IMG_0900-400x300.jpeg 400w\" sizes=\"(max-width: 1024px) 100vw, 1024px\" \/><\/a><\/figure>\n\n\n\n<figure class=\"wp-block-image size-large\"><a href=\"https:\/\/salvator-schule.de\/wp-content\/uploads\/2025\/08\/IMG_0899.jpeg\"><img loading=\"lazy\" decoding=\"async\" width=\"768\" height=\"1024\" src=\"https:\/\/salvator-schule.de\/wp-content\/uploads\/2025\/08\/IMG_0899.jpeg\" alt=\"\" class=\"wp-image-10616\" srcset=\"https:\/\/salvator-schule.de\/wp-content\/uploads\/2025\/08\/IMG_0899.jpeg 768w, https:\/\/salvator-schule.de\/wp-content\/uploads\/2025\/08\/IMG_0899-225x300.jpeg 225w\" sizes=\"(max-width: 768px) 100vw, 768px\" \/><\/a><\/figure>\n\n\n\n<figure class=\"wp-block-image size-large\"><a href=\"https:\/\/salvator-schule.de\/wp-content\/uploads\/2025\/08\/IMG_0898.jpeg\"><img loading=\"lazy\" decoding=\"async\" width=\"768\" height=\"1024\" src=\"https:\/\/salvator-schule.de\/wp-content\/uploads\/2025\/08\/IMG_0898.jpeg\" alt=\"\" class=\"wp-image-10617\" srcset=\"https:\/\/salvator-schule.de\/wp-content\/uploads\/2025\/08\/IMG_0898.jpeg 768w, https:\/\/salvator-schule.de\/wp-content\/uploads\/2025\/08\/IMG_0898-225x300.jpeg 225w\" sizes=\"(max-width: 768px) 100vw, 768px\" \/><\/a><\/figure>\n\n\n\n<figure class=\"wp-block-image size-large\"><a href=\"https:\/\/salvator-schule.de\/wp-content\/uploads\/2025\/08\/IMG_0897.jpeg\"><img loading=\"lazy\" decoding=\"async\" width=\"768\" height=\"1024\" src=\"https:\/\/salvator-schule.de\/wp-content\/uploads\/2025\/08\/IMG_0897.jpeg\" alt=\"\" class=\"wp-image-10619\" srcset=\"https:\/\/salvator-schule.de\/wp-content\/uploads\/2025\/08\/IMG_0897.jpeg 768w, https:\/\/salvator-schule.de\/wp-content\/uploads\/2025\/08\/IMG_0897-225x300.jpeg 225w\" sizes=\"(max-width: 768px) 100vw, 768px\" \/><\/a><\/figure>\n\n\n\n<figure class=\"wp-block-image size-large\"><a href=\"https:\/\/salvator-schule.de\/wp-content\/uploads\/2025\/08\/IMG_0896.jpeg\"><img loading=\"lazy\" decoding=\"async\" width=\"768\" height=\"1024\" src=\"https:\/\/salvator-schule.de\/wp-content\/uploads\/2025\/08\/IMG_0896.jpeg\" alt=\"\" class=\"wp-image-10618\" srcset=\"https:\/\/salvator-schule.de\/wp-content\/uploads\/2025\/08\/IMG_0896.jpeg 768w, https:\/\/salvator-schule.de\/wp-content\/uploads\/2025\/08\/IMG_0896-225x300.jpeg 225w\" sizes=\"(max-width: 768px) 100vw, 768px\" \/><\/a><\/figure>\n\n\n\n<figure class=\"wp-block-image size-large is-style-rounded wp-duotone-unset-1\"><a href=\"https:\/\/salvator-schule.de\/wp-content\/uploads\/2025\/08\/IMG_0894.jpeg\"><img loading=\"lazy\" decoding=\"async\" width=\"1024\" height=\"768\" src=\"https:\/\/salvator-schule.de\/wp-content\/uploads\/2025\/08\/IMG_0894.jpeg\" alt=\"\" class=\"wp-image-10620\" srcset=\"https:\/\/salvator-schule.de\/wp-content\/uploads\/2025\/08\/IMG_0894.jpeg 1024w, https:\/\/salvator-schule.de\/wp-content\/uploads\/2025\/08\/IMG_0894-300x225.jpeg 300w, https:\/\/salvator-schule.de\/wp-content\/uploads\/2025\/08\/IMG_0894-768x576.jpeg 768w, https:\/\/salvator-schule.de\/wp-content\/uploads\/2025\/08\/IMG_0894-400x300.jpeg 400w\" sizes=\"(max-width: 1024px) 100vw, 1024px\" \/><\/a><\/figure>\n\n\n\n<figure class=\"wp-block-image size-large\"><a href=\"https:\/\/salvator-schule.de\/wp-content\/uploads\/2025\/08\/IMG_0895.jpeg\"><img loading=\"lazy\" decoding=\"async\" width=\"768\" height=\"1024\" src=\"https:\/\/salvator-schule.de\/wp-content\/uploads\/2025\/08\/IMG_0895.jpeg\" alt=\"\" class=\"wp-image-10622\" srcset=\"https:\/\/salvator-schule.de\/wp-content\/uploads\/2025\/08\/IMG_0895.jpeg 768w, https:\/\/salvator-schule.de\/wp-content\/uploads\/2025\/08\/IMG_0895-225x300.jpeg 225w\" sizes=\"(max-width: 768px) 100vw, 768px\" \/><\/a><\/figure>\n<\/figure>\n<\/div><\/div>\n<\/div>\n<\/div>\n\n\n\n<figure class=\"wp-block-gallery has-nested-images columns-default is-cropped wp-block-gallery-3 is-layout-flex wp-block-gallery-is-layout-flex\">\n<figure class=\"wp-block-image size-large\"><a href=\"https:\/\/salvator-schule.de\/wp-content\/uploads\/2025\/08\/IMG_0910.jpeg\"><img loading=\"lazy\" decoding=\"async\" width=\"800\" height=\"360\" src=\"https:\/\/salvator-schule.de\/wp-content\/uploads\/2025\/08\/IMG_0910.jpeg\" alt=\"\" class=\"wp-image-10623\" srcset=\"https:\/\/salvator-schule.de\/wp-content\/uploads\/2025\/08\/IMG_0910.jpeg 800w, https:\/\/salvator-schule.de\/wp-content\/uploads\/2025\/08\/IMG_0910-300x135.jpeg 300w, https:\/\/salvator-schule.de\/wp-content\/uploads\/2025\/08\/IMG_0910-768x346.jpeg 768w\" sizes=\"(max-width: 800px) 100vw, 800px\" \/><\/a><\/figure>\n\n\n\n<figure class=\"wp-block-image size-large\"><a href=\"https:\/\/salvator-schule.de\/wp-content\/uploads\/2025\/08\/IMG_0909.jpeg\"><img loading=\"lazy\" decoding=\"async\" width=\"800\" height=\"600\" src=\"https:\/\/salvator-schule.de\/wp-content\/uploads\/2025\/08\/IMG_0909.jpeg\" alt=\"\" class=\"wp-image-10624\" srcset=\"https:\/\/salvator-schule.de\/wp-content\/uploads\/2025\/08\/IMG_0909.jpeg 800w, https:\/\/salvator-schule.de\/wp-content\/uploads\/2025\/08\/IMG_0909-300x225.jpeg 300w, https:\/\/salvator-schule.de\/wp-content\/uploads\/2025\/08\/IMG_0909-768x576.jpeg 768w, https:\/\/salvator-schule.de\/wp-content\/uploads\/2025\/08\/IMG_0909-400x300.jpeg 400w\" sizes=\"(max-width: 800px) 100vw, 800px\" \/><\/a><\/figure>\n\n\n\n<figure class=\"wp-block-image size-large is-style-rounded\"><a href=\"https:\/\/salvator-schule.de\/wp-content\/uploads\/2025\/08\/IMG_0908.jpeg\"><img loading=\"lazy\" decoding=\"async\" width=\"1024\" height=\"768\" src=\"https:\/\/salvator-schule.de\/wp-content\/uploads\/2025\/08\/IMG_0908.jpeg\" alt=\"\" class=\"wp-image-10625\" srcset=\"https:\/\/salvator-schule.de\/wp-content\/uploads\/2025\/08\/IMG_0908.jpeg 1024w, https:\/\/salvator-schule.de\/wp-content\/uploads\/2025\/08\/IMG_0908-300x225.jpeg 300w, https:\/\/salvator-schule.de\/wp-content\/uploads\/2025\/08\/IMG_0908-768x576.jpeg 768w, https:\/\/salvator-schule.de\/wp-content\/uploads\/2025\/08\/IMG_0908-400x300.jpeg 400w\" sizes=\"(max-width: 1024px) 100vw, 1024px\" \/><\/a><\/figure>\n\n\n\n<figure class=\"wp-block-image size-large\"><a href=\"https:\/\/salvator-schule.de\/wp-content\/uploads\/2025\/08\/IMG_0907.jpeg\"><img loading=\"lazy\" decoding=\"async\" width=\"768\" height=\"1024\" src=\"https:\/\/salvator-schule.de\/wp-content\/uploads\/2025\/08\/IMG_0907.jpeg\" alt=\"\" class=\"wp-image-10626\" srcset=\"https:\/\/salvator-schule.de\/wp-content\/uploads\/2025\/08\/IMG_0907.jpeg 768w, https:\/\/salvator-schule.de\/wp-content\/uploads\/2025\/08\/IMG_0907-225x300.jpeg 225w\" sizes=\"(max-width: 768px) 100vw, 768px\" \/><\/a><\/figure>\n\n\n\n<figure class=\"wp-block-image size-large\"><a href=\"https:\/\/salvator-schule.de\/wp-content\/uploads\/2025\/08\/IMG_0906.jpeg\"><img loading=\"lazy\" decoding=\"async\" width=\"768\" height=\"1024\" src=\"https:\/\/salvator-schule.de\/wp-content\/uploads\/2025\/08\/IMG_0906-768x1024.jpeg\" alt=\"\" class=\"wp-image-10629\" srcset=\"https:\/\/salvator-schule.de\/wp-content\/uploads\/2025\/08\/IMG_0906-768x1024.jpeg 768w, https:\/\/salvator-schule.de\/wp-content\/uploads\/2025\/08\/IMG_0906-225x300.jpeg 225w, https:\/\/salvator-schule.de\/wp-content\/uploads\/2025\/08\/IMG_0906-1152x1536.jpeg 1152w, https:\/\/salvator-schule.de\/wp-content\/uploads\/2025\/08\/IMG_0906.jpeg 1328w\" sizes=\"(max-width: 768px) 100vw, 768px\" \/><\/a><\/figure>\n\n\n\n<figure class=\"wp-block-image size-large\"><a href=\"https:\/\/salvator-schule.de\/wp-content\/uploads\/2025\/08\/IMG_0901.jpeg\"><img loading=\"lazy\" decoding=\"async\" width=\"1024\" height=\"1024\" src=\"https:\/\/salvator-schule.de\/wp-content\/uploads\/2025\/08\/IMG_0901.jpeg\" alt=\"\" class=\"wp-image-10627\" srcset=\"https:\/\/salvator-schule.de\/wp-content\/uploads\/2025\/08\/IMG_0901.jpeg 1024w, https:\/\/salvator-schule.de\/wp-content\/uploads\/2025\/08\/IMG_0901-300x300.jpeg 300w, https:\/\/salvator-schule.de\/wp-content\/uploads\/2025\/08\/IMG_0901-150x150.jpeg 150w, https:\/\/salvator-schule.de\/wp-content\/uploads\/2025\/08\/IMG_0901-768x768.jpeg 768w, https:\/\/salvator-schule.de\/wp-content\/uploads\/2025\/08\/IMG_0901-50x50.jpeg 50w, https:\/\/salvator-schule.de\/wp-content\/uploads\/2025\/08\/IMG_0901-80x80.jpeg 80w\" sizes=\"(max-width: 1024px) 100vw, 1024px\" \/><\/a><\/figure>\n\n\n\n<figure class=\"wp-block-image size-large is-style-rounded\"><a href=\"https:\/\/salvator-schule.de\/wp-content\/uploads\/2025\/08\/IMG_0902.jpeg\"><img loading=\"lazy\" decoding=\"async\" width=\"600\" height=\"800\" src=\"https:\/\/salvator-schule.de\/wp-content\/uploads\/2025\/08\/IMG_0902.jpeg\" alt=\"\" class=\"wp-image-10628\" srcset=\"https:\/\/salvator-schule.de\/wp-content\/uploads\/2025\/08\/IMG_0902.jpeg 600w, https:\/\/salvator-schule.de\/wp-content\/uploads\/2025\/08\/IMG_0902-225x300.jpeg 225w\" sizes=\"(max-width: 600px) 100vw, 600px\" \/><\/a><\/figure>\n\n\n\n<figure class=\"wp-block-image size-large\"><a href=\"https:\/\/salvator-schule.de\/wp-content\/uploads\/2025\/08\/IMG_0903.jpeg\"><img loading=\"lazy\" decoding=\"async\" width=\"768\" height=\"1024\" src=\"https:\/\/salvator-schule.de\/wp-content\/uploads\/2025\/08\/IMG_0903-768x1024.jpeg\" alt=\"\" class=\"wp-image-10631\" srcset=\"https:\/\/salvator-schule.de\/wp-content\/uploads\/2025\/08\/IMG_0903-768x1024.jpeg 768w, https:\/\/salvator-schule.de\/wp-content\/uploads\/2025\/08\/IMG_0903-225x300.jpeg 225w, https:\/\/salvator-schule.de\/wp-content\/uploads\/2025\/08\/IMG_0903-1152x1536.jpeg 1152w, https:\/\/salvator-schule.de\/wp-content\/uploads\/2025\/08\/IMG_0903.jpeg 1328w\" sizes=\"(max-width: 768px) 100vw, 768px\" \/><\/a><\/figure>\n\n\n\n<figure class=\"wp-block-image size-large\"><a href=\"https:\/\/salvator-schule.de\/wp-content\/uploads\/2025\/08\/IMG_0904.jpeg\"><img loading=\"lazy\" decoding=\"async\" width=\"768\" height=\"1024\" src=\"https:\/\/salvator-schule.de\/wp-content\/uploads\/2025\/08\/IMG_0904-768x1024.jpeg\" alt=\"\" class=\"wp-image-10632\" srcset=\"https:\/\/salvator-schule.de\/wp-content\/uploads\/2025\/08\/IMG_0904-768x1024.jpeg 768w, https:\/\/salvator-schule.de\/wp-content\/uploads\/2025\/08\/IMG_0904-225x300.jpeg 225w, https:\/\/salvator-schule.de\/wp-content\/uploads\/2025\/08\/IMG_0904-1152x1536.jpeg 1152w, https:\/\/salvator-schule.de\/wp-content\/uploads\/2025\/08\/IMG_0904.jpeg 1328w\" sizes=\"(max-width: 768px) 100vw, 768px\" \/><\/a><\/figure>\n\n\n\n<figure class=\"wp-block-image size-large\"><a href=\"https:\/\/salvator-schule.de\/wp-content\/uploads\/2025\/08\/IMG_0905.jpeg\"><img loading=\"lazy\" decoding=\"async\" width=\"1024\" height=\"768\" src=\"https:\/\/salvator-schule.de\/wp-content\/uploads\/2025\/08\/IMG_0905-1024x768.jpeg\" alt=\"\" class=\"wp-image-10630\" srcset=\"https:\/\/salvator-schule.de\/wp-content\/uploads\/2025\/08\/IMG_0905-1024x768.jpeg 1024w, https:\/\/salvator-schule.de\/wp-content\/uploads\/2025\/08\/IMG_0905-300x225.jpeg 300w, https:\/\/salvator-schule.de\/wp-content\/uploads\/2025\/08\/IMG_0905-768x576.jpeg 768w, https:\/\/salvator-schule.de\/wp-content\/uploads\/2025\/08\/IMG_0905-1536x1152.jpeg 1536w, https:\/\/salvator-schule.de\/wp-content\/uploads\/2025\/08\/IMG_0905-400x300.jpeg 400w, https:\/\/salvator-schule.de\/wp-content\/uploads\/2025\/08\/IMG_0905.jpeg 1770w\" sizes=\"(max-width: 1024px) 100vw, 1024px\" \/><\/a><\/figure>\n<\/figure>\n<\/div><\/div>\n\n\n\n<p class=\"has-luminous-vivid-orange-color has-pale-cyan-blue-background-color has-text-color has-background has-medium-font-size\">SOMMERFERIEN 2023\/2024 &#8211; Hurra!<\/p>\n\n\n\n<figure class=\"wp-block-gallery has-nested-images columns-default is-cropped wp-block-gallery-4 is-layout-flex wp-block-gallery-is-layout-flex\">\n<figure class=\"wp-block-image size-large\"><a href=\"https:\/\/salvator-schule.de\/wp-content\/uploads\/2024\/07\/Sommerferien2-1.jpg\"><img loading=\"lazy\" decoding=\"async\" width=\"1010\" height=\"1024\" data-id=\"9957\" src=\"https:\/\/salvator-schule.de\/wp-content\/uploads\/2024\/07\/Sommerferien2-1-1010x1024.jpg\" alt=\"\" class=\"wp-image-9957\" srcset=\"https:\/\/salvator-schule.de\/wp-content\/uploads\/2024\/07\/Sommerferien2-1-1010x1024.jpg 1010w, https:\/\/salvator-schule.de\/wp-content\/uploads\/2024\/07\/Sommerferien2-1-296x300.jpg 296w, https:\/\/salvator-schule.de\/wp-content\/uploads\/2024\/07\/Sommerferien2-1-768x778.jpg 768w, https:\/\/salvator-schule.de\/wp-content\/uploads\/2024\/07\/Sommerferien2-1-50x50.jpg 50w, https:\/\/salvator-schule.de\/wp-content\/uploads\/2024\/07\/Sommerferien2-1-80x80.jpg 80w, https:\/\/salvator-schule.de\/wp-content\/uploads\/2024\/07\/Sommerferien2-1.jpg 1496w\" sizes=\"(max-width: 1010px) 100vw, 1010px\" \/><\/a><\/figure>\n\n\n\n<figure class=\"wp-block-image size-large\"><a href=\"https:\/\/salvator-schule.de\/wp-content\/uploads\/2024\/07\/Aquaplay2-scaled.jpg\"><img loading=\"lazy\" decoding=\"async\" width=\"1024\" height=\"768\" data-id=\"9960\" src=\"https:\/\/salvator-schule.de\/wp-content\/uploads\/2024\/07\/Aquaplay2-1024x768.jpg\" alt=\"\" class=\"wp-image-9960\" srcset=\"https:\/\/salvator-schule.de\/wp-content\/uploads\/2024\/07\/Aquaplay2-1024x768.jpg 1024w, https:\/\/salvator-schule.de\/wp-content\/uploads\/2024\/07\/Aquaplay2-300x225.jpg 300w, https:\/\/salvator-schule.de\/wp-content\/uploads\/2024\/07\/Aquaplay2-768x576.jpg 768w, https:\/\/salvator-schule.de\/wp-content\/uploads\/2024\/07\/Aquaplay2-1536x1152.jpg 1536w, https:\/\/salvator-schule.de\/wp-content\/uploads\/2024\/07\/Aquaplay2-2048x1536.jpg 2048w, https:\/\/salvator-schule.de\/wp-content\/uploads\/2024\/07\/Aquaplay2-400x300.jpg 400w\" sizes=\"(max-width: 1024px) 100vw, 1024px\" \/><\/a><\/figure>\n\n\n\n<figure class=\"wp-block-image size-large\"><a href=\"https:\/\/salvator-schule.de\/wp-content\/uploads\/2024\/07\/Aquaplay-1-scaled.jpg\"><img loading=\"lazy\" decoding=\"async\" width=\"754\" height=\"1024\" data-id=\"9959\" src=\"https:\/\/salvator-schule.de\/wp-content\/uploads\/2024\/07\/Aquaplay-1-754x1024.jpg\" alt=\"\" class=\"wp-image-9959\" srcset=\"https:\/\/salvator-schule.de\/wp-content\/uploads\/2024\/07\/Aquaplay-1-754x1024.jpg 754w, https:\/\/salvator-schule.de\/wp-content\/uploads\/2024\/07\/Aquaplay-1-221x300.jpg 221w, https:\/\/salvator-schule.de\/wp-content\/uploads\/2024\/07\/Aquaplay-1-768x1043.jpg 768w, https:\/\/salvator-schule.de\/wp-content\/uploads\/2024\/07\/Aquaplay-1-1131x1536.jpg 1131w, https:\/\/salvator-schule.de\/wp-content\/uploads\/2024\/07\/Aquaplay-1-1508x2048.jpg 1508w, https:\/\/salvator-schule.de\/wp-content\/uploads\/2024\/07\/Aquaplay-1-scaled.jpg 1885w\" sizes=\"(max-width: 754px) 100vw, 754px\" \/><\/a><\/figure>\n\n\n\n<figure class=\"wp-block-image size-large\"><a href=\"https:\/\/salvator-schule.de\/wp-content\/uploads\/2024\/07\/Badespass.jpg\"><img loading=\"lazy\" decoding=\"async\" width=\"891\" height=\"1024\" data-id=\"9958\" src=\"https:\/\/salvator-schule.de\/wp-content\/uploads\/2024\/07\/Badespass-891x1024.jpg\" alt=\"\" class=\"wp-image-9958\" srcset=\"https:\/\/salvator-schule.de\/wp-content\/uploads\/2024\/07\/Badespass-891x1024.jpg 891w, https:\/\/salvator-schule.de\/wp-content\/uploads\/2024\/07\/Badespass-261x300.jpg 261w, https:\/\/salvator-schule.de\/wp-content\/uploads\/2024\/07\/Badespass-768x882.jpg 768w, https:\/\/salvator-schule.de\/wp-content\/uploads\/2024\/07\/Badespass-1337x1536.jpg 1337w, https:\/\/salvator-schule.de\/wp-content\/uploads\/2024\/07\/Badespass.jpg 1530w\" sizes=\"(max-width: 891px) 100vw, 891px\" \/><\/a><\/figure>\n<\/figure>\n\n\n\n<hr class=\"wp-block-separator has-alpha-channel-opacity\"\/>\n\n\n\n<p>Trotz des eher durchwachsenen Wetters waren die ersten beiden Ferienwochen vollgepackt mit tollen Erlebnissen. Wir haben einen Fahrradparcours gebaut, durch Escape Rooms ger\u00e4tselt, Spiele drinnen und draussen gespielt, an unserer eigenen Wasserbahn get\u00fcftelt und einen Pool gebaut. Mal sehen, was die letzte Woche f\u00fcr uns bereit h\u00e4lt&#8230;.<\/p>\n\n\n\n<div class=\"wp-block-media-text alignwide is-stacked-on-mobile\"><figure class=\"wp-block-media-text__media\"><img loading=\"lazy\" decoding=\"async\" width=\"1024\" height=\"768\" src=\"https:\/\/salvator-schule.de\/wp-content\/uploads\/2020\/04\/20180719_143003-1024x768.jpg\" alt=\"\" class=\"wp-image-6500 size-full\" srcset=\"https:\/\/salvator-schule.de\/wp-content\/uploads\/2020\/04\/20180719_143003-1024x768.jpg 1024w, https:\/\/salvator-schule.de\/wp-content\/uploads\/2020\/04\/20180719_143003-300x225.jpg 300w, https:\/\/salvator-schule.de\/wp-content\/uploads\/2020\/04\/20180719_143003-768x576.jpg 768w, https:\/\/salvator-schule.de\/wp-content\/uploads\/2020\/04\/20180719_143003-1536x1152.jpg 1536w, https:\/\/salvator-schule.de\/wp-content\/uploads\/2020\/04\/20180719_143003-2048x1536.jpg 2048w, https:\/\/salvator-schule.de\/wp-content\/uploads\/2020\/04\/20180719_143003-400x300.jpg 400w\" sizes=\"(max-width: 1024px) 100vw, 1024px\" \/><\/figure><div class=\"wp-block-media-text__content\">\n<p><a href=\"https:\/\/salvator-schule.de\/?p=6501\" target=\"_blank\" rel=\"noreferrer noopener\">Sommerferien 2019<\/a><\/p>\n\n\n\n<p>So vielf\u00e4ltig kann der Sommer sein&#8230;<\/p>\n<\/div><\/div>\n\n\n\n<p><\/p>\n\n\n\n<figure class=\"wp-block-pullquote\"><blockquote><p>&#8222;Je l\u00e4nger der Mensch Kind bleibt, desto \u00e4lter wird er.&#8220;<\/p><cite>Novalis<\/cite><\/blockquote><\/figure>\n\n\n\n<p><\/p>\n\n\n\n<figure class=\"wp-block-image size-large\"><img loading=\"lazy\" decoding=\"async\" width=\"503\" height=\"672\" src=\"http:\/\/salvator-schule.de\/wp-content\/uploads\/2020\/04\/Farbe.png\" alt=\"\" class=\"wp-image-6263\" srcset=\"https:\/\/salvator-schule.de\/wp-content\/uploads\/2020\/04\/Farbe.png 503w, https:\/\/salvator-schule.de\/wp-content\/uploads\/2020\/04\/Farbe-225x300.png 225w\" sizes=\"(max-width: 503px) 100vw, 503px\" \/><\/figure>\n","protected":false},"excerpt":{"rendered":"<p>In den Ferien stehen Spiel, Sport und Spass im Vordergrund und wir \u00fcberlegen uns im Vorfeld ein tolles Programm. Dieses wird in den Sommerferien mit der Anmeldung bekannt gegeben. In den Herbst- und Osterferien sind wir flexibler und k\u00f6nnen die Angebote tagesaktuell mit den Kindern gestalten. Vor Ort gibt es viele Kreativ- und Sport-Angebote. Wir [&hellip;]<\/p>\n","protected":false},"author":3,"featured_media":0,"parent":65,"menu_order":7,"comment_status":"closed","ping_status":"closed","template":"","meta":{"_uag_custom_page_level_css":"","footnotes":""},"class_list":["post-124","page","type-page","status-publish","hentry"],"uagb_featured_image_src":{"full":false,"thumbnail":false,"medium":false,"medium_large":false,"large":false,"1536x1536":false,"2048x2048":false,"post-thumbnail":false,"evolve-post-thumbnail":false,"evolve-slider-thumbnail":false,"evolve-tabs-img":false,"evolve-testimonial-avatar":false},"uagb_author_info":{"display_name":"Roesner","author_link":"https:\/\/salvator-schule.de\/?author=3"},"uagb_comment_info":0,"uagb_excerpt":"In den Ferien stehen Spiel, Sport und Spass im Vordergrund und wir \u00fcberlegen uns im Vorfeld ein tolles Programm. Dieses wird in den Sommerferien mit der Anmeldung bekannt gegeben. In den Herbst- und Osterferien sind wir flexibler und k\u00f6nnen die Angebote tagesaktuell mit den Kindern gestalten. Vor Ort gibt es viele Kreativ- und Sport-Angebote. Wir&hellip;","_links":{"self":[{"href":"https:\/\/salvator-schule.de\/index.php?rest_route=\/wp\/v2\/pages\/124"}],"collection":[{"href":"https:\/\/salvator-schule.de\/index.php?rest_route=\/wp\/v2\/pages"}],"about":[{"href":"https:\/\/salvator-schule.de\/index.php?rest_route=\/wp\/v2\/types\/page"}],"author":[{"embeddable":true,"href":"https:\/\/salvator-schule.de\/index.php?rest_route=\/wp\/v2\/users\/3"}],"replies":[{"embeddable":true,"href":"https:\/\/salvator-schule.de\/index.php?rest_route=%2Fwp%2Fv2%2Fcomments&post=124"}],"version-history":[{"count":27,"href":"https:\/\/salvator-schule.de\/index.php?rest_route=\/wp\/v2\/pages\/124\/revisions"}],"predecessor-version":[{"id":11049,"href":"https:\/\/salvator-schule.de\/index.php?rest_route=\/wp\/v2\/pages\/124\/revisions\/11049"}],"up":[{"embeddable":true,"href":"https:\/\/salvator-schule.de\/index.php?rest_route=\/wp\/v2\/pages\/65"}],"wp:attachment":[{"href":"https:\/\/salvator-schule.de\/index.php?rest_route=%2Fwp%2Fv2%2Fmedia&parent=124"}],"curies":[{"name":"wp","href":"https:\/\/api.w.org\/{rel}","templated":true}]}}