{"id":139,"date":"2016-08-30T18:56:49","date_gmt":"2016-08-30T18:56:49","guid":{"rendered":"http:\/\/wordpress.salvator-schule.de\/?page_id=139"},"modified":"2025-10-30T13:59:29","modified_gmt":"2025-10-30T13:59:29","slug":"salvator-abc","status":"publish","type":"page","link":"https:\/\/salvator-schule.de\/?page_id=139","title":{"rendered":"Fragen &#038; Antworten von A-Z"},"content":{"rendered":"<p><strong><span style=\"color: #00ff00;\">A<\/span><\/strong><\/p>\n<p><span style=\"color: #993366;\"><strong>Adventssingen:<\/strong> <span style=\"color: #000000;\">Unser Adventssingen hat Corona bedingt nicht mehr so wie fr\u00fcher stattgefunden, jedoch erfolgte in diesem Jahr jeweils ein gemeinsames Stufensingen und besinnliches Beisammensein.<\/span><\/span><span style=\"color: #008000;\"><a style=\"color: #008000;\" href=\"http:\/\/salvator-schule.de\/wp-content\/uploads\/2016\/08\/Antolin.pdf\"><br \/>\n<\/a><\/span><\/p>\n<p><span style=\"color: #008000;\"><a style=\"color: #008000;\" href=\"http:\/\/salvator-schule.de\/wp-content\/uploads\/2016\/08\/Antolin.pdf\">Antolin: <\/a><\/span>Es motiviert Sch\u00fclerinnen und Sch\u00fcler nachhaltig zum Lesen.<\/p>\n<p><strong><span style=\"color: #993366;\">Aufsicht:<\/span><\/strong> Ihr Kind ist in unserer Schule unter Aufsicht. Vor dem Unterrichtsbeginn besteht ab 7.45 Uhr eine Aufsichtspflicht. Eine Lehrkraft beaufsichtigt die Kinder bis 8.00 Uhr, wenn der Unterricht beginnt. In der ersten gro\u00dfen Pause (9.30-9.50 Uhr) sind zwei Lehrkr\u00e4fte auf dem Schulhof. Zus\u00e4tzlich stehen Ihnen Streitschlichter zur Verf\u00fcgung, die ebenfalls daf\u00fcr sorgen, dass alle Kinder sicher und ohne Streit auf dem Schulhof spielen k\u00f6nnen. In der zweiten Pause (11.35-11.50 Uhr) sind ebenfalls zwei Lehrkr\u00e4fte zusammen mit Streitschlichtern auf dem Schulhof als Aufsicht eingesetzt. Kinder m\u00fcssen \u00fcbrigens nicht st\u00e4ndig unter Aufsicht stehen. Sie m\u00fcssen sich aber beaufsichtigt f\u00fchlen und jederzeit wissen, wohin sie gehen m\u00fcssen, wenn Sie Hilfe ben\u00f6tigen.<\/p>\n<p><span style=\"color: #993366;\"><strong>Adventsbasar:<\/strong><\/span> In der OGS gibt es einen allj\u00e4hrlichen Adventsbasar. Kinder, Eltern und Angeh\u00f6rige sind herzlich eingeladen in gem\u00fctlicher Atmosph\u00e4re bei Kaffee, Kuchen und Waffeln sich zusammen mit dem OGS- Betreuungsteam auf Weihnachten einzustimmen.<\/p>\n<p><strong><span style=\"color: #00ff00;\">B<\/span><\/strong><\/p>\n<p><span style=\"color: #993366;\"><strong>Bazar:<\/strong><span style=\"color: #000000;\"> I<\/span><\/span>n der Woche vor den Osterferien veranstalten die 4. Schuljahre einen Tr\u00f6del mit eigenen Spielzeugen, B\u00fcchern etc. Die anderen Klassen k\u00f6nnen g\u00fcnstig einkaufen. Welcher Stiftung der Erl\u00f6s zu gute kommt wird jedes Jahr neu besprochen, meistens sind es die gleichen im Wechsel. Der Bazar findet Corona bedingt auf dem Schulhof statt.<\/p>\n<p><strong><span style=\"color: #993366;\">Beurlaubung:<\/span> <\/strong>Wenn Sie eine wichtige Feier haben (zum Beispiel eine Hochzeit oder Trauerfeier) und diese f\u00e4llt in die regul\u00e4re Schulzeit, so k\u00f6nnen Sie eine Beurlaubung beantragen. Beurlaubungen f\u00fcr einen Tag k\u00f6nnen von der Klassenlehrerin genehmigt werden. Beurlaubungen von mehr als einem Tag m\u00fcssen der Schulleitung vorgelegt und von Ihr genehmigt werden. Beurlaubungen direkt vor oder nach den Ferien sind von Gesetzes wegen verboten und nur in ausgesprochen seltenen F\u00e4llen m\u00f6glich. Wenden Sie sich bitte hierzu an die Schulleitung. Bei Kuraufenthalten gilt eine Schulpflicht. Ihr Kind erh\u00e4lt einen entsprechenden Wochenplan von der Klassenlehrerin und wird diesen dort in seinen Schulstunden durcharbeiten. Bei allen Beurlaubungen gilt grunds\u00e4tzlich, dass vers\u00e4umter Unterrichtsstoff nachgeholt werden muss.<\/p>\n<p><strong><span style=\"color: #00ff00;\">C<\/span><\/strong><\/p>\n<p><strong><span style=\"color: #993366;\">Computer AG: <\/span><\/strong><span style=\"color: #993366;\"><span style=\"color: #000000;\">In der OGS findet an einigen Tage die Computer AG statt. Die AG ist nach Jahrg\u00e4ngen unterteilt. Bitte beachten Sie, das die AG oftmals bis kurz vor 15.00\/16.00 Uhr dauert.<\/span><\/span><\/p>\n<p><span style=\"color: #00ff00;\">D<\/span><\/p>\n<p><strong><span style=\"color: #00ff00;\">E<\/span><\/strong><\/p>\n<p><strong><span style=\"color: #993366;\">Erste-Hilfe:<\/span><\/strong> Im Raum unserer Hausmeisterin ist eine Liege, als auch der Verbandskasten f\u00fcr verletzte Kinder. Alle Verletzungen und benutzten Materialien m\u00fcssen dort in einem Buch vermerkt werden. Coolpacks gibt es im Lehrerzimmer (K\u00fchlschrank).<\/p>\n<p><span style=\"color: #993366;\"><b>Englisch: <\/b><span style=\"color: #000000;\">Englisch wird nun wieder erst ab der dritten Klasse unterrichtet (siehe neue Lehrpl\u00e4ne).<\/span><\/span><\/p>\n<p><strong><span style=\"color: #00ff00;\">F<\/span><\/strong><\/p>\n<p><strong><span style=\"color: #993366;\">Fahrradfahren:<\/span> <\/strong>Um gen\u00fcgend Sicherheit auf dem Fahrrad zu erlangen ist es den Kindern gestattet mit dem Fahrrad zu Schule zu kommen, wenn Sie als Eltern diesen Schulweg mit ihrem Kind einge\u00fcbt haben und es Ihrem Kind erlauben. Die Entscheidung liegt demnach bei Ihnen als Eltern!<\/p>\n<p><strong><span style=\"color: #993366;\">Fahrzeuge:<\/span><\/strong> Inline-Skaten und Fahrradfahren etc. auf dem Schulhof ist verboten. Skateboards, Rollschuhe oder Roller haben in den Klassen nichts zu suchen. In der OGS Zeit ist das Fahren mit dem Fahrrad (Helmpflicht) oder mit dem Roller (Helmpflicht) auf dem Schulhof in der Regel ab 13.30 Uhr m\u00f6glich.<\/p>\n<p><strong><span style=\"color: #993366;\">Feste:<\/span><\/strong> Auch zur Einschulung, zu Weihnachten und bei der Entlassung der Sch\u00fcler\/innen des 4.Schuljahres feiern wir zusammen in der Turnhalle oder auf dem Schulhof.<\/p>\n<p><strong><span style=\"color: #993366;\">Fu\u00dfball:<\/span><\/strong> Fu\u00dfballspielen auf dem Schulhof ist nur mit weichen B\u00e4llen gestattet. Lederb\u00e4lle sind nur auf dem Kleinspielfeld erlaubt.<\/p>\n<p><strong><span style=\"color: #993366;\">Fu\u00dfballplatz-Regeln:<\/span><\/strong> Das Kleinspielfeld darf nur mit geschlossenen Turnschuhen bespielt werden.<br \/>\nBei Regen\/nassem Boden\/Frost bleibt der Platz geschlossen.<\/p>\n<p><strong><span style=\"color: #00ff00;\">G<\/span><\/strong><\/p>\n<p><strong><span style=\"color: #993366;\">Getr\u00e4nke:<\/span><\/strong> Unsere Schule legt Wert auf gesunde Ern\u00e4hrung. Aus diesem Grund haben wir beschlossen, keine Milch- und Kakaobestellung mehr durchzuf\u00fchren, da diese Getr\u00e4nke deutlich zu viel Zucker enthalten, der f\u00fcr die Zahngesundheit Ihres Kindes sch\u00e4dlich ist. Bitte geben Sie Ihrem Kind ein passendes Getr\u00e4nk mit in die Schule. Am ges\u00fcndesten ist Wasser oder unges\u00fc\u00dfter Tee. Da wir Schule der Nachhaltigkeit und Umweltschule sind bitten wir von Getr\u00e4nke in Plastikflaschen abzusehen. Getr\u00e4nke wie Cola, Limonade und diese\/\u00c4hnliche Getr\u00e4nke in Tetrapacks sind in unserer Schule nicht gestattet! In vielen Klassen sorgen Eltern daf\u00fcr, dass stets ausreichend Mineralwasser zur Verf\u00fcgung steht. In diesen Klassen haben die Kinder meistens einen eigenen, mit Namen beschrifteten, Becher.<\/p>\n<p><strong><span style=\"color: #993366;\">Gottesdienst:<\/span> <\/strong>F\u00fcr entsprechende Begleitung muss die Klassenlehrerin sorgen, jedoch ist manchmal die Hilfe von Eltern (Ihnen) von N\u00f6ten. Sollten Sie Ihr Kind direkt zur Kirche bringen seien Sie bitte zwischen 7.50 und 7.55 Uhr vor Ort. Sollte Ihr Kind mit den Lehrern von der Schule aus losgehen muss Ihr Kind sp\u00e4testens um 7.30 Uhr an der Schule sein. Wir gehen p\u00fcnktlich um 7.30 Uhr an der Schule los, damit Ihr Kind nicht zur Kirche rennen muss. Kinder, die zu sp\u00e4t zur Schule kommen und deshalb den Gottesdienst vers\u00e4umen, werden als unentschuldigt fehlend ins Klassenbuch eingetragen.<\/p>\n<p><strong><span style=\"color: #00ff00;\">H<\/span><\/strong><\/p>\n<p><strong>Handy und Smart Watches:<\/strong> Mit Beschluss der Schulkonferenz m\u00fcssen diese beim Betreten des<br \/>\nSchulgeb\u00e4udes ausgeschaltet sein und d\u00fcrfen und erst nach dem Verlassen angeschaltet werden. Ger\u00e4te, die sich nicht ausschalten lassen, d\u00fcrfen nicht mitgebracht werden\u201c. Die Schulkonferenz empfiehlt die Ger\u00e4te g\u00e4nzlich zuhause zu lassen. Falls die Ger\u00e4te dennoch mitgebracht werden, gilt der Beschluss der Schulkonferenz. W\u00e4hrend der Schulzeit bleiben die Ger\u00e4te konstant in der Schultasche und werden nicht am Arm oder in der Tasche getragen. Hier ist zu beachten, dass Ger\u00e4te, die entweder an oder im Schulmodus laufen, nicht mehr erneut mitgebracht werden d\u00fcrfen und bis zur Abholung durch die Eltern in der Schule verwahrt bleiben. Schule beh\u00e4lt sich Stichproben zu jeder Zeit vor. Bitte seien Sie sich sicher, dass Ihr Kind die Schulzeit auch ohne so eine Uhr gut durchlaufen kann. Das Schultelefon ist immer besetzt, so dass wir Sie im Notfall erreichen k\u00f6nnen und Sie auch uns. Klingelnde Uhren, Kinder, die mit den Uhren spielen, Aufnahmen machen etc. sind leider keine Seltenheit und st\u00f6ren die schulischen Abl\u00e4ufe extrem.<\/p>\n<p><strong><span style=\"color: #993366;\">Hofdienst:<\/span><\/strong> Unsere Schule legt Wert auf Sauberkeit! Aus diesem Grund \u00fcbernehmen die 3. Klassen mit Ihren Lehrerinnen den Hofdienst unserer Schule. Der Hofdienst wird immer Ende der 1. Gro\u00dfen Pause durchgef\u00fchrt. Zur Hilfe gibt es Eimer und Zangen.<\/p>\n<p><span style=\"color: #00ff00;\">I<\/span><\/p>\n<p><strong><span style=\"color: #00ff00;\">J<\/span><\/strong><\/p>\n<p><strong><span style=\"color: #993366;\">Jacken:<\/span><\/strong> Jacken, Regenjacken oder M\u00e4ntel sollen durch die Kinder ordentlich an die Garderobe gehangen werden. Meistens haben die Klassenlehrerinnen Namensschilder an der Garderobe kleben.<\/p>\n<p><strong><span style=\"color: #00ff00;\">K<\/span><\/strong><\/p>\n<p><strong><span style=\"color: #993366;\">Karneval:<\/span><\/strong> An Weiberfastnacht d\u00fcrfen die Kinder verkleidet zur Schule kommen und bis 10.00 Uhr wird dann in der Klasse kr\u00e4ftig gefeiert. Danach besucht uns das Prinzenpaar mit seiner Begleitung und wir feiern gemeinsam in der Turnhalle eine wilde Karnevalsparty mit allen Kindern und Lehrern bis ca. 11.11 Uhr. Danach wird in der OGS weitergefeiert. Ob Karnevalsmontag oder -dienstag unterrichtsfrei sind, wird jedes Jahr neu entschieden.<\/p>\n<p><strong><span style=\"color: #993366;\">Klassensprecher: <\/span><\/strong>In den Klassen 3 und 4 werden am Anfang jedes Schuljahres Klassensprecher\/innen gew\u00e4hlt. Dabei wird zuerst besprochen, was einen guten Klassensprecher ausmacht.<\/p>\n<p>Ein guter Klassensprecher:<\/p>\n<ul>\n<li>ist ein Vorbild.<\/li>\n<li>sagt der Lehrerin, wenn die Klasse ein Problem hat.<\/li>\n<li>vertritt die Klasse bei Versammlungen.<\/li>\n<li>tr\u00e4gt Verantwortung f\u00fcr die Klasse.<\/li>\n<li>kennt die Klassenregeln und h\u00e4lt sich daran.<\/li>\n<li>sollte jemand sein, dem man vertrauen kann.<\/li>\n<li>ist fair und gerecht.<\/li>\n<\/ul>\n<p>Bei der Wahl wird immer ein M\u00e4dchen und ein Junge gew\u00e4hlt, sodass es an unserer Schule acht Klassensprecher\/innen aus den Klassen 3 und 4 gibt. In regelm\u00e4\u00dfigen Abst\u00e4nden treffen sich alle Klassensprecher\/innen bei Frau Neu im B\u00fcro und sprechen \u00fcber wichtige Themen, die die Schule betreffen.<\/p>\n<p><strong><span style=\"color: #993366;\">Krankheit: <\/span><\/strong>Krankmeldungen werden bitte bis sp\u00e4testens morgens 7.45 Uhr an die Mail-Adresse <strong><em>krankmeldungen@sal-dormagen.de<\/em><\/strong> verschickt. Nennen Sie bitte die Klasse und den vollen Namen Ihres Kindes. Schreiben Sie bitte falls m\u00f6glich den Krankheitsgrund in die Mail. Die Klassenlehrerinnen werden informiert und tragen das Kind als entschuldigt fehlend ins Klassenbuch ein. Sollte Ihr Kind mehrere Tage fehlen geben Sie bitte anschlie\u00dfend eine schriftliche Entschuldigung f\u00fcr die fehlenden Tage in der Schule ab. Die in dieser Zeit vers\u00e4umten Inhalte sollten \u2013 sofern es eben m\u00f6glich ist \u2013 nachgeholt werden. Meistens ist ein befreundetes Kind beauftragt die Hausaufgaben vorbeizubringen. Lassen Sie Ihr Kind jedoch zun\u00e4chst erst einmal so gut es geht gesund werden. W\u00e4hrend der Krankheit nicht erledigte Aufgaben sollten bitte \u00fcber das n\u00e4chste Wochenende beendet werden. Denken Sie immer daran kranke Kinder geh\u00f6ren nicht in die Schule. Die Ansteckungsgefahr f\u00fcr die Klassenkameraden und Lehrer ist einfach zu hoch. Meistens kann ein krankes Kind den anstrengenden Schulalltag auch gar nicht bew\u00e4ltigen und die an diesem Tag gelernten Inhalte nicht verinnerlichen. Fehlt ihr Kind unentschuldigt, so wird dies auf dem Zeugnis entsprechend vermerkt.<\/p>\n<p><span style=\"color: #00ff00;\">L<\/span><\/p>\n<p><strong><span style=\"color: #00ff00;\">M<\/span><\/strong><\/p>\n<p><a href=\"https:\/\/salvator-schule.de\/?page_id=112\"><strong>Medienkompetenz:<\/strong><\/a><\/p>\n<p><strong><span style=\"color: #00ff00;\">N<\/span><\/strong><\/p>\n<p><strong><span style=\"color: #993366;\">Nebenraum:<\/span><\/strong> Manche Klassenzimmer haben einen eigenen Nebenraum zum Arbeiten in Kleingruppen, f\u00f6rdern usw.<\/p>\n<p><strong><span style=\"color: #00ff00;\">O<\/span><\/strong><\/p>\n<p><span style=\"color: #ff00ff;\"><strong>OGS: <\/strong><\/span>In unserer offenen Ganztagsschule bieten wir Betreuung nach Schulschluss. Sei es die Hausaufgabenbetreuung, das Essen in der Mensa, freie Angebote, Ags oder freies Spiel. Wir arbeiten in einem offenen System und bieten bis auf die Hausaufgaben und das Mittagessen einen klassen\u00fcbergreifenden Tagesablauf.<span style=\"color: #ff00ff;\"><strong><br \/>\n<\/strong><\/span><\/p>\n<p><strong><span style=\"color: #00ff00;\">P<\/span><\/strong><\/p>\n<p><strong><span style=\"color: #993366;\">Projektwoche:<\/span><\/strong> Im 2-Jahresrhythmus findet abwechselnd ein Schulfest oder eine Projektwoche zu Themen wie z.B. Afrika, Astrid Lindgren, Zirkus u.\u00e4. statt.<\/p>\n<p><strong><span style=\"color: #993366;\">P\u00fcnktlichkeit:<\/span><\/strong> Die Kinder erscheinen fr\u00fchzeitig vor dem Unterricht in der Schule. Sollte man einmal sp\u00e4ter kommen, dann meldet man sich bei Frau H\u00e4sslin (Sekret\u00e4rin) oder Frau Zuk (Hausmeisterin), damit die T\u00fcren zu dem entsprechenden Geb\u00e4ude ge\u00f6ffnet werden.<\/p>\n<p><span style=\"color: #00ff00;\">Q<\/span><\/p>\n<p><strong><span style=\"color: #00ff00;\">R<\/span><\/strong><\/p>\n<p><strong><span style=\"color: #993366;\">Ruhegarten:<\/span> <\/strong>Der Ruhegarten wird nur bei sch\u00f6nem Wetter ge\u00f6ffnet. Dort sollten die Kinder ruhig sein und nicht rennen. Dieser Ort dient der Ruhe und Entspannung.<\/p>\n<p><strong><span style=\"color: #00ff00;\">S<\/span><\/strong><\/p>\n<p><strong><span style=\"color: #993366;\">Sekretariat:<\/span> <\/strong>Das Sekretariat ist <strong>Mo, Mi, Fr von 8.00 &#8211; 12.30 Uhr<\/strong> ge\u00f6ffnet<\/p>\n<p><strong><span style=\"color: #993366;\">Schulb\u00fccherei:<\/span><\/strong> Jeden Donnerstag von 8-9.30 ist die Schulb\u00fccherei f\u00fcr alle Kinder ge\u00f6ffnet. Sie befindet sich im Keller neben dem Werkraum.<\/p>\n<p><strong><span style=\"color: #993366;\">Schwimmen:<\/span><\/strong> Die Drittkl\u00e4ssler gehen jeden Mittwoch in der 5. &amp; 6. Stunde schwimmen.<\/p>\n<p><strong><span style=\"color: #993366;\">Sicherheit im Schulsport:<\/span><\/strong> Gegenst\u00e4nde, die beim Sport behindert oder zu Gef\u00e4hrdung f\u00fchren k\u00f6nnen, insbesondere Uhren, Ketten, Ringe, Armb\u00e4nder, Ohrschmuck und Piercing Schmuck sind abzulegen. Lange Haare k\u00f6nnen die Sicherheit einschr\u00e4nken, daher sind lange Haare zusammenzubinden.<\/p>\n<p><strong><span style=\"color: #993366;\">St.Martin:<\/span><\/strong> Wir nehmen jedes Jahr am Nievenheimer Martinszug teil (wenn dieser stattfindet). Durch Nievenheimer Stra\u00dfen &#8222;auf und nieder&#8220; geht es von der Kirche bis zum Sch\u00fctzenplatz, wo St. Martin seinen Mantel teilt. Und damit wir alle mit &#8222;roten, gr\u00fcnen, gelben, blauen&#8220; Laternen ausgestattet sind, werden diese vorher in den Klassen gebastelt. Gemeinsam mit den Eltern sammeln wir in einer H\u00e4usersammlung Geldspenden, die unser Martinskomitee verwaltet. Ein Teil geht meistens an die ortsans\u00e4ssigen Schulen, der gr\u00f6\u00dfere Teil dient jedoch zur F\u00fcllung von Martinst\u00fcten, die den Kindern nach dem Martinszug \u00fcbergeben werden.<\/p>\n<p><strong><span style=\"color: #993366;\">Sponsorenlauf:<\/span> <\/strong>Nach einem tollen Start in dem Schuljahr 2016 gibt es regelm\u00e4\u00dfig Sponsorenl\u00e4ufe um mit dem Erl\u00f6s verschiedene Dinge f\u00fcr unsere Sch\u00fclerInnen zu erm\u00f6glichen. Der letzte Sponsorenlauf war 2022.<\/p>\n<p><strong><span style=\"color: #993366;\">Schulfest:<\/span><\/strong> Im 2-Jahresrhythmus findet abwechselnd ein Schulfest oder eine Projektwoche zu Themen wie z.B. Afrika, Astrid Lindgren, Zirkus u.\u00e4. statt.<\/p>\n<p><strong><span style=\"color: #993366;\">Schulregeln:<\/span><\/strong><\/p>\n<p><em>Sicherheit<\/em><\/p>\n<ul>\n<li>Wir verlassen in der Pause das Schulgeb\u00e4ude und bleiben auf dem Schulhof<\/li>\n<li>Wir lassen an den Spielger\u00e4ten alle Kinder in Ruhe spielen<\/li>\n<li>Wir schieben die Fahrr\u00e4der \u00fcber den Schulhof<\/li>\n<li>Wir m\u00fcssen mit Steinen, St\u00f6cken und B\u00e4llen besonders vorsichtig sein, denn wir wollen keine anderen Kinder verletzen<\/li>\n<li>Wir rutschen das Gel\u00e4nder im Schulgeb\u00e4ude nicht herunter, sondern benutzen die Treppe<\/li>\n<\/ul>\n<p><em>Natur<\/em><\/p>\n<ul>\n<li>Wir sch\u00fctzen die B\u00e4ume, Str\u00e4ucher und Pflanzen und lassen sie in Ruhe wachsen<\/li>\n<\/ul>\n<p><em>R\u00fccksichtnahme<\/em><\/p>\n<ul>\n<li>Wir sind freundlich, r\u00fccksichtsvoll und hilfsbereit zueinander<\/li>\n<li>Wir lassen andere in Ruhe spielen<\/li>\n<li>Wir bewegen uns im Schulgeb\u00e4ude langsam und leise<\/li>\n<li>Wir gehen nicht ohne zu fragen an fremde Sachen<\/li>\n<li>Wir schlagen uns nicht, sondern versuchen Streitigkeiten mit Worten aus der Welt zu schaffen<\/li>\n<\/ul>\n<p><em>Ordnung<\/em><\/p>\n<ul>\n<li>Wir stellen uns nach dem ersten Klingeln auf<\/li>\n<li>Wir halten unseren Schulhof und das Schulgel\u00e4nde sauber. M\u00fcll geh\u00f6rt in den M\u00fclleimer<\/li>\n<li>Wir gehen sorgsam mit den M\u00f6beln und den Spielger\u00e4ten um<\/li>\n<li>Wir halten die Toiletten sauber<\/li>\n<\/ul>\n<p><span style=\"color: #00ff00;\">T<\/span><\/p>\n<p><strong><span style=\"color: #00ff00;\">U<\/span><\/strong><\/p>\n<p><strong><span style=\"color: #993366;\">Unterrichtszeiten:<\/span><\/strong><\/p>\n<p>1. Stunde 08.00 &#8211; 08.45<br \/>\n2. Stunde 08.45 &#8211;\u00a009.30<\/p>\n<p>Pause\u00a0\u00a0\u00a0\u00a0\u00a0\u00a0 09.30 &#8211; 09.50<br \/>\nFr\u00fchst\u00fcckspause 09.50 &#8211; 10.00<\/p>\n<p>3. Stunde 10.00 &#8211; 10.45<br \/>\n4. Stunde 10.50 &#8211; 11.35<\/p>\n<p>Pause 11.35 &#8211; 11.50<\/p>\n<p>5. Stunde 11.50 &#8211; 12.35<br \/>\n6. Stunde 12.35 &#8211; 13.20<\/p>\n<p><strong><span style=\"color: #00ff00;\">V<\/span><\/strong><\/p>\n<p><strong><span style=\"color: #993366;\">Villa-Kunterbunt:<\/span><\/strong> Unsere Spielbude wird vor und nach der Pause von der Aufsicht ge\u00f6ffnet und geschlossen, ebenfalls Garten und Ballspielplatz. Die Villa-Kunterbund wird von den 4.Schuljahren gef\u00fchrt. Ein Spielzeug wird gegen den Sch\u00fclerausweis eines jeweiligen Sch\u00fclers\/Sch\u00fclerin ausgeliehen. Die Spielzeuge werden nur bei gutem, trockenen Wetter ausgeliehen.<\/p>\n<p><span style=\"color: #00ff00;\">W<\/span><\/p>\n<p><span style=\"color: #00ff00;\">X<\/span><\/p>\n<p><span style=\"color: #00ff00;\">Y<\/span><\/p>\n<p><strong><span style=\"color: #00ff00;\">Z<\/span><\/strong><\/p>\n<p><strong><span style=\"color: #993366;\">Zeugnisse:<\/span> <\/strong>An unserer Schule gibt es an Kompetenzerwartungen orientierte Ankreuzzeugnisse, welche regelm\u00e4\u00dfig von uns \u00fcberarbeitet werden. Die ersten beiden Schuljahre erhalten nur am Ende des Jahres ein Zeugnis. Alle anderen Klassen erhalten auch ein Halbjahreszeugnis. Ab dem ersten Halbjahr in der dritten Klasse gibt es bei uns Noten.<\/p>\n","protected":false},"excerpt":{"rendered":"<p>A Adventssingen: Unser Adventssingen hat Corona bedingt nicht mehr so wie fr\u00fcher stattgefunden, jedoch erfolgte in diesem Jahr jeweils ein gemeinsames Stufensingen und besinnliches Beisammensein. Antolin: Es motiviert Sch\u00fclerinnen und Sch\u00fcler nachhaltig zum Lesen. Aufsicht: Ihr Kind ist in unserer Schule unter Aufsicht. Vor dem Unterrichtsbeginn besteht ab 7.45 Uhr eine Aufsichtspflicht. Eine Lehrkraft beaufsichtigt [&hellip;]<\/p>\n","protected":false},"author":3,"featured_media":0,"parent":0,"menu_order":0,"comment_status":"closed","ping_status":"closed","template":"","meta":{"_uag_custom_page_level_css":"","footnotes":""},"class_list":["post-139","page","type-page","status-publish","hentry"],"uagb_featured_image_src":{"full":false,"thumbnail":false,"medium":false,"medium_large":false,"large":false,"1536x1536":false,"2048x2048":false,"post-thumbnail":false,"evolve-post-thumbnail":false,"evolve-slider-thumbnail":false,"evolve-tabs-img":false,"evolve-testimonial-avatar":false},"uagb_author_info":{"display_name":"Roesner","author_link":"https:\/\/salvator-schule.de\/?author=3"},"uagb_comment_info":0,"uagb_excerpt":"A Adventssingen: Unser Adventssingen hat Corona bedingt nicht mehr so wie fr\u00fcher stattgefunden, jedoch erfolgte in diesem Jahr jeweils ein gemeinsames Stufensingen und besinnliches Beisammensein. Antolin: Es motiviert Sch\u00fclerinnen und Sch\u00fcler nachhaltig zum Lesen. Aufsicht: Ihr Kind ist in unserer Schule unter Aufsicht. Vor dem Unterrichtsbeginn besteht ab 7.45 Uhr eine Aufsichtspflicht. Eine Lehrkraft beaufsichtigt&hellip;","_links":{"self":[{"href":"https:\/\/salvator-schule.de\/index.php?rest_route=\/wp\/v2\/pages\/139"}],"collection":[{"href":"https:\/\/salvator-schule.de\/index.php?rest_route=\/wp\/v2\/pages"}],"about":[{"href":"https:\/\/salvator-schule.de\/index.php?rest_route=\/wp\/v2\/types\/page"}],"author":[{"embeddable":true,"href":"https:\/\/salvator-schule.de\/index.php?rest_route=\/wp\/v2\/users\/3"}],"replies":[{"embeddable":true,"href":"https:\/\/salvator-schule.de\/index.php?rest_route=%2Fwp%2Fv2%2Fcomments&post=139"}],"version-history":[{"count":45,"href":"https:\/\/salvator-schule.de\/index.php?rest_route=\/wp\/v2\/pages\/139\/revisions"}],"predecessor-version":[{"id":10737,"href":"https:\/\/salvator-schule.de\/index.php?rest_route=\/wp\/v2\/pages\/139\/revisions\/10737"}],"wp:attachment":[{"href":"https:\/\/salvator-schule.de\/index.php?rest_route=%2Fwp%2Fv2%2Fmedia&parent=139"}],"curies":[{"name":"wp","href":"https:\/\/api.w.org\/{rel}","templated":true}]}}