{"id":161,"date":"2016-08-30T19:12:20","date_gmt":"2016-08-30T19:12:20","guid":{"rendered":"http:\/\/wordpress.salvator-schule.de\/?page_id=161"},"modified":"2025-03-28T09:05:27","modified_gmt":"2025-03-28T09:05:27","slug":"foerderverein","status":"publish","type":"page","link":"https:\/\/salvator-schule.de\/?page_id=161","title":{"rendered":"F\u00f6rderverein"},"content":{"rendered":"\n<div class=\"wp-block-group\"><div class=\"wp-block-group__inner-container is-layout-constrained wp-block-group-is-layout-constrained\">\n<p class=\"has-medium-font-size\">\u201e<strong>Schulverein der Salvator-Grundschule Dormagen Nievenheim e.V.\u201c<\/strong><\/p>\n<\/div><\/div>\n\n\n\n<hr class=\"wp-block-separator has-alpha-channel-opacity\"\/>\n\n\n\n<div class=\"wp-block-media-text is-stacked-on-mobile\"><figure class=\"wp-block-media-text__media\"><img loading=\"lazy\" decoding=\"async\" width=\"771\" height=\"1024\" src=\"https:\/\/salvator-schule.de\/wp-content\/uploads\/2025\/03\/1000356671-1-771x1024.jpg\" alt=\"\" class=\"wp-image-10506 size-full\" srcset=\"https:\/\/salvator-schule.de\/wp-content\/uploads\/2025\/03\/1000356671-1-771x1024.jpg 771w, https:\/\/salvator-schule.de\/wp-content\/uploads\/2025\/03\/1000356671-1-226x300.jpg 226w, https:\/\/salvator-schule.de\/wp-content\/uploads\/2025\/03\/1000356671-1-768x1020.jpg 768w, https:\/\/salvator-schule.de\/wp-content\/uploads\/2025\/03\/1000356671-1-1157x1536.jpg 1157w, https:\/\/salvator-schule.de\/wp-content\/uploads\/2025\/03\/1000356671-1.jpg 1536w\" sizes=\"(max-width: 771px) 100vw, 771px\" \/><\/figure><div class=\"wp-block-media-text__content\">\n<h2 class=\"wp-block-heading has-text-align-center has-black-color has-light-green-cyan-background-color has-text-color has-background has-link-color has-medium-font-size wp-elements-30f932f1dea593acdb6d4ff758ab3bb7\">F\u00f6rderverein<\/h2>\n\n\n\n<p class=\"has-black-color has-light-green-cyan-background-color has-text-color has-background has-link-color wp-elements-ab03e93c4e8b54cfc61773d5185f1b90\">Susanne Olschewski                 Tim Voges-Kampfer                        Stephanie Wellner                          Corinna Wyrwich<\/p>\n\n\n\n<figure class=\"wp-block-image size-full is-resized\"><a href=\"https:\/\/salvator-schule.de\/wp-content\/uploads\/2025\/03\/Schullogo-Salvatori-2.jpg\"><img loading=\"lazy\" decoding=\"async\" width=\"691\" height=\"691\" src=\"https:\/\/salvator-schule.de\/wp-content\/uploads\/2025\/03\/Schullogo-Salvatori-2.jpg\" alt=\"\" class=\"wp-image-10511\" style=\"width:242px;height:auto\" srcset=\"https:\/\/salvator-schule.de\/wp-content\/uploads\/2025\/03\/Schullogo-Salvatori-2.jpg 691w, https:\/\/salvator-schule.de\/wp-content\/uploads\/2025\/03\/Schullogo-Salvatori-2-300x300.jpg 300w, https:\/\/salvator-schule.de\/wp-content\/uploads\/2025\/03\/Schullogo-Salvatori-2-150x150.jpg 150w, https:\/\/salvator-schule.de\/wp-content\/uploads\/2025\/03\/Schullogo-Salvatori-2-50x50.jpg 50w, https:\/\/salvator-schule.de\/wp-content\/uploads\/2025\/03\/Schullogo-Salvatori-2-80x80.jpg 80w\" sizes=\"(max-width: 691px) 100vw, 691px\" \/><\/a><\/figure>\n<\/div><\/div>\n\n\n\n<p>&nbsp;<\/p>\n\n\n\n<p>Zusammen mit den engagierten Eltern, Lehrern der Salvatorschule und dem OGS-Personal sind wir die (neuen) Gesichter&nbsp; hinter der organisatorischen Arbeit des F\u00f6rdervereins an der Salvatorschule: Susanne Olschewski, Tim Voges-Kampfer, Stephanie Wellner und Corina Wyrwich.<\/p>\n\n\n\n<p>Tag f\u00fcr Tag setzen wir uns ein, um:<\/p>\n\n\n\n<ul class=\"wp-block-list\">\n<li>die Schule aktiv zu unterst\u00fctzen<\/li>\n\n\n\n<li>Elemente einer kindgerechten Ausstattung zu finanzieren<\/li>\n\n\n\n<li>Ausfl\u00fcge zu erm\u00f6glichen<\/li>\n\n\n\n<li>Projektwochen zu realisieren<\/li>\n\n\n\n<li>Sonderw\u00fcnsche zu erf\u00fcllen<\/li>\n<\/ul>\n\n\n\n<p>Bisher konnten wir den Sch\u00fclerinnen, Sch\u00fclern und Lehrern folgende Projekte erm\u00f6glichen:<\/p>\n\n\n\n<ul class=\"wp-block-list\">\n<li>Die komplette Sound-, Licht- und B\u00fchnentechnik inklusive Anbau zur Lagerung<\/li>\n\n\n\n<li>Kletterspinne, Nestschaukel und \u201eVilla Kunterbunt\u201c auf dem Schulhof<\/li>\n\n\n\n<li>Ausstattung der B\u00fccherei zu einer der gr\u00f6\u00dften Schulb\u00fcchereien Dormagens<\/li>\n\n\n\n<li>Projektwochen wie Trommeltheater und Zirkusprojekt<\/li>\n<\/ul>\n\n\n\n<p>Wie k\u00f6nnen wir all diese Projekte erm\u00f6glichen?<\/p>\n\n\n\n<p>Der F\u00f6rderverein ist dazu auf Mitgliedsbeitr\u00e4ge und Spenden angewiesen. Der Gro\u00dfteil der Schuleltern ist daher Mitglied. Haben Sie vielleicht auch Interesse uns mit 12 Euro j\u00e4hrlich und vielleicht sogar mit helfenden H\u00e4nden zu unterst\u00fctzen? Dann finden Sie auf dieser Seite den Antrag.Wir freuen uns auf Sie J<\/p>\n\n\n\n<p>Auch die Sch\u00fclerinnen und Sch\u00fcler engagieren sich mit viel Spa\u00df und Elan bei Sponsorenl\u00e4ufen, Weihnachtsm\u00e4rkten, Schulfesten und vielem weiteren, was die Schule gemeinsam mit dem F\u00f6rderverein ins Leben ruft.<\/p>\n\n\n\n<p>An folgenden Projekten, die aus Beratungen mit den Kindern und Erwachsenen entstanden sind, arbeiten wir gerade:<\/p>\n\n\n\n<ul class=\"wp-block-list\">\n<li>Ein erh\u00f6htes Schutznetz rund um den Kleinfeld-Fu\u00dfballplatz, um den Ballverlust auf umliegende Grundst\u00fccke zu reduzieren<\/li>\n\n\n\n<li>Eine st\u00e4rkere Entsiegelung und Begr\u00fcnung des Schulhofes in Absprache mit der Stadt<\/li>\n\n\n\n<li>Abgeschirmte Sitzecken, um in den Pausen und der OGS R\u00fcckzugsm\u00f6glichkeiten f\u00fcr ruhebed\u00fcrftige Kinder zu bieten<\/li>\n\n\n\n<li>Eine Projektwoche im Schuljahr 25\/26<\/li>\n\n\n\n<li>Eine Reaktivierung der Boulderwand auf dem Schulhof<\/li>\n<\/ul>\n\n\n\n<p>In allererster Linie lebt der Verein nat\u00fcrlich von der aktiven Teilnahme. Ideen und tatkr\u00e4ftige Unterst\u00fctzung, ob organisatorisch oder handwerklich, sind jederzeit willkommen. Im kollegialen Austausch zwischen F\u00f6rderverein, Schulleitung, Kollegium, OGS-Team, Sch\u00fclerparlament und Elternschaft entwickeln wir gemeinsam den Lernort unserer Kinder weiter. Sind Sie Privatperson oder haben ein Gewerbe und f\u00fchlen sich der Schule verbunden?<\/p>\n\n\n\n<p class=\"has-black-color has-light-green-cyan-background-color has-text-color has-background has-link-color wp-elements-c76d77d9ace4aea5eccb547f660d0bfe\">Sprechen Sie uns gerne an: <a href=\"mailto:Salvatorschulverein@gmail.com\"><strong>Salvatorschulverein@gmail.com<\/strong><\/a><\/p>\n\n\n\n<p class=\"has-black-color has-light-green-cyan-background-color has-text-color has-background has-link-color has-medium-font-size wp-elements-2f396f4239039048a712d883f778ab48\"><strong>Anmeldeantrag F\u00f6rderein<\/strong> : In Bearbeitung &#8211; folgt in K\u00fcrze<\/p>\n\n\n\n<figure class=\"wp-block-image size-large is-resized\"><a href=\"http:\/\/salvator-schule.de\/wp-content\/uploads\/2025\/03\/Gras-gross-1.png\"><img loading=\"lazy\" decoding=\"async\" width=\"1024\" height=\"157\" src=\"http:\/\/salvator-schule.de\/wp-content\/uploads\/2025\/03\/Gras-gross-1-1024x157.png\" alt=\"\" class=\"wp-image-10510\" style=\"width:913px;height:auto\" srcset=\"https:\/\/salvator-schule.de\/wp-content\/uploads\/2025\/03\/Gras-gross-1-1024x157.png 1024w, https:\/\/salvator-schule.de\/wp-content\/uploads\/2025\/03\/Gras-gross-1-300x46.png 300w, https:\/\/salvator-schule.de\/wp-content\/uploads\/2025\/03\/Gras-gross-1-768x118.png 768w, https:\/\/salvator-schule.de\/wp-content\/uploads\/2025\/03\/Gras-gross-1.png 1386w\" sizes=\"(max-width: 1024px) 100vw, 1024px\" \/><\/a><\/figure>\n\n\n\n<p><\/p>\n","protected":false},"excerpt":{"rendered":"<p>\u201eSchulverein der Salvator-Grundschule Dormagen Nievenheim e.V.\u201c &nbsp; Zusammen mit den engagierten Eltern, Lehrern der Salvatorschule und dem OGS-Personal sind wir die (neuen) Gesichter&nbsp; hinter der organisatorischen Arbeit des F\u00f6rdervereins an der Salvatorschule: Susanne Olschewski, Tim Voges-Kampfer, Stephanie Wellner und Corina Wyrwich. Tag f\u00fcr Tag setzen wir uns ein, um: Bisher konnten wir den Sch\u00fclerinnen, Sch\u00fclern [&hellip;]<\/p>\n","protected":false},"author":3,"featured_media":0,"parent":88,"menu_order":6,"comment_status":"closed","ping_status":"closed","template":"","meta":{"_uag_custom_page_level_css":"","footnotes":""},"class_list":["post-161","page","type-page","status-publish","hentry"],"uagb_featured_image_src":{"full":false,"thumbnail":false,"medium":false,"medium_large":false,"large":false,"1536x1536":false,"2048x2048":false,"post-thumbnail":false,"evolve-post-thumbnail":false,"evolve-slider-thumbnail":false,"evolve-tabs-img":false,"evolve-testimonial-avatar":false},"uagb_author_info":{"display_name":"Roesner","author_link":"https:\/\/salvator-schule.de\/?author=3"},"uagb_comment_info":0,"uagb_excerpt":"\u201eSchulverein der Salvator-Grundschule Dormagen Nievenheim e.V.\u201c &nbsp; Zusammen mit den engagierten Eltern, Lehrern der Salvatorschule und dem OGS-Personal sind wir die (neuen) Gesichter&nbsp; hinter der organisatorischen Arbeit des F\u00f6rdervereins an der Salvatorschule: Susanne Olschewski, Tim Voges-Kampfer, Stephanie Wellner und Corina Wyrwich. Tag f\u00fcr Tag setzen wir uns ein, um: Bisher konnten wir den Sch\u00fclerinnen, Sch\u00fclern&hellip;","_links":{"self":[{"href":"https:\/\/salvator-schule.de\/index.php?rest_route=\/wp\/v2\/pages\/161"}],"collection":[{"href":"https:\/\/salvator-schule.de\/index.php?rest_route=\/wp\/v2\/pages"}],"about":[{"href":"https:\/\/salvator-schule.de\/index.php?rest_route=\/wp\/v2\/types\/page"}],"author":[{"embeddable":true,"href":"https:\/\/salvator-schule.de\/index.php?rest_route=\/wp\/v2\/users\/3"}],"replies":[{"embeddable":true,"href":"https:\/\/salvator-schule.de\/index.php?rest_route=%2Fwp%2Fv2%2Fcomments&post=161"}],"version-history":[{"count":7,"href":"https:\/\/salvator-schule.de\/index.php?rest_route=\/wp\/v2\/pages\/161\/revisions"}],"predecessor-version":[{"id":10512,"href":"https:\/\/salvator-schule.de\/index.php?rest_route=\/wp\/v2\/pages\/161\/revisions\/10512"}],"up":[{"embeddable":true,"href":"https:\/\/salvator-schule.de\/index.php?rest_route=\/wp\/v2\/pages\/88"}],"wp:attachment":[{"href":"https:\/\/salvator-schule.de\/index.php?rest_route=%2Fwp%2Fv2%2Fmedia&parent=161"}],"curies":[{"name":"wp","href":"https:\/\/api.w.org\/{rel}","templated":true}]}}