{"id":165,"date":"2016-08-30T19:13:00","date_gmt":"2016-08-30T19:13:00","guid":{"rendered":"http:\/\/wordpress.salvator-schule.de\/?page_id=165"},"modified":"2021-04-21T12:31:34","modified_gmt":"2021-04-21T12:31:34","slug":"verein-der-salvatoris","status":"publish","type":"page","link":"https:\/\/salvator-schule.de\/?page_id=165","title":{"rendered":"Verein der Salvatoris"},"content":{"rendered":"<p>Verein der Salvatoris e.V.<\/p>\n<p>Der Verein der Salvatoris e.V. ist der Tr\u00e4ger der Offenen Ganztagsschule an unserer Schule.<\/p>\n<p>Hier werden rund 160 Kinder der Schule betreut. Verschiedene Arbeitsgemeinschaften, viel Sport und Aktivit\u00e4t, betreute Hausaufgaben\u2026 das Angebot sorgt f\u00fcr eine entspannte Zeit nach dem Unterricht und f\u00fcr eine angemessene Vereinbarkeit von Familie und Beruf f\u00fcr die Eltern. Deshalb bieten wir auch eine Fr\u00fchbetreuung f\u00fcr alle Kinder (auch nicht OGS Kinder) der Salvator-Grundschule ab 06.45 Uhr an.<\/p>\n<p>In den Oster- und Herbstferien und in den ersten drei Wochen der Sommerferien bieten wir ein buntes und abwechslungsreiches Programm, das wegen seiner Attraktivit\u00e4t sogar von Kindern besucht wird, deren Eltern ebenfalls Urlaub haben.<\/p>\n<p>In unserer Mensa essen die Kinder nach dem Unterricht &#8211; das ist uns ganz besonders wichtig &#8211; so wie zu Hause. Wir haben keinen Caterer, sondern K\u00f6chinnen, die wissen, was Kinder m\u00f6gen aber auch was Kinder brauchen, um sich gesund zu ern\u00e4hren.<\/p>\n<p>Der Verein wird u.a. von Eltern gef\u00fchrt und hat keinerlei wirtschaftliche Interessen. Entscheidend ist, dass es den Kindern gut geht.<\/p>\n<p>Inklusion ist f\u00fcr uns nichts neues, sondern eine Fortsetzung dessen, was wir schon immer getan haben, jede und jeden so zu nehmen, wie sie ist und die unterschiedlichen F\u00e4higkeiten und Interessen anzunehmen und damit zu arbeiten.<\/p>\n<p>Wir setzen auf qualifiziertes Personal und erm\u00f6glichen unseren Mitarbeiterinnen und Mitarbeitern Fortbildungen im Rahmen des machbaren oder bieten selber welche an. Dazu bedienen wir uns einer Supervisorin, eines Personaltrainers und einer Fachkraft f\u00fcr Inklusion.<\/p>\n<p>F\u00fcr Fragen zur P\u00e4dagogik und Organisation k\u00f6nnen Sie sich unmittelbar an die p\u00e4dagogische Leiterin der OGS, <a href=\"https:\/\/salvator-schule.de\/?page_id=339\">Frau Lukac<\/a> wenden.<\/p>\n<p>Fragen zum Tr\u00e4gerverein beantwortet der Vorsitzende, Hubert Vitt 0172 8244286 oder vitt@ish.de<\/p>\n\n\n<hr class=\"wp-block-separator\"\/>\n\n\n\n<div class=\"wp-block-file\"><a href=\"http:\/\/salvator-schule.de\/wp-content\/uploads\/2021\/04\/Beitrittserklaerung-Foerderverein.doc\">Beitrittserklaerung-Foerderverein<\/a><a href=\"http:\/\/salvator-schule.de\/wp-content\/uploads\/2021\/04\/Beitrittserklaerung-Foerderverein.doc\" class=\"wp-block-file__button\" download><span class=\"has-inline-color has-vivid-green-cyan-color\">Herunterladen<\/span><\/a><\/div>\n\n\n\n<p><\/p>\n","protected":false},"excerpt":{"rendered":"<p>Verein der Salvatoris e.V. Der Verein der Salvatoris e.V. ist der Tr\u00e4ger der Offenen Ganztagsschule an unserer Schule. Hier werden rund 160 Kinder der Schule betreut. Verschiedene Arbeitsgemeinschaften, viel Sport und Aktivit\u00e4t, betreute Hausaufgaben\u2026 das Angebot sorgt f\u00fcr eine entspannte Zeit nach dem Unterricht und f\u00fcr eine angemessene Vereinbarkeit von Familie und Beruf f\u00fcr die [&hellip;]<\/p>\n","protected":false},"author":3,"featured_media":0,"parent":65,"menu_order":8,"comment_status":"closed","ping_status":"closed","template":"","meta":{"_uag_custom_page_level_css":"","footnotes":""},"class_list":["post-165","page","type-page","status-publish","hentry"],"uagb_featured_image_src":{"full":false,"thumbnail":false,"medium":false,"medium_large":false,"large":false,"1536x1536":false,"2048x2048":false,"post-thumbnail":false,"evolve-post-thumbnail":false,"evolve-slider-thumbnail":false,"evolve-tabs-img":false,"evolve-testimonial-avatar":false},"uagb_author_info":{"display_name":"Roesner","author_link":"https:\/\/salvator-schule.de\/?author=3"},"uagb_comment_info":0,"uagb_excerpt":"Verein der Salvatoris e.V. Der Verein der Salvatoris e.V. ist der Tr\u00e4ger der Offenen Ganztagsschule an unserer Schule. Hier werden rund 160 Kinder der Schule betreut. Verschiedene Arbeitsgemeinschaften, viel Sport und Aktivit\u00e4t, betreute Hausaufgaben\u2026 das Angebot sorgt f\u00fcr eine entspannte Zeit nach dem Unterricht und f\u00fcr eine angemessene Vereinbarkeit von Familie und Beruf f\u00fcr die&hellip;","_links":{"self":[{"href":"https:\/\/salvator-schule.de\/index.php?rest_route=\/wp\/v2\/pages\/165"}],"collection":[{"href":"https:\/\/salvator-schule.de\/index.php?rest_route=\/wp\/v2\/pages"}],"about":[{"href":"https:\/\/salvator-schule.de\/index.php?rest_route=\/wp\/v2\/types\/page"}],"author":[{"embeddable":true,"href":"https:\/\/salvator-schule.de\/index.php?rest_route=\/wp\/v2\/users\/3"}],"replies":[{"embeddable":true,"href":"https:\/\/salvator-schule.de\/index.php?rest_route=%2Fwp%2Fv2%2Fcomments&post=165"}],"version-history":[{"count":11,"href":"https:\/\/salvator-schule.de\/index.php?rest_route=\/wp\/v2\/pages\/165\/revisions"}],"predecessor-version":[{"id":7630,"href":"https:\/\/salvator-schule.de\/index.php?rest_route=\/wp\/v2\/pages\/165\/revisions\/7630"}],"up":[{"embeddable":true,"href":"https:\/\/salvator-schule.de\/index.php?rest_route=\/wp\/v2\/pages\/65"}],"wp:attachment":[{"href":"https:\/\/salvator-schule.de\/index.php?rest_route=%2Fwp%2Fv2%2Fmedia&parent=165"}],"curies":[{"name":"wp","href":"https:\/\/api.w.org\/{rel}","templated":true}]}}