{"id":180,"date":"2016-08-31T13:36:17","date_gmt":"2016-08-31T13:36:17","guid":{"rendered":"http:\/\/wordpress.salvator-schule.de\/?page_id=180"},"modified":"2024-08-04T06:35:09","modified_gmt":"2024-08-04T06:35:09","slug":"klassen","status":"publish","type":"page","link":"https:\/\/salvator-schule.de\/?page_id=180","title":{"rendered":"Klassen"},"content":{"rendered":"<p><strong>Hier ein paar allgemeine Informationen zu unseren Klassen und Klassenlehrerinnen:<\/strong><\/p>\n<p>Unsere Klassen in den Jahrgangsstufen 1 und 2 werden von unserer Sozialp\u00e4dagogin F. Hampel begleitet und gef\u00f6rdert.<\/p>\n<p>Alles unsere Stufen haben sonderp\u00e4dagogische Unterst\u00fctzung von unseren drei Sonderp\u00e4dagoginnen S. Eick, S. Fieber &amp; B. Seitz.<\/p>\n<p>Auch alle Klassen haben dank unseres Integrationsassitentinnenpools weitere Unterst\u00fctzung. Auch wenn unsere Integrationsassitentinnen teilweise nur wenig Stunden pro Woche in den Klassen sein k\u00f6nnen sind wir sehr dankbar f\u00fcr diese Unterst\u00fctzung.<\/p>\n<p>Die Klassenleiterinnen sind alle per e-Mail zu erreichen -&gt; Anfangsbuchstabe-des-Vornames.Nachname@sal-dormagen.de (z.B. c.roesner@sal-dormagen.de)<\/p>\n","protected":false},"excerpt":{"rendered":"<p>Hier ein paar allgemeine Informationen zu unseren Klassen und Klassenlehrerinnen: Unsere Klassen in den Jahrgangsstufen 1 und 2 werden von unserer Sozialp\u00e4dagogin F. Hampel begleitet und gef\u00f6rdert. Alles unsere Stufen haben sonderp\u00e4dagogische Unterst\u00fctzung von unseren drei Sonderp\u00e4dagoginnen S. Eick, S. Fieber &amp; B. Seitz. Auch alle Klassen haben dank unseres Integrationsassitentinnenpools weitere Unterst\u00fctzung. Auch wenn [&hellip;]<\/p>\n","protected":false},"author":3,"featured_media":0,"parent":0,"menu_order":0,"comment_status":"closed","ping_status":"closed","template":"","meta":{"_uag_custom_page_level_css":"","footnotes":""},"class_list":["post-180","page","type-page","status-publish","hentry"],"uagb_featured_image_src":{"full":false,"thumbnail":false,"medium":false,"medium_large":false,"large":false,"1536x1536":false,"2048x2048":false,"post-thumbnail":false,"evolve-post-thumbnail":false,"evolve-slider-thumbnail":false,"evolve-tabs-img":false,"evolve-testimonial-avatar":false},"uagb_author_info":{"display_name":"Roesner","author_link":"https:\/\/salvator-schule.de\/?author=3"},"uagb_comment_info":0,"uagb_excerpt":"Hier ein paar allgemeine Informationen zu unseren Klassen und Klassenlehrerinnen: Unsere Klassen in den Jahrgangsstufen 1 und 2 werden von unserer Sozialp\u00e4dagogin F. Hampel begleitet und gef\u00f6rdert. Alles unsere Stufen haben sonderp\u00e4dagogische Unterst\u00fctzung von unseren drei Sonderp\u00e4dagoginnen S. Eick, S. Fieber &amp; B. Seitz. Auch alle Klassen haben dank unseres Integrationsassitentinnenpools weitere Unterst\u00fctzung. Auch wenn&hellip;","_links":{"self":[{"href":"https:\/\/salvator-schule.de\/index.php?rest_route=\/wp\/v2\/pages\/180"}],"collection":[{"href":"https:\/\/salvator-schule.de\/index.php?rest_route=\/wp\/v2\/pages"}],"about":[{"href":"https:\/\/salvator-schule.de\/index.php?rest_route=\/wp\/v2\/types\/page"}],"author":[{"embeddable":true,"href":"https:\/\/salvator-schule.de\/index.php?rest_route=\/wp\/v2\/users\/3"}],"replies":[{"embeddable":true,"href":"https:\/\/salvator-schule.de\/index.php?rest_route=%2Fwp%2Fv2%2Fcomments&post=180"}],"version-history":[{"count":14,"href":"https:\/\/salvator-schule.de\/index.php?rest_route=\/wp\/v2\/pages\/180\/revisions"}],"predecessor-version":[{"id":10053,"href":"https:\/\/salvator-schule.de\/index.php?rest_route=\/wp\/v2\/pages\/180\/revisions\/10053"}],"wp:attachment":[{"href":"https:\/\/salvator-schule.de\/index.php?rest_route=%2Fwp%2Fv2%2Fmedia&parent=180"}],"curies":[{"name":"wp","href":"https:\/\/api.w.org\/{rel}","templated":true}]}}