{"id":192,"date":"2016-08-31T13:38:03","date_gmt":"2016-08-31T13:38:03","guid":{"rendered":"http:\/\/wordpress.salvator-schule.de\/?page_id=192"},"modified":"2025-09-21T12:26:27","modified_gmt":"2025-09-21T12:26:27","slug":"klasse-3a","status":"publish","type":"page","link":"https:\/\/salvator-schule.de\/?page_id=192","title":{"rendered":"Klasse 4a &#8211; Waschb\u00e4rklasse"},"content":{"rendered":"<p style=\"text-align: left;\">\n<\/p><p style=\"text-align: left;\"><\/p>\n\n\n<p><\/p>\n\n\n\n<div class=\"wp-block-media-text alignwide has-media-on-the-right is-stacked-on-mobile\" style=\"grid-template-columns:auto 15%\"><div class=\"wp-block-media-text__content\">\n<p>Klassenlehrerin: Frau Pougin<\/p>\n\n\n\n<p>Sch\u00fclerzahl: 20<\/p>\n\n\n\n<p>Inklusionsklasse: nein<\/p>\n<\/div><figure class=\"wp-block-media-text__media\"><img loading=\"lazy\" decoding=\"async\" width=\"400\" height=\"600\" src=\"http:\/\/salvator-schule.de\/wp-content\/uploads\/2019\/09\/101606031.jpg\" alt=\"\" class=\"wp-image-5245 size-full\" srcset=\"https:\/\/salvator-schule.de\/wp-content\/uploads\/2019\/09\/101606031.jpg 400w, https:\/\/salvator-schule.de\/wp-content\/uploads\/2019\/09\/101606031-200x300.jpg 200w\" sizes=\"(max-width: 400px) 100vw, 400px\" \/><\/figure><\/div>\n\n\n\n<div style=\"height:100px\" aria-hidden=\"true\" class=\"wp-block-spacer\"><\/div>\n\n\n\n<p>Wir sind die Waschb\u00e4renklasse. In unseren ersten f\u00fcnf Wochen Schule haben wir uns schon gut in der Salvator Schule eingelebt. Bolle hei\u00dft unser Klassen-Waschb\u00e4r. Mit ihm haben wir einige lustige Sachen erlebt, aber auch beim Regeln einhalten, hilft er uns. Tinto der Kater lernt mit uns flei\u00dfig die Buchstaben. Den Tinto-Rap k\u00f6nnen wir alle schon sehr gut. Nat\u00fcrlich \u00fcben wir auch die Ziffern und die dazu geh\u00f6rigen Mengen. Heute haben wir die Neun schreiben ge\u00fcbt. Wenn wir nicht in der Klasse sind, dann turnt Bolle immer in der Klasse herum und Tinto hat schon ein paar Mal im Klassenschrank verschlafen. Wir sind gespannt, was wir im ersten Schuljahr noch so alles erleben und lernen.<\/p>\n\n\n\n<div style=\"height:100px\" aria-hidden=\"true\" class=\"wp-block-spacer\"><\/div>\n\n\n\n<p>Gemeinsam l\u00f6sen wir die Aufgaben im Zahlenraum bis 20<\/p>\n\n\n\n<figure class=\"wp-block-gallery has-nested-images columns-default is-cropped wp-block-gallery-1 is-layout-flex wp-block-gallery-is-layout-flex\">\n<figure class=\"wp-block-image size-large\"><img loading=\"lazy\" decoding=\"async\" width=\"600\" height=\"800\" data-id=\"9232\" src=\"https:\/\/salvator-schule.de\/wp-content\/uploads\/2023\/07\/IMG_3550.jpeg\" alt=\"\" class=\"wp-image-9232\" srcset=\"https:\/\/salvator-schule.de\/wp-content\/uploads\/2023\/07\/IMG_3550.jpeg 600w, https:\/\/salvator-schule.de\/wp-content\/uploads\/2023\/07\/IMG_3550-225x300.jpeg 225w\" sizes=\"(max-width: 600px) 100vw, 600px\" \/><\/figure>\n\n\n\n<figure class=\"wp-block-image size-large\"><img loading=\"lazy\" decoding=\"async\" width=\"1024\" height=\"768\" data-id=\"9240\" src=\"https:\/\/salvator-schule.de\/wp-content\/uploads\/2023\/07\/IMG_3561-1024x768.png\" alt=\"\" class=\"wp-image-9240\" srcset=\"https:\/\/salvator-schule.de\/wp-content\/uploads\/2023\/07\/IMG_3561-1024x768.png 1024w, https:\/\/salvator-schule.de\/wp-content\/uploads\/2023\/07\/IMG_3561-300x225.png 300w, https:\/\/salvator-schule.de\/wp-content\/uploads\/2023\/07\/IMG_3561-768x576.png 768w, https:\/\/salvator-schule.de\/wp-content\/uploads\/2023\/07\/IMG_3561-1536x1151.png 1536w, https:\/\/salvator-schule.de\/wp-content\/uploads\/2023\/07\/IMG_3561-2048x1535.png 2048w, https:\/\/salvator-schule.de\/wp-content\/uploads\/2023\/07\/IMG_3561-400x300.png 400w\" sizes=\"(max-width: 1024px) 100vw, 1024px\" \/><\/figure>\n\n\n\n<figure class=\"wp-block-image size-large\"><img loading=\"lazy\" decoding=\"async\" width=\"1024\" height=\"768\" data-id=\"9241\" src=\"https:\/\/salvator-schule.de\/wp-content\/uploads\/2023\/07\/IMG_3562-1024x768.png\" alt=\"\" class=\"wp-image-9241\" srcset=\"https:\/\/salvator-schule.de\/wp-content\/uploads\/2023\/07\/IMG_3562-1024x768.png 1024w, https:\/\/salvator-schule.de\/wp-content\/uploads\/2023\/07\/IMG_3562-300x225.png 300w, https:\/\/salvator-schule.de\/wp-content\/uploads\/2023\/07\/IMG_3562-768x576.png 768w, https:\/\/salvator-schule.de\/wp-content\/uploads\/2023\/07\/IMG_3562-1536x1151.png 1536w, https:\/\/salvator-schule.de\/wp-content\/uploads\/2023\/07\/IMG_3562-2048x1535.png 2048w, https:\/\/salvator-schule.de\/wp-content\/uploads\/2023\/07\/IMG_3562-400x300.png 400w\" sizes=\"(max-width: 1024px) 100vw, 1024px\" \/><\/figure>\n<\/figure>\n\n\n\n<div style=\"height:100px\" aria-hidden=\"true\" class=\"wp-block-spacer\"><\/div>\n\n\n\n<p>Wir lieben unsere B\u00fccher(ei)zeit.<\/p>\n\n\n\n<figure class=\"wp-block-gallery has-nested-images columns-default is-cropped wp-block-gallery-2 is-layout-flex wp-block-gallery-is-layout-flex\">\n<figure class=\"wp-block-image size-large\"><a href=\"https:\/\/salvator-schule.de\/wp-content\/uploads\/2023\/07\/IMG_3563-scaled.jpeg\"><img loading=\"lazy\" decoding=\"async\" width=\"1024\" height=\"731\" data-id=\"9242\" src=\"https:\/\/salvator-schule.de\/wp-content\/uploads\/2023\/07\/IMG_3563-1024x731.jpeg\" alt=\"\" class=\"wp-image-9242\" srcset=\"https:\/\/salvator-schule.de\/wp-content\/uploads\/2023\/07\/IMG_3563-1024x731.jpeg 1024w, https:\/\/salvator-schule.de\/wp-content\/uploads\/2023\/07\/IMG_3563-300x214.jpeg 300w, https:\/\/salvator-schule.de\/wp-content\/uploads\/2023\/07\/IMG_3563-768x548.jpeg 768w, https:\/\/salvator-schule.de\/wp-content\/uploads\/2023\/07\/IMG_3563-1536x1096.jpeg 1536w, https:\/\/salvator-schule.de\/wp-content\/uploads\/2023\/07\/IMG_3563-2048x1461.jpeg 2048w\" sizes=\"(max-width: 1024px) 100vw, 1024px\" \/><\/a><\/figure>\n\n\n\n<figure class=\"wp-block-image size-large\"><a href=\"https:\/\/salvator-schule.de\/wp-content\/uploads\/2023\/07\/IMG_3549.jpeg\"><img loading=\"lazy\" decoding=\"async\" width=\"800\" height=\"600\" data-id=\"9233\" src=\"https:\/\/salvator-schule.de\/wp-content\/uploads\/2023\/07\/IMG_3549.jpeg\" alt=\"\" class=\"wp-image-9233\" srcset=\"https:\/\/salvator-schule.de\/wp-content\/uploads\/2023\/07\/IMG_3549.jpeg 800w, https:\/\/salvator-schule.de\/wp-content\/uploads\/2023\/07\/IMG_3549-300x225.jpeg 300w, https:\/\/salvator-schule.de\/wp-content\/uploads\/2023\/07\/IMG_3549-768x576.jpeg 768w, https:\/\/salvator-schule.de\/wp-content\/uploads\/2023\/07\/IMG_3549-400x300.jpeg 400w\" sizes=\"(max-width: 800px) 100vw, 800px\" \/><\/a><\/figure>\n<\/figure>\n\n\n\n<div style=\"height:100px\" aria-hidden=\"true\" class=\"wp-block-spacer\"><\/div>\n\n\n\n<figure class=\"wp-block-gallery has-nested-images columns-default is-cropped wp-block-gallery-3 is-layout-flex wp-block-gallery-is-layout-flex\">\n<figure class=\"wp-block-image size-large\"><a href=\"https:\/\/salvator-schule.de\/wp-content\/uploads\/2023\/07\/IMG_3558.jpeg\"><img loading=\"lazy\" decoding=\"async\" width=\"800\" height=\"450\" data-id=\"9224\" src=\"https:\/\/salvator-schule.de\/wp-content\/uploads\/2023\/07\/IMG_3558.jpeg\" alt=\"\" class=\"wp-image-9224\" srcset=\"https:\/\/salvator-schule.de\/wp-content\/uploads\/2023\/07\/IMG_3558.jpeg 800w, https:\/\/salvator-schule.de\/wp-content\/uploads\/2023\/07\/IMG_3558-300x169.jpeg 300w, https:\/\/salvator-schule.de\/wp-content\/uploads\/2023\/07\/IMG_3558-768x432.jpeg 768w\" sizes=\"(max-width: 800px) 100vw, 800px\" \/><\/a><\/figure>\n\n\n\n<figure class=\"wp-block-image size-large\"><a href=\"https:\/\/salvator-schule.de\/wp-content\/uploads\/2023\/07\/IMG_3559.jpeg\"><img loading=\"lazy\" decoding=\"async\" width=\"450\" height=\"800\" data-id=\"9223\" src=\"https:\/\/salvator-schule.de\/wp-content\/uploads\/2023\/07\/IMG_3559.jpeg\" alt=\"\" class=\"wp-image-9223\" srcset=\"https:\/\/salvator-schule.de\/wp-content\/uploads\/2023\/07\/IMG_3559.jpeg 450w, https:\/\/salvator-schule.de\/wp-content\/uploads\/2023\/07\/IMG_3559-169x300.jpeg 169w\" sizes=\"(max-width: 450px) 100vw, 450px\" \/><\/a><\/figure>\n\n\n\n<figure class=\"wp-block-image size-large\"><a href=\"https:\/\/salvator-schule.de\/wp-content\/uploads\/2023\/07\/IMG_3560.jpeg\"><img loading=\"lazy\" decoding=\"async\" width=\"450\" height=\"800\" data-id=\"9222\" src=\"https:\/\/salvator-schule.de\/wp-content\/uploads\/2023\/07\/IMG_3560.jpeg\" alt=\"\" class=\"wp-image-9222\" srcset=\"https:\/\/salvator-schule.de\/wp-content\/uploads\/2023\/07\/IMG_3560.jpeg 450w, https:\/\/salvator-schule.de\/wp-content\/uploads\/2023\/07\/IMG_3560-169x300.jpeg 169w\" sizes=\"(max-width: 450px) 100vw, 450px\" \/><\/a><\/figure>\n<\/figure>\n\n\n\n<div style=\"height:100px\" aria-hidden=\"true\" class=\"wp-block-spacer\"><\/div>\n\n\n\n<p>Nat\u00fcrlich sind die Pausenzeiten toll.<\/p>\n\n\n\n<figure class=\"wp-block-gallery has-nested-images columns-4 is-cropped wp-block-gallery-4 is-layout-flex wp-block-gallery-is-layout-flex\">\n<figure class=\"wp-block-image size-large\"><a href=\"https:\/\/salvator-schule.de\/wp-content\/uploads\/2023\/07\/IMG_3557.jpeg\"><img loading=\"lazy\" decoding=\"async\" width=\"450\" height=\"800\" data-id=\"9225\" src=\"https:\/\/salvator-schule.de\/wp-content\/uploads\/2023\/07\/IMG_3557.jpeg\" alt=\"\" class=\"wp-image-9225\" srcset=\"https:\/\/salvator-schule.de\/wp-content\/uploads\/2023\/07\/IMG_3557.jpeg 450w, https:\/\/salvator-schule.de\/wp-content\/uploads\/2023\/07\/IMG_3557-169x300.jpeg 169w\" sizes=\"(max-width: 450px) 100vw, 450px\" \/><\/a><\/figure>\n\n\n\n<figure class=\"wp-block-image size-large\"><a href=\"https:\/\/salvator-schule.de\/wp-content\/uploads\/2023\/07\/IMG_3556-scaled.jpeg\"><img loading=\"lazy\" decoding=\"async\" width=\"1024\" height=\"576\" data-id=\"9226\" src=\"https:\/\/salvator-schule.de\/wp-content\/uploads\/2023\/07\/IMG_3556-1024x576.jpeg\" alt=\"\" class=\"wp-image-9226\" srcset=\"https:\/\/salvator-schule.de\/wp-content\/uploads\/2023\/07\/IMG_3556-1024x576.jpeg 1024w, https:\/\/salvator-schule.de\/wp-content\/uploads\/2023\/07\/IMG_3556-300x169.jpeg 300w, https:\/\/salvator-schule.de\/wp-content\/uploads\/2023\/07\/IMG_3556-768x432.jpeg 768w, https:\/\/salvator-schule.de\/wp-content\/uploads\/2023\/07\/IMG_3556-1536x864.jpeg 1536w, https:\/\/salvator-schule.de\/wp-content\/uploads\/2023\/07\/IMG_3556-2048x1152.jpeg 2048w\" sizes=\"(max-width: 1024px) 100vw, 1024px\" \/><\/a><\/figure>\n\n\n\n<figure class=\"wp-block-image size-large\"><a href=\"https:\/\/salvator-schule.de\/wp-content\/uploads\/2023\/07\/IMG_3555.jpeg\"><img loading=\"lazy\" decoding=\"async\" width=\"450\" height=\"800\" data-id=\"9227\" src=\"https:\/\/salvator-schule.de\/wp-content\/uploads\/2023\/07\/IMG_3555.jpeg\" alt=\"\" class=\"wp-image-9227\" srcset=\"https:\/\/salvator-schule.de\/wp-content\/uploads\/2023\/07\/IMG_3555.jpeg 450w, https:\/\/salvator-schule.de\/wp-content\/uploads\/2023\/07\/IMG_3555-169x300.jpeg 169w\" sizes=\"(max-width: 450px) 100vw, 450px\" \/><\/a><\/figure>\n\n\n\n<figure class=\"wp-block-image size-large\"><a href=\"https:\/\/salvator-schule.de\/wp-content\/uploads\/2023\/07\/IMG_3554-scaled.jpeg\"><img loading=\"lazy\" decoding=\"async\" width=\"576\" height=\"1024\" data-id=\"9228\" src=\"https:\/\/salvator-schule.de\/wp-content\/uploads\/2023\/07\/IMG_3554-576x1024.jpeg\" alt=\"\" class=\"wp-image-9228\" srcset=\"https:\/\/salvator-schule.de\/wp-content\/uploads\/2023\/07\/IMG_3554-576x1024.jpeg 576w, https:\/\/salvator-schule.de\/wp-content\/uploads\/2023\/07\/IMG_3554-169x300.jpeg 169w, https:\/\/salvator-schule.de\/wp-content\/uploads\/2023\/07\/IMG_3554-768x1366.jpeg 768w, https:\/\/salvator-schule.de\/wp-content\/uploads\/2023\/07\/IMG_3554-864x1536.jpeg 864w, https:\/\/salvator-schule.de\/wp-content\/uploads\/2023\/07\/IMG_3554-1152x2048.jpeg 1152w, https:\/\/salvator-schule.de\/wp-content\/uploads\/2023\/07\/IMG_3554-scaled.jpeg 1439w\" sizes=\"(max-width: 576px) 100vw, 576px\" \/><\/a><\/figure>\n<\/figure>\n\n\n\n<div style=\"height:100px\" aria-hidden=\"true\" class=\"wp-block-spacer\"><\/div>\n\n\n\n<p>Die Lernzeit in der Freiarbeit wird gerne genutzt.<\/p>\n\n\n\n<figure class=\"wp-block-gallery has-nested-images columns-default is-cropped wp-block-gallery-5 is-layout-flex wp-block-gallery-is-layout-flex\">\n<figure class=\"wp-block-image size-large\"><a href=\"https:\/\/salvator-schule.de\/wp-content\/uploads\/2023\/07\/IMG_3551.jpeg\"><img loading=\"lazy\" decoding=\"async\" width=\"600\" height=\"800\" data-id=\"9231\" src=\"https:\/\/salvator-schule.de\/wp-content\/uploads\/2023\/07\/IMG_3551.jpeg\" alt=\"\" class=\"wp-image-9231\" srcset=\"https:\/\/salvator-schule.de\/wp-content\/uploads\/2023\/07\/IMG_3551.jpeg 600w, https:\/\/salvator-schule.de\/wp-content\/uploads\/2023\/07\/IMG_3551-225x300.jpeg 225w\" sizes=\"(max-width: 600px) 100vw, 600px\" \/><\/a><\/figure>\n\n\n\n<figure class=\"wp-block-image size-large\"><a href=\"https:\/\/salvator-schule.de\/wp-content\/uploads\/2023\/07\/IMG_3552.jpeg\"><img loading=\"lazy\" decoding=\"async\" width=\"450\" height=\"800\" data-id=\"9230\" src=\"https:\/\/salvator-schule.de\/wp-content\/uploads\/2023\/07\/IMG_3552.jpeg\" alt=\"\" class=\"wp-image-9230\" srcset=\"https:\/\/salvator-schule.de\/wp-content\/uploads\/2023\/07\/IMG_3552.jpeg 450w, https:\/\/salvator-schule.de\/wp-content\/uploads\/2023\/07\/IMG_3552-169x300.jpeg 169w\" sizes=\"(max-width: 450px) 100vw, 450px\" \/><\/a><\/figure>\n\n\n\n<figure class=\"wp-block-image size-large\"><a href=\"https:\/\/salvator-schule.de\/wp-content\/uploads\/2023\/07\/IMG_3553.jpeg\"><img loading=\"lazy\" decoding=\"async\" width=\"800\" height=\"450\" data-id=\"9229\" src=\"https:\/\/salvator-schule.de\/wp-content\/uploads\/2023\/07\/IMG_3553.jpeg\" alt=\"\" class=\"wp-image-9229\" srcset=\"https:\/\/salvator-schule.de\/wp-content\/uploads\/2023\/07\/IMG_3553.jpeg 800w, https:\/\/salvator-schule.de\/wp-content\/uploads\/2023\/07\/IMG_3553-300x169.jpeg 300w, https:\/\/salvator-schule.de\/wp-content\/uploads\/2023\/07\/IMG_3553-768x432.jpeg 768w\" sizes=\"(max-width: 800px) 100vw, 800px\" \/><\/a><\/figure>\n<\/figure>\n\n\n\n<div style=\"height:100px\" aria-hidden=\"true\" class=\"wp-block-spacer\"><\/div>\n\n\n\n<p>Unser Ausflug am letzten Schultag vor den Herbstferien \ud83c\udf41\ud83c\udf2c\ud83c\udf24<\/p>\n\n\n\n<figure class=\"wp-block-gallery has-nested-images columns-default is-cropped wp-block-gallery-6 is-layout-flex wp-block-gallery-is-layout-flex\">\n<figure class=\"wp-block-image size-medium\"><img loading=\"lazy\" decoding=\"async\" width=\"300\" height=\"225\" data-id=\"8655\" src=\"https:\/\/salvator-schule.de\/wp-content\/uploads\/2022\/10\/9ACF1244-5172-4923-9BD3-0E4937AF5D49-300x225.jpeg\" alt=\"\" class=\"wp-image-8655\" srcset=\"https:\/\/salvator-schule.de\/wp-content\/uploads\/2022\/10\/9ACF1244-5172-4923-9BD3-0E4937AF5D49-300x225.jpeg 300w, https:\/\/salvator-schule.de\/wp-content\/uploads\/2022\/10\/9ACF1244-5172-4923-9BD3-0E4937AF5D49-1024x768.jpeg 1024w, https:\/\/salvator-schule.de\/wp-content\/uploads\/2022\/10\/9ACF1244-5172-4923-9BD3-0E4937AF5D49-768x576.jpeg 768w, https:\/\/salvator-schule.de\/wp-content\/uploads\/2022\/10\/9ACF1244-5172-4923-9BD3-0E4937AF5D49-1536x1152.jpeg 1536w, https:\/\/salvator-schule.de\/wp-content\/uploads\/2022\/10\/9ACF1244-5172-4923-9BD3-0E4937AF5D49-400x300.jpeg 400w, https:\/\/salvator-schule.de\/wp-content\/uploads\/2022\/10\/9ACF1244-5172-4923-9BD3-0E4937AF5D49.jpeg 2000w\" sizes=\"(max-width: 300px) 100vw, 300px\" \/><\/figure>\n\n\n\n<figure class=\"wp-block-image size-medium\"><img loading=\"lazy\" decoding=\"async\" width=\"300\" height=\"225\" data-id=\"8658\" src=\"https:\/\/salvator-schule.de\/wp-content\/uploads\/2022\/10\/43CC9718-176A-440A-B32A-6B7CC2F99B96-300x225.jpeg\" alt=\"\" class=\"wp-image-8658\" srcset=\"https:\/\/salvator-schule.de\/wp-content\/uploads\/2022\/10\/43CC9718-176A-440A-B32A-6B7CC2F99B96-300x225.jpeg 300w, https:\/\/salvator-schule.de\/wp-content\/uploads\/2022\/10\/43CC9718-176A-440A-B32A-6B7CC2F99B96-1024x768.jpeg 1024w, https:\/\/salvator-schule.de\/wp-content\/uploads\/2022\/10\/43CC9718-176A-440A-B32A-6B7CC2F99B96-768x576.jpeg 768w, https:\/\/salvator-schule.de\/wp-content\/uploads\/2022\/10\/43CC9718-176A-440A-B32A-6B7CC2F99B96-1536x1152.jpeg 1536w, https:\/\/salvator-schule.de\/wp-content\/uploads\/2022\/10\/43CC9718-176A-440A-B32A-6B7CC2F99B96-400x300.jpeg 400w, https:\/\/salvator-schule.de\/wp-content\/uploads\/2022\/10\/43CC9718-176A-440A-B32A-6B7CC2F99B96.jpeg 2000w\" sizes=\"(max-width: 300px) 100vw, 300px\" \/><\/figure>\n\n\n\n<figure class=\"wp-block-image size-medium\"><img loading=\"lazy\" decoding=\"async\" width=\"300\" height=\"225\" data-id=\"8656\" src=\"https:\/\/salvator-schule.de\/wp-content\/uploads\/2022\/10\/43536977-9585-4101-A98C-6EA3741543F8-300x225.jpeg\" alt=\"\" class=\"wp-image-8656\" srcset=\"https:\/\/salvator-schule.de\/wp-content\/uploads\/2022\/10\/43536977-9585-4101-A98C-6EA3741543F8-300x225.jpeg 300w, https:\/\/salvator-schule.de\/wp-content\/uploads\/2022\/10\/43536977-9585-4101-A98C-6EA3741543F8-1024x768.jpeg 1024w, https:\/\/salvator-schule.de\/wp-content\/uploads\/2022\/10\/43536977-9585-4101-A98C-6EA3741543F8-768x576.jpeg 768w, https:\/\/salvator-schule.de\/wp-content\/uploads\/2022\/10\/43536977-9585-4101-A98C-6EA3741543F8-1536x1152.jpeg 1536w, https:\/\/salvator-schule.de\/wp-content\/uploads\/2022\/10\/43536977-9585-4101-A98C-6EA3741543F8-400x300.jpeg 400w, https:\/\/salvator-schule.de\/wp-content\/uploads\/2022\/10\/43536977-9585-4101-A98C-6EA3741543F8.jpeg 2000w\" sizes=\"(max-width: 300px) 100vw, 300px\" \/><\/figure>\n\n\n\n<figure class=\"wp-block-image size-medium\"><img loading=\"lazy\" decoding=\"async\" width=\"300\" height=\"225\" data-id=\"8654\" src=\"https:\/\/salvator-schule.de\/wp-content\/uploads\/2022\/10\/CC78B2B1-1BB8-484E-A531-1D2AA588907A-300x225.jpeg\" alt=\"\" class=\"wp-image-8654\" srcset=\"https:\/\/salvator-schule.de\/wp-content\/uploads\/2022\/10\/CC78B2B1-1BB8-484E-A531-1D2AA588907A-300x225.jpeg 300w, https:\/\/salvator-schule.de\/wp-content\/uploads\/2022\/10\/CC78B2B1-1BB8-484E-A531-1D2AA588907A-1024x768.jpeg 1024w, https:\/\/salvator-schule.de\/wp-content\/uploads\/2022\/10\/CC78B2B1-1BB8-484E-A531-1D2AA588907A-768x576.jpeg 768w, https:\/\/salvator-schule.de\/wp-content\/uploads\/2022\/10\/CC78B2B1-1BB8-484E-A531-1D2AA588907A-1536x1152.jpeg 1536w, https:\/\/salvator-schule.de\/wp-content\/uploads\/2022\/10\/CC78B2B1-1BB8-484E-A531-1D2AA588907A-400x300.jpeg 400w, https:\/\/salvator-schule.de\/wp-content\/uploads\/2022\/10\/CC78B2B1-1BB8-484E-A531-1D2AA588907A.jpeg 2000w\" sizes=\"(max-width: 300px) 100vw, 300px\" \/><\/figure>\n\n\n\n<figure class=\"wp-block-image size-medium\"><img loading=\"lazy\" decoding=\"async\" width=\"300\" height=\"225\" data-id=\"8657\" src=\"https:\/\/salvator-schule.de\/wp-content\/uploads\/2022\/10\/651B69A0-ABF4-44F2-8FC5-DAEA6F32A654-300x225.jpeg\" alt=\"\" class=\"wp-image-8657\" srcset=\"https:\/\/salvator-schule.de\/wp-content\/uploads\/2022\/10\/651B69A0-ABF4-44F2-8FC5-DAEA6F32A654-300x225.jpeg 300w, https:\/\/salvator-schule.de\/wp-content\/uploads\/2022\/10\/651B69A0-ABF4-44F2-8FC5-DAEA6F32A654-1024x768.jpeg 1024w, https:\/\/salvator-schule.de\/wp-content\/uploads\/2022\/10\/651B69A0-ABF4-44F2-8FC5-DAEA6F32A654-768x576.jpeg 768w, https:\/\/salvator-schule.de\/wp-content\/uploads\/2022\/10\/651B69A0-ABF4-44F2-8FC5-DAEA6F32A654-1536x1152.jpeg 1536w, https:\/\/salvator-schule.de\/wp-content\/uploads\/2022\/10\/651B69A0-ABF4-44F2-8FC5-DAEA6F32A654-400x300.jpeg 400w, https:\/\/salvator-schule.de\/wp-content\/uploads\/2022\/10\/651B69A0-ABF4-44F2-8FC5-DAEA6F32A654.jpeg 2000w\" sizes=\"(max-width: 300px) 100vw, 300px\" \/><\/figure>\n<\/figure>\n\n\n\n<div style=\"height:100px\" aria-hidden=\"true\" class=\"wp-block-spacer\"><\/div>\n","protected":false},"excerpt":{"rendered":"<p>Klassenlehrerin: Frau Pougin Sch\u00fclerzahl: 20 Inklusionsklasse: nein Wir sind die Waschb\u00e4renklasse. In unseren ersten f\u00fcnf Wochen Schule haben wir uns schon gut in der Salvator Schule eingelebt. Bolle hei\u00dft unser Klassen-Waschb\u00e4r. Mit ihm haben wir einige lustige Sachen erlebt, aber auch beim Regeln einhalten, hilft er uns. Tinto der Kater lernt mit uns flei\u00dfig die [&hellip;]<\/p>\n","protected":false},"author":3,"featured_media":0,"parent":180,"menu_order":5,"comment_status":"closed","ping_status":"closed","template":"","meta":{"_uag_custom_page_level_css":"","footnotes":""},"class_list":["post-192","page","type-page","status-publish","hentry"],"uagb_featured_image_src":{"full":false,"thumbnail":false,"medium":false,"medium_large":false,"large":false,"1536x1536":false,"2048x2048":false,"post-thumbnail":false,"evolve-post-thumbnail":false,"evolve-slider-thumbnail":false,"evolve-tabs-img":false,"evolve-testimonial-avatar":false},"uagb_author_info":{"display_name":"Roesner","author_link":"https:\/\/salvator-schule.de\/?author=3"},"uagb_comment_info":0,"uagb_excerpt":"Klassenlehrerin: Frau Pougin Sch\u00fclerzahl: 20 Inklusionsklasse: nein Wir sind die Waschb\u00e4renklasse. In unseren ersten f\u00fcnf Wochen Schule haben wir uns schon gut in der Salvator Schule eingelebt. Bolle hei\u00dft unser Klassen-Waschb\u00e4r. Mit ihm haben wir einige lustige Sachen erlebt, aber auch beim Regeln einhalten, hilft er uns. Tinto der Kater lernt mit uns flei\u00dfig die&hellip;","_links":{"self":[{"href":"https:\/\/salvator-schule.de\/index.php?rest_route=\/wp\/v2\/pages\/192"}],"collection":[{"href":"https:\/\/salvator-schule.de\/index.php?rest_route=\/wp\/v2\/pages"}],"about":[{"href":"https:\/\/salvator-schule.de\/index.php?rest_route=\/wp\/v2\/types\/page"}],"author":[{"embeddable":true,"href":"https:\/\/salvator-schule.de\/index.php?rest_route=\/wp\/v2\/users\/3"}],"replies":[{"embeddable":true,"href":"https:\/\/salvator-schule.de\/index.php?rest_route=%2Fwp%2Fv2%2Fcomments&post=192"}],"version-history":[{"count":61,"href":"https:\/\/salvator-schule.de\/index.php?rest_route=\/wp\/v2\/pages\/192\/revisions"}],"predecessor-version":[{"id":10694,"href":"https:\/\/salvator-schule.de\/index.php?rest_route=\/wp\/v2\/pages\/192\/revisions\/10694"}],"up":[{"embeddable":true,"href":"https:\/\/salvator-schule.de\/index.php?rest_route=\/wp\/v2\/pages\/180"}],"wp:attachment":[{"href":"https:\/\/salvator-schule.de\/index.php?rest_route=%2Fwp%2Fv2%2Fmedia&parent=192"}],"curies":[{"name":"wp","href":"https:\/\/api.w.org\/{rel}","templated":true}]}}