{"id":255,"date":"2016-08-31T14:16:08","date_gmt":"2016-08-31T14:16:08","guid":{"rendered":"http:\/\/wordpress.salvator-schule.de\/?page_id=255"},"modified":"2022-03-15T07:19:56","modified_gmt":"2022-03-15T07:19:56","slug":"termine","status":"publish","type":"page","link":"https:\/\/salvator-schule.de\/?page_id=255","title":{"rendered":"Termine"},"content":{"rendered":"\n<div class=\"wp-block-media-text alignwide\" style=\"grid-template-columns:23% auto\"><figure class=\"wp-block-media-text__media\"><img loading=\"lazy\" decoding=\"async\" width=\"1024\" height=\"760\" src=\"http:\/\/salvator-schule.de\/wp-content\/uploads\/2020\/04\/Terminkalender-1024x760.png\" alt=\"\" class=\"wp-image-6134 size-full\" srcset=\"https:\/\/salvator-schule.de\/wp-content\/uploads\/2020\/04\/Terminkalender-1024x760.png 1024w, https:\/\/salvator-schule.de\/wp-content\/uploads\/2020\/04\/Terminkalender-300x223.png 300w, https:\/\/salvator-schule.de\/wp-content\/uploads\/2020\/04\/Terminkalender-768x570.png 768w, https:\/\/salvator-schule.de\/wp-content\/uploads\/2020\/04\/Terminkalender-1536x1141.png 1536w, https:\/\/salvator-schule.de\/wp-content\/uploads\/2020\/04\/Terminkalender-2048x1521.png 2048w\" sizes=\"(max-width: 1024px) 100vw, 1024px\" \/><\/figure><div class=\"wp-block-media-text__content\">\n<p style=\"font-size:15px\">F\u00fcr Ihre kurz- und langfristige Planung geben wir folgende Termine bekannt:<\/p>\n<\/div><\/div>\n\n\n\n<figure class=\"wp-block-table\"><table class=\"has-background\" style=\"background-color:#e7f5fe\"><tbody><tr><td class=\"has-text-align-center\" data-align=\"center\">Osterferien 2022<\/td><td class=\"has-text-align-center\" data-align=\"center\">11.04. &#8211; 22.04.2022<\/td><td>OGS ge\u00f6ffnet<\/td><\/tr><tr><td class=\"has-text-align-center\" data-align=\"center\">Beweglicher Ferientag<\/td><td class=\"has-text-align-center\" data-align=\"center\"><\/td><td> OGS geschlossen               (Christi Himmelfahrt)<\/td><\/tr><tr><td class=\"has-text-align-center\" data-align=\"center\">Pfingsten 2022 <\/td><td class=\"has-text-align-center\" data-align=\"center\"><\/td><td> OGS geschlossen<\/td><\/tr><tr><td class=\"has-text-align-center\" data-align=\"center\">Beweglicher Ferientag<\/td><td class=\"has-text-align-center\" data-align=\"center\"><\/td><td>OGS geschlossen (Fronleichnam)<\/td><\/tr><tr><td class=\"has-text-align-center\" data-align=\"center\">Sommerferien 2022<\/td><td class=\"has-text-align-center\" data-align=\"center\"><\/td><td>OGS in den ersten drei Wochen ge\u00f6ffnet<\/td><\/tr><tr><td class=\"has-text-align-center\" data-align=\"center\">Herbstferien 2022<\/td><td class=\"has-text-align-center\" data-align=\"center\"><\/td><td>OGS ge\u00f6ffnet<\/td><\/tr><tr><td class=\"has-text-align-center\" data-align=\"center\"> Weihnachtsferien 2022 <\/td><td class=\"has-text-align-center\" data-align=\"center\"><\/td><td>OGS geschlossen<\/td><\/tr><tr><td class=\"has-text-align-center\" data-align=\"center\"><\/td><td class=\"has-text-align-center\" data-align=\"center\"><\/td><td><\/td><\/tr><\/tbody><\/table><\/figure>\n\n\n\n<p><\/p>\n\n\n\n<hr class=\"wp-block-separator\"\/>\n\n\n\n<p><strong>Sonstiges:<\/strong><\/p>\n\n\n\n<p class=\"has-cyan-bluish-gray-background-color has-background\">Der Adventsbasar f\u00e4llt dieses Jahr Corona bedingt aus.<\/p>\n\n\n\n<p class=\"has-white-background-color has-background\"><\/p>\n\n\n\n<p class=\"has-pale-cyan-blue-background-color has-background\">Lehrerfortbildung (KILF), ______ die Schule ist geschlossen, die OGS offen.<\/p>\n\n\n\n<p class=\"has-pale-cyan-blue-background-color has-background\">P\u00e4dagogischer Tag (OGS), _______ die OGS bleibt geschlossen.<\/p>\n\n\n\n<p><\/p>\n\n\n\n<p><\/p>\n","protected":false},"excerpt":{"rendered":"<p>F\u00fcr Ihre kurz- und langfristige Planung geben wir folgende Termine bekannt: Osterferien 2022 11.04. &#8211; 22.04.2022 OGS ge\u00f6ffnet Beweglicher Ferientag OGS geschlossen (Christi Himmelfahrt) Pfingsten 2022 OGS geschlossen Beweglicher Ferientag OGS geschlossen (Fronleichnam) Sommerferien 2022 OGS in den ersten drei Wochen ge\u00f6ffnet Herbstferien 2022 OGS ge\u00f6ffnet Weihnachtsferien 2022 OGS geschlossen Sonstiges: Der Adventsbasar f\u00e4llt dieses [&hellip;]<\/p>\n","protected":false},"author":3,"featured_media":0,"parent":148,"menu_order":1,"comment_status":"closed","ping_status":"closed","template":"","meta":{"_uag_custom_page_level_css":"","footnotes":""},"class_list":["post-255","page","type-page","status-publish","hentry"],"uagb_featured_image_src":{"full":false,"thumbnail":false,"medium":false,"medium_large":false,"large":false,"1536x1536":false,"2048x2048":false,"post-thumbnail":false,"evolve-post-thumbnail":false,"evolve-slider-thumbnail":false,"evolve-tabs-img":false,"evolve-testimonial-avatar":false},"uagb_author_info":{"display_name":"Roesner","author_link":"https:\/\/salvator-schule.de\/?author=3"},"uagb_comment_info":0,"uagb_excerpt":"F\u00fcr Ihre kurz- und langfristige Planung geben wir folgende Termine bekannt: Osterferien 2022 11.04. &#8211; 22.04.2022 OGS ge\u00f6ffnet Beweglicher Ferientag OGS geschlossen (Christi Himmelfahrt) Pfingsten 2022 OGS geschlossen Beweglicher Ferientag OGS geschlossen (Fronleichnam) Sommerferien 2022 OGS in den ersten drei Wochen ge\u00f6ffnet Herbstferien 2022 OGS ge\u00f6ffnet Weihnachtsferien 2022 OGS geschlossen Sonstiges: Der Adventsbasar f\u00e4llt dieses&hellip;","_links":{"self":[{"href":"https:\/\/salvator-schule.de\/index.php?rest_route=\/wp\/v2\/pages\/255"}],"collection":[{"href":"https:\/\/salvator-schule.de\/index.php?rest_route=\/wp\/v2\/pages"}],"about":[{"href":"https:\/\/salvator-schule.de\/index.php?rest_route=\/wp\/v2\/types\/page"}],"author":[{"embeddable":true,"href":"https:\/\/salvator-schule.de\/index.php?rest_route=\/wp\/v2\/users\/3"}],"replies":[{"embeddable":true,"href":"https:\/\/salvator-schule.de\/index.php?rest_route=%2Fwp%2Fv2%2Fcomments&post=255"}],"version-history":[{"count":27,"href":"https:\/\/salvator-schule.de\/index.php?rest_route=\/wp\/v2\/pages\/255\/revisions"}],"predecessor-version":[{"id":8134,"href":"https:\/\/salvator-schule.de\/index.php?rest_route=\/wp\/v2\/pages\/255\/revisions\/8134"}],"up":[{"embeddable":true,"href":"https:\/\/salvator-schule.de\/index.php?rest_route=\/wp\/v2\/pages\/148"}],"wp:attachment":[{"href":"https:\/\/salvator-schule.de\/index.php?rest_route=%2Fwp%2Fv2%2Fmedia&parent=255"}],"curies":[{"name":"wp","href":"https:\/\/api.w.org\/{rel}","templated":true}]}}