{"id":6466,"date":"2020-04-14T15:54:03","date_gmt":"2020-04-14T15:54:03","guid":{"rendered":"http:\/\/salvator-schule.de\/?page_id=6466"},"modified":"2020-10-12T10:02:12","modified_gmt":"2020-10-12T10:02:12","slug":"politik-zum-anfassen","status":"publish","type":"page","link":"https:\/\/salvator-schule.de\/?page_id=6466","title":{"rendered":"Politik zum Anfassen"},"content":{"rendered":"\n<p>In diesem Ferienprojekt aus 2019 drehte sich alles um das Thema Politik. Lukas Funck und Heike Kn\u00f6chel schauten jeden Morgen erst einmal die Kindernachrichten und besprachen sie mit der ganzen Gruppe. Es war erstaunlich, wie viele Kinder nun selbst\u00e4ndig zu Hause die Nachrichten schauten, um am n\u00e4chsten Tag mitreden zu k\u00f6nnen.<\/p>\n\n\n\n<p>Das Thema Kinderrechte nahm ein gro\u00dfes Feld ein. Was sind diese Rechte, wo sind sie niedergeschrieben und wie kann es sein, dass Dinge die f\u00fcr uns selbstverst\u00e4ndlich sind, als Kinderrechet aufgeschrieben werden m\u00fcssen!<\/p>\n\n\n\n<p>Wir schauten einen wirklich interessanten Beitrag der <a rel=\"noreferrer noopener\" href=\"https:\/\/www.wdrmaus.de\/filme\/sachgeschichten\/wahlmaus.php5\" target=\"_blank\">Sendung mit der Maus zum Thema Wahl.<\/a> Der Ablauf war f\u00fcr die Kinder so spannend, dass sie sich w\u00fcnschten, dieses selbst einmal zu erleben. Also wurde kurzerhand der Computerraum zum Wahllokal. Wahlzettel, Wahlurne und Wahlkabine wurden gebastelt und hergerichtet. Es wurden einzelne Parteien gegr\u00fcndet und Wahlkampf betrieben. Hier merkten die Kinder ganz schnell, dass es man pl\u00f6tzlich ganz viel verspricht, auf dem Stimmenfang. Und dass es ganz sch\u00f6n schwierig ist, all die Wahlversprechen einzuhalten.<\/p>\n\n\n\n<figure class=\"wp-block-gallery columns-3 is-cropped wp-block-gallery-1 is-layout-flex wp-block-gallery-is-layout-flex\"><ul class=\"blocks-gallery-grid\"><li class=\"blocks-gallery-item\"><figure><img loading=\"lazy\" decoding=\"async\" width=\"768\" height=\"1024\" src=\"http:\/\/salvator-schule.de\/wp-content\/uploads\/2020\/04\/20190416_112529-768x1024.jpg\" alt=\"\" data-id=\"6470\" data-full-url=\"http:\/\/salvator-schule.de\/wp-content\/uploads\/2020\/04\/20190416_112529-scaled.jpg\" data-link=\"http:\/\/salvator-schule.de\/?attachment_id=6470\" class=\"wp-image-6470\" srcset=\"https:\/\/salvator-schule.de\/wp-content\/uploads\/2020\/04\/20190416_112529-768x1024.jpg 768w, https:\/\/salvator-schule.de\/wp-content\/uploads\/2020\/04\/20190416_112529-225x300.jpg 225w, https:\/\/salvator-schule.de\/wp-content\/uploads\/2020\/04\/20190416_112529-1152x1536.jpg 1152w, https:\/\/salvator-schule.de\/wp-content\/uploads\/2020\/04\/20190416_112529-1536x2048.jpg 1536w, https:\/\/salvator-schule.de\/wp-content\/uploads\/2020\/04\/20190416_112529-scaled.jpg 1920w\" sizes=\"(max-width: 768px) 100vw, 768px\" \/><\/figure><\/li><li class=\"blocks-gallery-item\"><figure><img loading=\"lazy\" decoding=\"async\" width=\"1024\" height=\"477\" src=\"http:\/\/salvator-schule.de\/wp-content\/uploads\/2020\/04\/Logo-nachrichten-1024x477.png\" alt=\"\" data-id=\"6475\" data-full-url=\"http:\/\/salvator-schule.de\/wp-content\/uploads\/2020\/04\/Logo-nachrichten.png\" data-link=\"http:\/\/salvator-schule.de\/?attachment_id=6475\" class=\"wp-image-6475\" srcset=\"https:\/\/salvator-schule.de\/wp-content\/uploads\/2020\/04\/Logo-nachrichten-1024x477.png 1024w, https:\/\/salvator-schule.de\/wp-content\/uploads\/2020\/04\/Logo-nachrichten-300x140.png 300w, https:\/\/salvator-schule.de\/wp-content\/uploads\/2020\/04\/Logo-nachrichten-768x358.png 768w, https:\/\/salvator-schule.de\/wp-content\/uploads\/2020\/04\/Logo-nachrichten.png 1350w\" sizes=\"(max-width: 1024px) 100vw, 1024px\" \/><\/figure><\/li><li class=\"blocks-gallery-item\"><figure><img loading=\"lazy\" decoding=\"async\" width=\"768\" height=\"1024\" src=\"http:\/\/salvator-schule.de\/wp-content\/uploads\/2020\/04\/20190416_112631-1-768x1024.jpg\" alt=\"\" data-id=\"6471\" data-full-url=\"http:\/\/salvator-schule.de\/wp-content\/uploads\/2020\/04\/20190416_112631-1-scaled.jpg\" data-link=\"http:\/\/salvator-schule.de\/?attachment_id=6471\" class=\"wp-image-6471\" srcset=\"https:\/\/salvator-schule.de\/wp-content\/uploads\/2020\/04\/20190416_112631-1-768x1024.jpg 768w, https:\/\/salvator-schule.de\/wp-content\/uploads\/2020\/04\/20190416_112631-1-225x300.jpg 225w, https:\/\/salvator-schule.de\/wp-content\/uploads\/2020\/04\/20190416_112631-1-1152x1536.jpg 1152w, https:\/\/salvator-schule.de\/wp-content\/uploads\/2020\/04\/20190416_112631-1-1536x2048.jpg 1536w, https:\/\/salvator-schule.de\/wp-content\/uploads\/2020\/04\/20190416_112631-1-scaled.jpg 1920w\" sizes=\"(max-width: 768px) 100vw, 768px\" \/><\/figure><\/li><li class=\"blocks-gallery-item\"><figure><img loading=\"lazy\" decoding=\"async\" width=\"1024\" height=\"486\" src=\"http:\/\/salvator-schule.de\/wp-content\/uploads\/2020\/04\/Nico-Wahlplakat-1024x486.png\" alt=\"\" data-id=\"6446\" data-full-url=\"http:\/\/salvator-schule.de\/wp-content\/uploads\/2020\/04\/Nico-Wahlplakat.png\" data-link=\"http:\/\/salvator-schule.de\/?attachment_id=6446\" class=\"wp-image-6446\" srcset=\"https:\/\/salvator-schule.de\/wp-content\/uploads\/2020\/04\/Nico-Wahlplakat-1024x486.png 1024w, https:\/\/salvator-schule.de\/wp-content\/uploads\/2020\/04\/Nico-Wahlplakat-300x142.png 300w, https:\/\/salvator-schule.de\/wp-content\/uploads\/2020\/04\/Nico-Wahlplakat-768x364.png 768w, https:\/\/salvator-schule.de\/wp-content\/uploads\/2020\/04\/Nico-Wahlplakat.png 1416w\" sizes=\"(max-width: 1024px) 100vw, 1024px\" \/><\/figure><\/li><li class=\"blocks-gallery-item\"><figure><img loading=\"lazy\" decoding=\"async\" width=\"768\" height=\"1024\" src=\"http:\/\/salvator-schule.de\/wp-content\/uploads\/2020\/04\/20190416_112638-1-768x1024.jpg\" alt=\"\" data-id=\"6473\" data-full-url=\"http:\/\/salvator-schule.de\/wp-content\/uploads\/2020\/04\/20190416_112638-1-scaled.jpg\" data-link=\"http:\/\/salvator-schule.de\/?attachment_id=6473\" class=\"wp-image-6473\" srcset=\"https:\/\/salvator-schule.de\/wp-content\/uploads\/2020\/04\/20190416_112638-1-768x1024.jpg 768w, https:\/\/salvator-schule.de\/wp-content\/uploads\/2020\/04\/20190416_112638-1-225x300.jpg 225w, https:\/\/salvator-schule.de\/wp-content\/uploads\/2020\/04\/20190416_112638-1-1152x1536.jpg 1152w, https:\/\/salvator-schule.de\/wp-content\/uploads\/2020\/04\/20190416_112638-1-1536x2048.jpg 1536w, https:\/\/salvator-schule.de\/wp-content\/uploads\/2020\/04\/20190416_112638-1-scaled.jpg 1920w\" sizes=\"(max-width: 768px) 100vw, 768px\" \/><\/figure><\/li><li class=\"blocks-gallery-item\"><figure><img loading=\"lazy\" decoding=\"async\" width=\"1024\" height=\"477\" src=\"http:\/\/salvator-schule.de\/wp-content\/uploads\/2020\/04\/Wahlurne-1024x477.png\" alt=\"\" data-id=\"6477\" data-full-url=\"http:\/\/salvator-schule.de\/wp-content\/uploads\/2020\/04\/Wahlurne.png\" data-link=\"http:\/\/salvator-schule.de\/?attachment_id=6477\" class=\"wp-image-6477\" srcset=\"https:\/\/salvator-schule.de\/wp-content\/uploads\/2020\/04\/Wahlurne-1024x477.png 1024w, https:\/\/salvator-schule.de\/wp-content\/uploads\/2020\/04\/Wahlurne-300x140.png 300w, https:\/\/salvator-schule.de\/wp-content\/uploads\/2020\/04\/Wahlurne-768x358.png 768w, https:\/\/salvator-schule.de\/wp-content\/uploads\/2020\/04\/Wahlurne.png 1350w\" sizes=\"(max-width: 1024px) 100vw, 1024px\" \/><\/figure><\/li><li class=\"blocks-gallery-item\"><figure><img loading=\"lazy\" decoding=\"async\" width=\"1024\" height=\"477\" src=\"http:\/\/salvator-schule.de\/wp-content\/uploads\/2020\/04\/Kinderrechte-1024x477.png\" alt=\"\" data-id=\"6478\" data-full-url=\"http:\/\/salvator-schule.de\/wp-content\/uploads\/2020\/04\/Kinderrechte.png\" data-link=\"http:\/\/salvator-schule.de\/?attachment_id=6478\" class=\"wp-image-6478\" srcset=\"https:\/\/salvator-schule.de\/wp-content\/uploads\/2020\/04\/Kinderrechte-1024x477.png 1024w, https:\/\/salvator-schule.de\/wp-content\/uploads\/2020\/04\/Kinderrechte-300x140.png 300w, https:\/\/salvator-schule.de\/wp-content\/uploads\/2020\/04\/Kinderrechte-768x358.png 768w, https:\/\/salvator-schule.de\/wp-content\/uploads\/2020\/04\/Kinderrechte.png 1350w\" sizes=\"(max-width: 1024px) 100vw, 1024px\" \/><\/figure><\/li><\/ul><\/figure>\n\n\n\n<p><\/p>\n","protected":false},"excerpt":{"rendered":"<p>In diesem Ferienprojekt aus 2019 drehte sich alles um das Thema Politik. Lukas Funck und Heike Kn\u00f6chel schauten jeden Morgen erst einmal die Kindernachrichten und besprachen sie mit der ganzen Gruppe. Es war erstaunlich, wie viele Kinder nun selbst\u00e4ndig zu Hause die Nachrichten schauten, um am n\u00e4chsten Tag mitreden zu k\u00f6nnen. Das Thema Kinderrechte nahm [&hellip;]<\/p>\n","protected":false},"author":4,"featured_media":0,"parent":0,"menu_order":0,"comment_status":"closed","ping_status":"closed","template":"","meta":{"_uag_custom_page_level_css":"","footnotes":""},"class_list":["post-6466","page","type-page","status-publish","hentry"],"uagb_featured_image_src":{"full":false,"thumbnail":false,"medium":false,"medium_large":false,"large":false,"1536x1536":false,"2048x2048":false,"post-thumbnail":false,"evolve-post-thumbnail":false,"evolve-slider-thumbnail":false,"evolve-tabs-img":false,"evolve-testimonial-avatar":false},"uagb_author_info":{"display_name":"H. Kn\u00f6chel","author_link":"https:\/\/salvator-schule.de\/?author=4"},"uagb_comment_info":0,"uagb_excerpt":"In diesem Ferienprojekt aus 2019 drehte sich alles um das Thema Politik. Lukas Funck und Heike Kn\u00f6chel schauten jeden Morgen erst einmal die Kindernachrichten und besprachen sie mit der ganzen Gruppe. Es war erstaunlich, wie viele Kinder nun selbst\u00e4ndig zu Hause die Nachrichten schauten, um am n\u00e4chsten Tag mitreden zu k\u00f6nnen. Das Thema Kinderrechte nahm&hellip;","_links":{"self":[{"href":"https:\/\/salvator-schule.de\/index.php?rest_route=\/wp\/v2\/pages\/6466"}],"collection":[{"href":"https:\/\/salvator-schule.de\/index.php?rest_route=\/wp\/v2\/pages"}],"about":[{"href":"https:\/\/salvator-schule.de\/index.php?rest_route=\/wp\/v2\/types\/page"}],"author":[{"embeddable":true,"href":"https:\/\/salvator-schule.de\/index.php?rest_route=\/wp\/v2\/users\/4"}],"replies":[{"embeddable":true,"href":"https:\/\/salvator-schule.de\/index.php?rest_route=%2Fwp%2Fv2%2Fcomments&post=6466"}],"version-history":[{"count":4,"href":"https:\/\/salvator-schule.de\/index.php?rest_route=\/wp\/v2\/pages\/6466\/revisions"}],"predecessor-version":[{"id":7289,"href":"https:\/\/salvator-schule.de\/index.php?rest_route=\/wp\/v2\/pages\/6466\/revisions\/7289"}],"wp:attachment":[{"href":"https:\/\/salvator-schule.de\/index.php?rest_route=%2Fwp%2Fv2%2Fmedia&parent=6466"}],"curies":[{"name":"wp","href":"https:\/\/api.w.org\/{rel}","templated":true}]}}