{"id":6910,"date":"2020-07-08T11:02:30","date_gmt":"2020-07-08T11:02:30","guid":{"rendered":"http:\/\/salvator-schule.de\/?page_id=6910"},"modified":"2024-09-04T13:49:36","modified_gmt":"2024-09-04T13:49:36","slug":"aktuelle-infos","status":"publish","type":"page","link":"https:\/\/salvator-schule.de\/?page_id=6910","title":{"rendered":"Aktuelle Infos"},"content":{"rendered":"\n<p><\/p>\n\n\n\n<p class=\"has-luminous-vivid-amber-background-color has-background\">Wir arbeiten in einem offenen Betreuungssystem. Die Kinder sind w\u00e4hrend des Unterrichtes, beim Mittagessen und den Lernzeiten im Klassenverband. Danach k\u00f6nnen sie frei w\u00e4hlen, ob sie im Innen- oder Aussenbereich frei spielen oder eine AG besuchen.                                      <\/p>\n\n\n\n<p class=\"has-background\" style=\"background-color:#a3a300\">Die Kinder der Klasse 1 werden \u00fcber den Haupteingang, Klasse 2 \u00fcber den Seiteneingang (Zugang Turnhalle), Klasse 3 und 4 \u00fcber den Seiteneingang (Feuertreppe Dantestrasse)Zugang Turnhalle) entlassen.                           <\/p>\n\n\n\n<p class=\"has-black-color has-luminous-vivid-orange-background-color has-text-color has-background has-medium-font-size\">Wir bitten alle Eltern, w\u00e4hrend der Abholzeiten nicht mit dem Auto vorzufahren.!<\/p>\n\n\n\n<p class=\"has-vivid-green-cyan-background-color has-background\">An Tagen, an denen nur die OGS ge\u00f6ffnet ist (kein Unterricht), geben Sie den Kindern ein kleines Fr\u00fchst\u00fcck mit. Der Toni bleibt zu Hause&#8230;<\/p>\n","protected":false},"excerpt":{"rendered":"<p>Wir arbeiten in einem offenen Betreuungssystem. Die Kinder sind w\u00e4hrend des Unterrichtes, beim Mittagessen und den Lernzeiten im Klassenverband. Danach k\u00f6nnen sie frei w\u00e4hlen, ob sie im Innen- oder Aussenbereich frei spielen oder eine AG besuchen. Die Kinder der Klasse 1 werden \u00fcber den Haupteingang, Klasse 2 \u00fcber den Seiteneingang (Zugang Turnhalle), Klasse 3 und [&hellip;]<\/p>\n","protected":false},"author":4,"featured_media":0,"parent":0,"menu_order":0,"comment_status":"closed","ping_status":"closed","template":"","meta":{"_uag_custom_page_level_css":"","footnotes":""},"class_list":["post-6910","page","type-page","status-publish","hentry"],"uagb_featured_image_src":{"full":false,"thumbnail":false,"medium":false,"medium_large":false,"large":false,"1536x1536":false,"2048x2048":false,"post-thumbnail":false,"evolve-post-thumbnail":false,"evolve-slider-thumbnail":false,"evolve-tabs-img":false,"evolve-testimonial-avatar":false},"uagb_author_info":{"display_name":"H. Kn\u00f6chel","author_link":"https:\/\/salvator-schule.de\/?author=4"},"uagb_comment_info":0,"uagb_excerpt":"Wir arbeiten in einem offenen Betreuungssystem. Die Kinder sind w\u00e4hrend des Unterrichtes, beim Mittagessen und den Lernzeiten im Klassenverband. Danach k\u00f6nnen sie frei w\u00e4hlen, ob sie im Innen- oder Aussenbereich frei spielen oder eine AG besuchen. Die Kinder der Klasse 1 werden \u00fcber den Haupteingang, Klasse 2 \u00fcber den Seiteneingang (Zugang Turnhalle), Klasse 3 und&hellip;","_links":{"self":[{"href":"https:\/\/salvator-schule.de\/index.php?rest_route=\/wp\/v2\/pages\/6910"}],"collection":[{"href":"https:\/\/salvator-schule.de\/index.php?rest_route=\/wp\/v2\/pages"}],"about":[{"href":"https:\/\/salvator-schule.de\/index.php?rest_route=\/wp\/v2\/types\/page"}],"author":[{"embeddable":true,"href":"https:\/\/salvator-schule.de\/index.php?rest_route=\/wp\/v2\/users\/4"}],"replies":[{"embeddable":true,"href":"https:\/\/salvator-schule.de\/index.php?rest_route=%2Fwp%2Fv2%2Fcomments&post=6910"}],"version-history":[{"count":24,"href":"https:\/\/salvator-schule.de\/index.php?rest_route=\/wp\/v2\/pages\/6910\/revisions"}],"predecessor-version":[{"id":10086,"href":"https:\/\/salvator-schule.de\/index.php?rest_route=\/wp\/v2\/pages\/6910\/revisions\/10086"}],"wp:attachment":[{"href":"https:\/\/salvator-schule.de\/index.php?rest_route=%2Fwp%2Fv2%2Fmedia&parent=6910"}],"curies":[{"name":"wp","href":"https:\/\/api.w.org\/{rel}","templated":true}]}}