{"id":7592,"date":"2021-04-20T12:28:26","date_gmt":"2021-04-20T12:28:26","guid":{"rendered":"http:\/\/salvator-schule.de\/?page_id=7592"},"modified":"2021-06-01T12:31:52","modified_gmt":"2021-06-01T12:31:52","slug":"umweltprojekt","status":"publish","type":"page","link":"https:\/\/salvator-schule.de\/?page_id=7592","title":{"rendered":"Umweltprojekt"},"content":{"rendered":"\n<p> <\/p>\n\n\n\n<p>Aus der (Corona)Not entstehen Ideen&#8230;.<\/p>\n\n\n\n<p>Das f\u00fcr uns wichtige und immer wieder aktuelle Thema des Umweltschutzes haben wir in der OGS aufgegriffen. In kleinen Gruppen  werden nach und nach Themen aus dem Bereich des Umweltschutzes aktiv und experimentell umgesetzt.<\/p>\n\n\n\n<h6 class=\"wp-block-heading\"><strong>Herstellung von alternativen Produkten<\/strong><\/h6>\n\n\n\n<p>Durch das Herstellen von alternativen Produkten besch\u00e4ftigen sich Kinder kreativ mit ihrem Lebensumfeld und k\u00f6nnen ihre eigenen Erfahrungen austauschen. Das gestalterische Element f\u00f6rdert die Wahrnehmung und Interpretation von Sinneseindr\u00fccken.<\/p>\n\n\n\n<p>&#8222;Woraus bestehen denn eigentlich die so beliebten Produkte und was gibt es f\u00fcr Austauschm\u00f6glichkeiten?&#8220;<\/p>\n\n\n\n<p>Wir wollen g\u00fcnstige und gesunde Alternativen herstellen, experimentieren, reflektieren. Das Endprodukt sorgt f\u00fcr Spannung&#8230;    &#8222;Klappt es, oder klappt es nicht?&#8220; Falls nicht, kein Problem, dann wird es mit viel Spa\u00df wiederholt, bis das Endergebnis stimmt.<\/p>\n\n\n\n<figure class=\"wp-block-gallery columns-3 is-cropped wp-block-gallery-1 is-layout-flex wp-block-gallery-is-layout-flex\"><ul class=\"blocks-gallery-grid\"><li class=\"blocks-gallery-item\"><figure><a href=\"https:\/\/salvator-schule.de\/wp-content\/uploads\/2021\/04\/IMG_4704-1024x683.jpg\"><img loading=\"lazy\" decoding=\"async\" width=\"1024\" height=\"683\" src=\"https:\/\/salvator-schule.de\/wp-content\/uploads\/2021\/04\/IMG_4704-1024x683.jpg\" alt=\"\" data-id=\"7602\" data-link=\"https:\/\/salvator-schule.de\/?attachment_id=7602\" class=\"wp-image-7602\" srcset=\"https:\/\/salvator-schule.de\/wp-content\/uploads\/2021\/04\/IMG_4704-1024x683.jpg 1024w, https:\/\/salvator-schule.de\/wp-content\/uploads\/2021\/04\/IMG_4704-300x200.jpg 300w, https:\/\/salvator-schule.de\/wp-content\/uploads\/2021\/04\/IMG_4704-768x512.jpg 768w, https:\/\/salvator-schule.de\/wp-content\/uploads\/2021\/04\/IMG_4704-1536x1024.jpg 1536w, https:\/\/salvator-schule.de\/wp-content\/uploads\/2021\/04\/IMG_4704-2048x1365.jpg 2048w\" sizes=\"(max-width: 1024px) 100vw, 1024px\" \/><\/a><\/figure><\/li><li class=\"blocks-gallery-item\"><figure><a href=\"https:\/\/salvator-schule.de\/wp-content\/uploads\/2021\/04\/Kin-Sand_03-1024x768.jpg\"><img loading=\"lazy\" decoding=\"async\" width=\"1024\" height=\"768\" src=\"https:\/\/salvator-schule.de\/wp-content\/uploads\/2021\/04\/Kin-Sand_03-1024x768.jpg\" alt=\"\" data-id=\"7604\" data-link=\"https:\/\/salvator-schule.de\/?attachment_id=7604\" class=\"wp-image-7604\" srcset=\"https:\/\/salvator-schule.de\/wp-content\/uploads\/2021\/04\/Kin-Sand_03-1024x768.jpg 1024w, https:\/\/salvator-schule.de\/wp-content\/uploads\/2021\/04\/Kin-Sand_03-300x225.jpg 300w, https:\/\/salvator-schule.de\/wp-content\/uploads\/2021\/04\/Kin-Sand_03-768x576.jpg 768w, https:\/\/salvator-schule.de\/wp-content\/uploads\/2021\/04\/Kin-Sand_03-1536x1152.jpg 1536w, https:\/\/salvator-schule.de\/wp-content\/uploads\/2021\/04\/Kin-Sand_03-2048x1536.jpg 2048w, https:\/\/salvator-schule.de\/wp-content\/uploads\/2021\/04\/Kin-Sand_03-400x300.jpg 400w\" sizes=\"(max-width: 1024px) 100vw, 1024px\" \/><\/a><\/figure><\/li><li class=\"blocks-gallery-item\"><figure><a href=\"https:\/\/salvator-schule.de\/wp-content\/uploads\/2021\/04\/IMG_4718-scaled.jpg\"><img loading=\"lazy\" decoding=\"async\" width=\"1024\" height=\"683\" src=\"https:\/\/salvator-schule.de\/wp-content\/uploads\/2021\/04\/IMG_4718-1024x683.jpg\" alt=\"\" data-id=\"7608\" data-full-url=\"https:\/\/salvator-schule.de\/wp-content\/uploads\/2021\/04\/IMG_4718-scaled.jpg\" data-link=\"https:\/\/salvator-schule.de\/?attachment_id=7608\" class=\"wp-image-7608\" srcset=\"https:\/\/salvator-schule.de\/wp-content\/uploads\/2021\/04\/IMG_4718-1024x683.jpg 1024w, https:\/\/salvator-schule.de\/wp-content\/uploads\/2021\/04\/IMG_4718-300x200.jpg 300w, https:\/\/salvator-schule.de\/wp-content\/uploads\/2021\/04\/IMG_4718-768x512.jpg 768w, https:\/\/salvator-schule.de\/wp-content\/uploads\/2021\/04\/IMG_4718-1536x1024.jpg 1536w, https:\/\/salvator-schule.de\/wp-content\/uploads\/2021\/04\/IMG_4718-2048x1365.jpg 2048w\" sizes=\"(max-width: 1024px) 100vw, 1024px\" \/><\/a><\/figure><\/li><\/ul><\/figure>\n\n\n\n<hr class=\"wp-block-separator\"\/>\n\n\n\n<div class=\"wp-block-group alignwide\"><div class=\"wp-block-group__inner-container is-layout-flow wp-block-group-is-layout-flow\">\n<h6 class=\"wp-block-heading\"><strong>Kreativwerkstatt<\/strong><\/h6>\n\n\n\n<p>Heute haben wir Sandbilder gemacht. Die Kinder \u00fcbertragen mit Schablonen Motive auf Papier oder zeichnen frei. Dann zieht man mit Kleber die Linien nach, bestenfalls mit eigenen, hergestellten Leim (zb. aus Mehl und Wasser). Wir haben erstmal umweltfreundlichen Kleber ohne L\u00f6semittel benutzt. Beim n\u00e4chsten Mal werden wir festeres Papier benutzen oder im Sinne der Nachhaltigkeit, alte Postkarten. Das macht die Handhabung sicherer, die Bilder w\u00f6lben sich nicht. Auch den Mehlkleister werden wir ausprobieren und dann wieder berichten. Sabine Meuther<\/p>\n\n\n\n<hr class=\"wp-block-separator\"\/>\n<\/div><\/div>\n\n\n\n<figure class=\"wp-block-gallery columns-2 is-cropped wp-block-gallery-2 is-layout-flex wp-block-gallery-is-layout-flex\"><ul class=\"blocks-gallery-grid\"><li class=\"blocks-gallery-item\"><figure><a href=\"https:\/\/salvator-schule.de\/wp-content\/uploads\/2021\/05\/IMG-20210429-WA0000-2.jpg\"><img loading=\"lazy\" decoding=\"async\" width=\"225\" height=\"300\" src=\"https:\/\/salvator-schule.de\/wp-content\/uploads\/2021\/05\/IMG-20210429-WA0000-2-225x300.jpg\" alt=\"\" data-id=\"7645\" data-full-url=\"https:\/\/salvator-schule.de\/wp-content\/uploads\/2021\/05\/IMG-20210429-WA0000-2.jpg\" data-link=\"https:\/\/salvator-schule.de\/?attachment_id=7645\" class=\"wp-image-7645\" srcset=\"https:\/\/salvator-schule.de\/wp-content\/uploads\/2021\/05\/IMG-20210429-WA0000-2-225x300.jpg 225w, https:\/\/salvator-schule.de\/wp-content\/uploads\/2021\/05\/IMG-20210429-WA0000-2-768x1024.jpg 768w, https:\/\/salvator-schule.de\/wp-content\/uploads\/2021\/05\/IMG-20210429-WA0000-2-1152x1536.jpg 1152w, https:\/\/salvator-schule.de\/wp-content\/uploads\/2021\/05\/IMG-20210429-WA0000-2.jpg 1200w\" sizes=\"(max-width: 225px) 100vw, 225px\" \/><\/a><\/figure><\/li><li class=\"blocks-gallery-item\"><figure><a href=\"https:\/\/salvator-schule.de\/wp-content\/uploads\/2021\/05\/IMG-20210429-WA0012-1.jpg\"><img loading=\"lazy\" decoding=\"async\" width=\"225\" height=\"300\" src=\"https:\/\/salvator-schule.de\/wp-content\/uploads\/2021\/05\/IMG-20210429-WA0012-1-225x300.jpg\" alt=\"\" data-id=\"7646\" data-full-url=\"https:\/\/salvator-schule.de\/wp-content\/uploads\/2021\/05\/IMG-20210429-WA0012-1.jpg\" data-link=\"https:\/\/salvator-schule.de\/?attachment_id=7646\" class=\"wp-image-7646\" srcset=\"https:\/\/salvator-schule.de\/wp-content\/uploads\/2021\/05\/IMG-20210429-WA0012-1-225x300.jpg 225w, https:\/\/salvator-schule.de\/wp-content\/uploads\/2021\/05\/IMG-20210429-WA0012-1.jpg 768w\" sizes=\"(max-width: 225px) 100vw, 225px\" \/><\/a><\/figure><\/li><\/ul><\/figure>\n\n\n\n<hr class=\"wp-block-separator\"\/>\n\n\n\n<div class=\"wp-block-columns is-layout-flex wp-container-core-columns-is-layout-2 wp-block-columns-is-layout-flex\">\n<div class=\"wp-block-column is-layout-flow wp-block-column-is-layout-flow\" style=\"flex-basis:100%\">\n<figure class=\"wp-block-gallery columns-3 is-cropped wp-block-gallery-3 is-layout-flex wp-block-gallery-is-layout-flex\"><ul class=\"blocks-gallery-grid\"><li class=\"blocks-gallery-item\"><figure><a href=\"https:\/\/salvator-schule.de\/wp-content\/uploads\/2021\/06\/MicrosoftTeams-image-2-768x1024.jpg\"><img loading=\"lazy\" decoding=\"async\" width=\"768\" height=\"1024\" src=\"https:\/\/salvator-schule.de\/wp-content\/uploads\/2021\/06\/MicrosoftTeams-image-2-768x1024.jpg\" alt=\"\" data-id=\"7672\" class=\"wp-image-7672\" srcset=\"https:\/\/salvator-schule.de\/wp-content\/uploads\/2021\/06\/MicrosoftTeams-image-2-768x1024.jpg 768w, https:\/\/salvator-schule.de\/wp-content\/uploads\/2021\/06\/MicrosoftTeams-image-2-225x300.jpg 225w, https:\/\/salvator-schule.de\/wp-content\/uploads\/2021\/06\/MicrosoftTeams-image-2-1152x1536.jpg 1152w, https:\/\/salvator-schule.de\/wp-content\/uploads\/2021\/06\/MicrosoftTeams-image-2-1536x2048.jpg 1536w, https:\/\/salvator-schule.de\/wp-content\/uploads\/2021\/06\/MicrosoftTeams-image-2-scaled.jpg 1920w\" sizes=\"(max-width: 768px) 100vw, 768px\" \/><\/a><figcaption class=\"blocks-gallery-item__caption\">Wir bauen uns eine OGS &#8211; Villa&#8230;<\/figcaption><\/figure><\/li><li class=\"blocks-gallery-item\"><figure><a href=\"https:\/\/salvator-schule.de\/wp-content\/uploads\/2021\/06\/MicrosoftTeams-image-2-2-scaled.jpg\"><img loading=\"lazy\" decoding=\"async\" width=\"768\" height=\"1024\" src=\"https:\/\/salvator-schule.de\/wp-content\/uploads\/2021\/06\/MicrosoftTeams-image-2-2-768x1024.jpg\" alt=\"\" data-id=\"7680\" data-full-url=\"https:\/\/salvator-schule.de\/wp-content\/uploads\/2021\/06\/MicrosoftTeams-image-2-2-scaled.jpg\" data-link=\"https:\/\/salvator-schule.de\/?attachment_id=7680\" class=\"wp-image-7680\" srcset=\"https:\/\/salvator-schule.de\/wp-content\/uploads\/2021\/06\/MicrosoftTeams-image-2-2-768x1024.jpg 768w, https:\/\/salvator-schule.de\/wp-content\/uploads\/2021\/06\/MicrosoftTeams-image-2-2-225x300.jpg 225w, https:\/\/salvator-schule.de\/wp-content\/uploads\/2021\/06\/MicrosoftTeams-image-2-2-1152x1536.jpg 1152w, https:\/\/salvator-schule.de\/wp-content\/uploads\/2021\/06\/MicrosoftTeams-image-2-2-1536x2048.jpg 1536w, https:\/\/salvator-schule.de\/wp-content\/uploads\/2021\/06\/MicrosoftTeams-image-2-2-scaled.jpg 1920w\" sizes=\"(max-width: 768px) 100vw, 768px\" \/><\/a><figcaption class=\"blocks-gallery-item__caption\">&#8230;aus alten Pappkartons.<\/figcaption><\/figure><\/li><li class=\"blocks-gallery-item\"><figure><a href=\"https:\/\/salvator-schule.de\/wp-content\/uploads\/2021\/06\/IMG-20210511-WA0000-1-768x1024.jpg\"><img loading=\"lazy\" decoding=\"async\" width=\"768\" height=\"1024\" src=\"https:\/\/salvator-schule.de\/wp-content\/uploads\/2021\/06\/IMG-20210511-WA0000-1-768x1024.jpg\" alt=\"\" data-id=\"7676\" data-link=\"https:\/\/salvator-schule.de\/?attachment_id=7676\" class=\"wp-image-7676\" srcset=\"https:\/\/salvator-schule.de\/wp-content\/uploads\/2021\/06\/IMG-20210511-WA0000-1-768x1024.jpg 768w, https:\/\/salvator-schule.de\/wp-content\/uploads\/2021\/06\/IMG-20210511-WA0000-1-225x300.jpg 225w, https:\/\/salvator-schule.de\/wp-content\/uploads\/2021\/06\/IMG-20210511-WA0000-1-1152x1536.jpg 1152w, https:\/\/salvator-schule.de\/wp-content\/uploads\/2021\/06\/IMG-20210511-WA0000-1.jpg 1200w\" sizes=\"(max-width: 768px) 100vw, 768px\" \/><\/a><figcaption class=\"blocks-gallery-item__caption\">Dies ist unsere Lounge!<\/figcaption><\/figure><\/li><\/ul><\/figure>\n\n\n\n<hr class=\"wp-block-separator\"\/>\n\n\n\n<h3 class=\"wp-block-heading\">Die 4 Elemente&#8230;<\/h3>\n\n\n\n<div class=\"wp-block-columns is-layout-flex wp-container-core-columns-is-layout-1 wp-block-columns-is-layout-flex\">\n<div class=\"wp-block-column is-layout-flow wp-block-column-is-layout-flow\">\n<div class=\"wp-block-image\"><figure class=\"alignright size-large is-resized\"><a href=\"https:\/\/salvator-schule.de\/wp-content\/uploads\/2021\/06\/MicrosoftTeams-image-1-2-scaled.jpg\"><img loading=\"lazy\" decoding=\"async\" src=\"https:\/\/salvator-schule.de\/wp-content\/uploads\/2021\/06\/MicrosoftTeams-image-1-2-768x1024.jpg\" alt=\"\" class=\"wp-image-7671\" width=\"275\" height=\"367\" srcset=\"https:\/\/salvator-schule.de\/wp-content\/uploads\/2021\/06\/MicrosoftTeams-image-1-2-768x1024.jpg 768w, https:\/\/salvator-schule.de\/wp-content\/uploads\/2021\/06\/MicrosoftTeams-image-1-2-225x300.jpg 225w, https:\/\/salvator-schule.de\/wp-content\/uploads\/2021\/06\/MicrosoftTeams-image-1-2-1152x1536.jpg 1152w, https:\/\/salvator-schule.de\/wp-content\/uploads\/2021\/06\/MicrosoftTeams-image-1-2-1536x2048.jpg 1536w, https:\/\/salvator-schule.de\/wp-content\/uploads\/2021\/06\/MicrosoftTeams-image-1-2-scaled.jpg 1920w\" sizes=\"(max-width: 275px) 100vw, 275px\" \/><\/a><\/figure><\/div>\n\n\n\n<p class=\"has-drop-cap\">Feuer&#8230;.<\/p>\n\n\n\n<p>Wir, die Viert-Kl\u00e4ssler, haben zusammen mit Frau Meuther und Herrn Jenter einen &#8222;Vulkan&#8220; gebacken. Nach dem Schm\u00fccken mit Schokolade und Dinos, fehlte nur noch der Ausbruch. In die Mitte des Kuchens wurde eine kleine Dose mit Deckel gestellt. Diese wurde mit Zitronensaft und Brause bef\u00fcllt, schnell verschlossen und in den Vulkan gestellt. &#8222;B\u00e4ng&#8220;, sofort brach der Vulkan aus und der Deckel flog bis zur Decke. Danach konnten wir die \u00dcberreste des Vulkans (leckerer Kuchen) verspeisen.<\/p>\n<\/div>\n<\/div>\n<\/div>\n<\/div>\n\n\n\n<hr class=\"wp-block-separator\"\/>\n\n\n\n<p class=\"has-drop-cap\">Wasser&#8230; <\/p>\n\n\n\n<p>Mit der Unterst\u00fctzung von Frau Konstantin und unserer Praktikantin Janine wurden 2 Aquarien von den Erstkl\u00e4sslern bef\u00fcllt und bepflanzt. Anstelle von echten Fischen wurden mit Hilfe von Steinen, Draht und Perlen &#8220; Wasserbewohner&#8220; gefertigt.<\/p>\n\n\n\n<p><\/p>\n\n\n\n<figure class=\"wp-block-gallery columns-3 is-cropped wp-block-gallery-4 is-layout-flex wp-block-gallery-is-layout-flex\"><ul class=\"blocks-gallery-grid\"><li class=\"blocks-gallery-item\"><figure><a href=\"https:\/\/salvator-schule.de\/wp-content\/uploads\/2021\/06\/IMG-20210518-WA0005-497x1024.jpg\"><img loading=\"lazy\" decoding=\"async\" width=\"497\" height=\"1024\" src=\"https:\/\/salvator-schule.de\/wp-content\/uploads\/2021\/06\/IMG-20210518-WA0005-497x1024.jpg\" alt=\"\" data-id=\"7681\" data-link=\"https:\/\/salvator-schule.de\/?attachment_id=7681\" class=\"wp-image-7681\" srcset=\"https:\/\/salvator-schule.de\/wp-content\/uploads\/2021\/06\/IMG-20210518-WA0005-497x1024.jpg 497w, https:\/\/salvator-schule.de\/wp-content\/uploads\/2021\/06\/IMG-20210518-WA0005-146x300.jpg 146w, https:\/\/salvator-schule.de\/wp-content\/uploads\/2021\/06\/IMG-20210518-WA0005-768x1581.jpg 768w, https:\/\/salvator-schule.de\/wp-content\/uploads\/2021\/06\/IMG-20210518-WA0005-746x1536.jpg 746w, https:\/\/salvator-schule.de\/wp-content\/uploads\/2021\/06\/IMG-20210518-WA0005.jpg 777w\" sizes=\"(max-width: 497px) 100vw, 497px\" \/><\/a><\/figure><\/li><li class=\"blocks-gallery-item\"><figure><a href=\"https:\/\/salvator-schule.de\/wp-content\/uploads\/2021\/06\/IMG-20210518-WA0003-497x1024.jpg\"><img loading=\"lazy\" decoding=\"async\" width=\"497\" height=\"1024\" src=\"https:\/\/salvator-schule.de\/wp-content\/uploads\/2021\/06\/IMG-20210518-WA0003-497x1024.jpg\" alt=\"\" data-id=\"7682\" data-link=\"https:\/\/salvator-schule.de\/?attachment_id=7682\" class=\"wp-image-7682\" srcset=\"https:\/\/salvator-schule.de\/wp-content\/uploads\/2021\/06\/IMG-20210518-WA0003-497x1024.jpg 497w, https:\/\/salvator-schule.de\/wp-content\/uploads\/2021\/06\/IMG-20210518-WA0003-146x300.jpg 146w, https:\/\/salvator-schule.de\/wp-content\/uploads\/2021\/06\/IMG-20210518-WA0003-768x1581.jpg 768w, https:\/\/salvator-schule.de\/wp-content\/uploads\/2021\/06\/IMG-20210518-WA0003-746x1536.jpg 746w, https:\/\/salvator-schule.de\/wp-content\/uploads\/2021\/06\/IMG-20210518-WA0003.jpg 777w\" sizes=\"(max-width: 497px) 100vw, 497px\" \/><\/a><\/figure><\/li><li class=\"blocks-gallery-item\"><figure><a href=\"https:\/\/salvator-schule.de\/wp-content\/uploads\/2021\/06\/IMG-20210518-WA0000-2-768x1024.jpg\"><img loading=\"lazy\" decoding=\"async\" width=\"768\" height=\"1024\" src=\"https:\/\/salvator-schule.de\/wp-content\/uploads\/2021\/06\/IMG-20210518-WA0000-2-768x1024.jpg\" alt=\"\" data-id=\"7684\" data-link=\"https:\/\/salvator-schule.de\/?attachment_id=7684\" class=\"wp-image-7684\" srcset=\"https:\/\/salvator-schule.de\/wp-content\/uploads\/2021\/06\/IMG-20210518-WA0000-2-768x1024.jpg 768w, https:\/\/salvator-schule.de\/wp-content\/uploads\/2021\/06\/IMG-20210518-WA0000-2-225x300.jpg 225w, https:\/\/salvator-schule.de\/wp-content\/uploads\/2021\/06\/IMG-20210518-WA0000-2-1152x1536.jpg 1152w, https:\/\/salvator-schule.de\/wp-content\/uploads\/2021\/06\/IMG-20210518-WA0000-2.jpg 1200w\" sizes=\"(max-width: 768px) 100vw, 768px\" \/><\/a><\/figure><\/li><li class=\"blocks-gallery-item\"><figure><a href=\"https:\/\/salvator-schule.de\/wp-content\/uploads\/2021\/06\/20210601_135317-scaled.jpg\"><img loading=\"lazy\" decoding=\"async\" width=\"1024\" height=\"576\" src=\"https:\/\/salvator-schule.de\/wp-content\/uploads\/2021\/06\/20210601_135317-1024x576.jpg\" alt=\"\" data-id=\"7685\" data-full-url=\"https:\/\/salvator-schule.de\/wp-content\/uploads\/2021\/06\/20210601_135317-scaled.jpg\" data-link=\"https:\/\/salvator-schule.de\/?attachment_id=7685\" class=\"wp-image-7685\" srcset=\"https:\/\/salvator-schule.de\/wp-content\/uploads\/2021\/06\/20210601_135317-1024x576.jpg 1024w, https:\/\/salvator-schule.de\/wp-content\/uploads\/2021\/06\/20210601_135317-300x169.jpg 300w, https:\/\/salvator-schule.de\/wp-content\/uploads\/2021\/06\/20210601_135317-768x432.jpg 768w, https:\/\/salvator-schule.de\/wp-content\/uploads\/2021\/06\/20210601_135317-1536x864.jpg 1536w, https:\/\/salvator-schule.de\/wp-content\/uploads\/2021\/06\/20210601_135317-2048x1152.jpg 2048w\" sizes=\"(max-width: 1024px) 100vw, 1024px\" \/><\/a><\/figure><\/li><\/ul><\/figure>\n\n\n\n<hr class=\"wp-block-separator\"\/>\n\n\n\n<h4 class=\"wp-block-heading\">Rezepte<\/h4>\n\n\n\n<div class=\"wp-block-file alignleft\"><a href=\"https:\/\/salvator-schule.de\/wp-content\/uploads\/2021\/04\/Kinetischer-Sand1.pdf\">Zaubersand (Kinetischer Sand)<\/a><a href=\"https:\/\/salvator-schule.de\/wp-content\/uploads\/2021\/04\/Kinetischer-Sand1.pdf\" class=\"wp-block-file__button\" download><span class=\"has-inline-color has-vivid-green-cyan-color\">Herunterladen<\/span><\/a><\/div>\n\n\n\n<div class=\"wp-block-file alignleft\"><a href=\"https:\/\/salvator-schule.de\/wp-content\/uploads\/2021\/04\/Knete1.pdf\">Knete<\/a><a href=\"https:\/\/salvator-schule.de\/wp-content\/uploads\/2021\/04\/Knete1.pdf\" class=\"wp-block-file__button\" download><span class=\"has-inline-color has-vivid-green-cyan-color\">Herunterladen<\/span><\/a><\/div>\n\n\n\n<div class=\"wp-block-file alignleft\"><a href=\"https:\/\/salvator-schule.de\/wp-content\/uploads\/2021\/04\/Knisterbadesalz.pdf\">Knisterbadesalz<\/a><a href=\"https:\/\/salvator-schule.de\/wp-content\/uploads\/2021\/04\/Knisterbadesalz.pdf\" class=\"wp-block-file__button\" download><span class=\"has-inline-color has-vivid-green-cyan-color\">Herunterladen<\/span><\/a><\/div>\n","protected":false},"excerpt":{"rendered":"<p>Aus der (Corona)Not entstehen Ideen&#8230;. Das f\u00fcr uns wichtige und immer wieder aktuelle Thema des Umweltschutzes haben wir in der OGS aufgegriffen. In kleinen Gruppen werden nach und nach Themen aus dem Bereich des Umweltschutzes aktiv und experimentell umgesetzt. Herstellung von alternativen Produkten Durch das Herstellen von alternativen Produkten besch\u00e4ftigen sich Kinder kreativ mit ihrem [&hellip;]<\/p>\n","protected":false},"author":4,"featured_media":7593,"parent":0,"menu_order":0,"comment_status":"closed","ping_status":"closed","template":"","meta":{"_uag_custom_page_level_css":"","footnotes":""},"class_list":["post-7592","page","type-page","status-publish","has-post-thumbnail","hentry"],"uagb_featured_image_src":{"full":["https:\/\/salvator-schule.de\/wp-content\/uploads\/2021\/04\/IMG_4699-1-scaled.jpg",2560,1707,false],"thumbnail":["https:\/\/salvator-schule.de\/wp-content\/uploads\/2021\/04\/IMG_4699-1-150x150.jpg",150,150,true],"medium":["https:\/\/salvator-schule.de\/wp-content\/uploads\/2021\/04\/IMG_4699-1-300x200.jpg",300,200,true],"medium_large":["https:\/\/salvator-schule.de\/wp-content\/uploads\/2021\/04\/IMG_4699-1-768x512.jpg",768,512,true],"large":["https:\/\/salvator-schule.de\/wp-content\/uploads\/2021\/04\/IMG_4699-1-1024x683.jpg",955,637,true],"1536x1536":["https:\/\/salvator-schule.de\/wp-content\/uploads\/2021\/04\/IMG_4699-1-1536x1024.jpg",1536,1024,true],"2048x2048":["https:\/\/salvator-schule.de\/wp-content\/uploads\/2021\/04\/IMG_4699-1-2048x1365.jpg",2048,1365,true],"post-thumbnail":["https:\/\/salvator-schule.de\/wp-content\/uploads\/2021\/04\/IMG_4699-1-680x330.jpg",680,330,true],"evolve-post-thumbnail":["https:\/\/salvator-schule.de\/wp-content\/uploads\/2021\/04\/IMG_4699-1-680x330.jpg",680,330,true],"evolve-slider-thumbnail":["https:\/\/salvator-schule.de\/wp-content\/uploads\/2021\/04\/IMG_4699-1-400x300.jpg",400,300,true],"evolve-tabs-img":["https:\/\/salvator-schule.de\/wp-content\/uploads\/2021\/04\/IMG_4699-1-50x50.jpg",50,50,true],"evolve-testimonial-avatar":["https:\/\/salvator-schule.de\/wp-content\/uploads\/2021\/04\/IMG_4699-1-80x80.jpg",80,80,true]},"uagb_author_info":{"display_name":"H. Kn\u00f6chel","author_link":"https:\/\/salvator-schule.de\/?author=4"},"uagb_comment_info":0,"uagb_excerpt":"Aus der (Corona)Not entstehen Ideen&#8230;. Das f\u00fcr uns wichtige und immer wieder aktuelle Thema des Umweltschutzes haben wir in der OGS aufgegriffen. In kleinen Gruppen werden nach und nach Themen aus dem Bereich des Umweltschutzes aktiv und experimentell umgesetzt. Herstellung von alternativen Produkten Durch das Herstellen von alternativen Produkten besch\u00e4ftigen sich Kinder kreativ mit ihrem&hellip;","_links":{"self":[{"href":"https:\/\/salvator-schule.de\/index.php?rest_route=\/wp\/v2\/pages\/7592"}],"collection":[{"href":"https:\/\/salvator-schule.de\/index.php?rest_route=\/wp\/v2\/pages"}],"about":[{"href":"https:\/\/salvator-schule.de\/index.php?rest_route=\/wp\/v2\/types\/page"}],"author":[{"embeddable":true,"href":"https:\/\/salvator-schule.de\/index.php?rest_route=\/wp\/v2\/users\/4"}],"replies":[{"embeddable":true,"href":"https:\/\/salvator-schule.de\/index.php?rest_route=%2Fwp%2Fv2%2Fcomments&post=7592"}],"version-history":[{"count":16,"href":"https:\/\/salvator-schule.de\/index.php?rest_route=\/wp\/v2\/pages\/7592\/revisions"}],"predecessor-version":[{"id":7688,"href":"https:\/\/salvator-schule.de\/index.php?rest_route=\/wp\/v2\/pages\/7592\/revisions\/7688"}],"wp:featuredmedia":[{"embeddable":true,"href":"https:\/\/salvator-schule.de\/index.php?rest_route=\/wp\/v2\/media\/7593"}],"wp:attachment":[{"href":"https:\/\/salvator-schule.de\/index.php?rest_route=%2Fwp%2Fv2%2Fmedia&parent=7592"}],"curies":[{"name":"wp","href":"https:\/\/api.w.org\/{rel}","templated":true}]}}