{"id":8457,"date":"2022-07-10T17:48:05","date_gmt":"2022-07-10T17:48:05","guid":{"rendered":"https:\/\/salvator-schule.de\/?page_id=8457"},"modified":"2025-09-21T12:26:53","modified_gmt":"2025-09-21T12:26:53","slug":"klasse-1c","status":"publish","type":"page","link":"https:\/\/salvator-schule.de\/?page_id=8457","title":{"rendered":"Klasse 4c &#8211; Tigerentenklasse"},"content":{"rendered":"\n<p>Klassenlehrerin: Frau Krueger<\/p>\n\n\n\n<p>Sch\u00fclerzahl: 19<\/p>\n\n\n\n<p>Inklusionsklasse: nein<\/p>\n\n\n\n<div style=\"height:100px\" aria-hidden=\"true\" class=\"wp-block-spacer\"><\/div>\n\n\n\n<p>\u201eHallo\u201c sagen die Tigerenten.<br>Zusammen mit unserer Klassenlehrerin Frau Krueger sind wir nach den Sommerferien 2022 hier an der Salvatorschule gestartet. Wir haben die Schule, ihre Menschen und die Regeln die es hier gibt kennengelernt und finden uns t\u00e4glich besser zurecht. Dabei helfen uns oft unsere Paten aus dem 3.Schuljahr. Das Ausleihen der vielen tollenSpielsachen und Fahrger\u00e4te aus der Villa Kunterbunt ist unser Pausen-Highlight.<br>In Mathe habe wir das Schreiben der Ziffern gelernt und wir k\u00f6nnen auch schon viele Lieder sch\u00f6n und laut singen. Den Tinto Rapp zum Lernen der Buchstaben w\u00fcrden wir am liebsten jede Stunde h\u00f6ren. Immer dabei sind die Tigerente und auch Tiger und B\u00e4r. Auch sie helfen uns, wenn wir mal Hilfe brauchen. Zum Beispiel k\u00f6nnen wir auf dem Schulhof den Tigerentenalarm ausl\u00f6sen und dann kommen von allen Seiten Tigerenten, die uns helfen. Das kann beim Spielen sein oder in der Klasse beim Lernen, wenn wir alleine nicht weiterkommen.<\/p>\n\n\n\n<div style=\"height:100px\" aria-hidden=\"true\" class=\"wp-block-spacer\"><\/div>\n\n\n\n<p>Hier sind Fotos der flei\u00dfigen Fr\u00fchbl\u00fcher-Forscher der Tigerentenklasse 1c. <br>Wir haben nicht nur heraus gefunden, weshalb mache Blumen Fr\u00fchbl\u00fcher genannt werden, sondern wir haben auch gelernt sie zu erkennen und zu benennen. Au\u00dferdem wissen wir nun, dass diese Pflanzen giftig sind um sich vor Tieren zu sch\u00fctzen, die sie ansonsten wom\u00f6glich fressen w\u00fcrden. (Fr\u00fchling 2023)<\/p>\n\n\n\n<figure class=\"wp-block-gallery has-nested-images columns-default is-cropped wp-block-gallery-1 is-layout-flex wp-block-gallery-is-layout-flex\">\n<figure class=\"wp-block-image size-large\"><a href=\"https:\/\/salvator-schule.de\/wp-content\/uploads\/2023\/03\/FE89178C-4FDB-4B75-AC80-50BC63F06181.jpeg\"><img loading=\"lazy\" decoding=\"async\" width=\"768\" height=\"1024\" data-id=\"8937\" src=\"https:\/\/salvator-schule.de\/wp-content\/uploads\/2023\/03\/FE89178C-4FDB-4B75-AC80-50BC63F06181-768x1024.jpeg\" alt=\"\" class=\"wp-image-8937\" srcset=\"https:\/\/salvator-schule.de\/wp-content\/uploads\/2023\/03\/FE89178C-4FDB-4B75-AC80-50BC63F06181-768x1024.jpeg 768w, https:\/\/salvator-schule.de\/wp-content\/uploads\/2023\/03\/FE89178C-4FDB-4B75-AC80-50BC63F06181-225x300.jpeg 225w, https:\/\/salvator-schule.de\/wp-content\/uploads\/2023\/03\/FE89178C-4FDB-4B75-AC80-50BC63F06181-1152x1536.jpeg 1152w, https:\/\/salvator-schule.de\/wp-content\/uploads\/2023\/03\/FE89178C-4FDB-4B75-AC80-50BC63F06181.jpeg 1500w\" sizes=\"(max-width: 768px) 100vw, 768px\" \/><\/a><\/figure>\n\n\n\n<figure class=\"wp-block-image size-large\"><a href=\"https:\/\/salvator-schule.de\/wp-content\/uploads\/2023\/03\/52F967B6-EC0D-473B-8B3F-0A13384AE5D0.jpeg\"><img loading=\"lazy\" decoding=\"async\" width=\"1024\" height=\"768\" data-id=\"8936\" src=\"https:\/\/salvator-schule.de\/wp-content\/uploads\/2023\/03\/52F967B6-EC0D-473B-8B3F-0A13384AE5D0-1024x768.jpeg\" alt=\"\" class=\"wp-image-8936\" srcset=\"https:\/\/salvator-schule.de\/wp-content\/uploads\/2023\/03\/52F967B6-EC0D-473B-8B3F-0A13384AE5D0-1024x768.jpeg 1024w, https:\/\/salvator-schule.de\/wp-content\/uploads\/2023\/03\/52F967B6-EC0D-473B-8B3F-0A13384AE5D0-300x225.jpeg 300w, https:\/\/salvator-schule.de\/wp-content\/uploads\/2023\/03\/52F967B6-EC0D-473B-8B3F-0A13384AE5D0-768x576.jpeg 768w, https:\/\/salvator-schule.de\/wp-content\/uploads\/2023\/03\/52F967B6-EC0D-473B-8B3F-0A13384AE5D0-1536x1152.jpeg 1536w, https:\/\/salvator-schule.de\/wp-content\/uploads\/2023\/03\/52F967B6-EC0D-473B-8B3F-0A13384AE5D0-400x300.jpeg 400w, https:\/\/salvator-schule.de\/wp-content\/uploads\/2023\/03\/52F967B6-EC0D-473B-8B3F-0A13384AE5D0.jpeg 2000w\" sizes=\"(max-width: 1024px) 100vw, 1024px\" \/><\/a><\/figure>\n\n\n\n<figure class=\"wp-block-image size-large\"><a href=\"https:\/\/salvator-schule.de\/wp-content\/uploads\/2023\/03\/ECB9C213-7AC7-415C-AC91-10EC60FE4AFC.jpeg\"><img loading=\"lazy\" decoding=\"async\" width=\"1024\" height=\"768\" data-id=\"8938\" src=\"https:\/\/salvator-schule.de\/wp-content\/uploads\/2023\/03\/ECB9C213-7AC7-415C-AC91-10EC60FE4AFC-1024x768.jpeg\" alt=\"\" class=\"wp-image-8938\" srcset=\"https:\/\/salvator-schule.de\/wp-content\/uploads\/2023\/03\/ECB9C213-7AC7-415C-AC91-10EC60FE4AFC-1024x768.jpeg 1024w, https:\/\/salvator-schule.de\/wp-content\/uploads\/2023\/03\/ECB9C213-7AC7-415C-AC91-10EC60FE4AFC-300x225.jpeg 300w, https:\/\/salvator-schule.de\/wp-content\/uploads\/2023\/03\/ECB9C213-7AC7-415C-AC91-10EC60FE4AFC-768x576.jpeg 768w, https:\/\/salvator-schule.de\/wp-content\/uploads\/2023\/03\/ECB9C213-7AC7-415C-AC91-10EC60FE4AFC-1536x1152.jpeg 1536w, https:\/\/salvator-schule.de\/wp-content\/uploads\/2023\/03\/ECB9C213-7AC7-415C-AC91-10EC60FE4AFC-400x300.jpeg 400w, https:\/\/salvator-schule.de\/wp-content\/uploads\/2023\/03\/ECB9C213-7AC7-415C-AC91-10EC60FE4AFC.jpeg 2000w\" sizes=\"(max-width: 1024px) 100vw, 1024px\" \/><\/a><\/figure>\n\n\n\n<figure class=\"wp-block-image size-large\"><a href=\"https:\/\/salvator-schule.de\/wp-content\/uploads\/2023\/03\/51829E0C-033D-4A2C-A788-114D33906018.jpeg\"><img loading=\"lazy\" decoding=\"async\" width=\"800\" height=\"600\" data-id=\"8939\" src=\"https:\/\/salvator-schule.de\/wp-content\/uploads\/2023\/03\/51829E0C-033D-4A2C-A788-114D33906018.jpeg\" alt=\"\" class=\"wp-image-8939\" srcset=\"https:\/\/salvator-schule.de\/wp-content\/uploads\/2023\/03\/51829E0C-033D-4A2C-A788-114D33906018.jpeg 800w, https:\/\/salvator-schule.de\/wp-content\/uploads\/2023\/03\/51829E0C-033D-4A2C-A788-114D33906018-300x225.jpeg 300w, https:\/\/salvator-schule.de\/wp-content\/uploads\/2023\/03\/51829E0C-033D-4A2C-A788-114D33906018-768x576.jpeg 768w, https:\/\/salvator-schule.de\/wp-content\/uploads\/2023\/03\/51829E0C-033D-4A2C-A788-114D33906018-400x300.jpeg 400w\" sizes=\"(max-width: 800px) 100vw, 800px\" \/><\/a><\/figure>\n\n\n\n<figure class=\"wp-block-image size-large\"><a href=\"https:\/\/salvator-schule.de\/wp-content\/uploads\/2023\/03\/6F48497F-A16F-4B45-8809-617652C66068.jpeg\"><img loading=\"lazy\" decoding=\"async\" width=\"1024\" height=\"768\" data-id=\"8941\" src=\"https:\/\/salvator-schule.de\/wp-content\/uploads\/2023\/03\/6F48497F-A16F-4B45-8809-617652C66068-1024x768.jpeg\" alt=\"\" class=\"wp-image-8941\" srcset=\"https:\/\/salvator-schule.de\/wp-content\/uploads\/2023\/03\/6F48497F-A16F-4B45-8809-617652C66068-1024x768.jpeg 1024w, https:\/\/salvator-schule.de\/wp-content\/uploads\/2023\/03\/6F48497F-A16F-4B45-8809-617652C66068-300x225.jpeg 300w, https:\/\/salvator-schule.de\/wp-content\/uploads\/2023\/03\/6F48497F-A16F-4B45-8809-617652C66068-768x576.jpeg 768w, https:\/\/salvator-schule.de\/wp-content\/uploads\/2023\/03\/6F48497F-A16F-4B45-8809-617652C66068-1536x1152.jpeg 1536w, https:\/\/salvator-schule.de\/wp-content\/uploads\/2023\/03\/6F48497F-A16F-4B45-8809-617652C66068-400x300.jpeg 400w, https:\/\/salvator-schule.de\/wp-content\/uploads\/2023\/03\/6F48497F-A16F-4B45-8809-617652C66068.jpeg 2000w\" sizes=\"(max-width: 1024px) 100vw, 1024px\" \/><\/a><\/figure>\n\n\n\n<figure class=\"wp-block-image size-large\"><a href=\"https:\/\/salvator-schule.de\/wp-content\/uploads\/2023\/03\/97CCEF05-F001-4818-A545-BD71DCE0AA44.jpeg\"><img loading=\"lazy\" decoding=\"async\" width=\"1024\" height=\"768\" data-id=\"8940\" src=\"https:\/\/salvator-schule.de\/wp-content\/uploads\/2023\/03\/97CCEF05-F001-4818-A545-BD71DCE0AA44-1024x768.jpeg\" alt=\"\" class=\"wp-image-8940\" srcset=\"https:\/\/salvator-schule.de\/wp-content\/uploads\/2023\/03\/97CCEF05-F001-4818-A545-BD71DCE0AA44-1024x768.jpeg 1024w, https:\/\/salvator-schule.de\/wp-content\/uploads\/2023\/03\/97CCEF05-F001-4818-A545-BD71DCE0AA44-300x225.jpeg 300w, https:\/\/salvator-schule.de\/wp-content\/uploads\/2023\/03\/97CCEF05-F001-4818-A545-BD71DCE0AA44-768x576.jpeg 768w, https:\/\/salvator-schule.de\/wp-content\/uploads\/2023\/03\/97CCEF05-F001-4818-A545-BD71DCE0AA44-1536x1152.jpeg 1536w, https:\/\/salvator-schule.de\/wp-content\/uploads\/2023\/03\/97CCEF05-F001-4818-A545-BD71DCE0AA44-400x300.jpeg 400w, https:\/\/salvator-schule.de\/wp-content\/uploads\/2023\/03\/97CCEF05-F001-4818-A545-BD71DCE0AA44.jpeg 2000w\" sizes=\"(max-width: 1024px) 100vw, 1024px\" \/><\/a><\/figure>\n\n\n\n<figure class=\"wp-block-image size-large\"><a href=\"https:\/\/salvator-schule.de\/wp-content\/uploads\/2023\/03\/68E241A0-195F-41E2-A980-8FFC1A6BF6F6.jpeg\"><img loading=\"lazy\" decoding=\"async\" width=\"1024\" height=\"768\" data-id=\"8942\" src=\"https:\/\/salvator-schule.de\/wp-content\/uploads\/2023\/03\/68E241A0-195F-41E2-A980-8FFC1A6BF6F6-1024x768.jpeg\" alt=\"\" class=\"wp-image-8942\" srcset=\"https:\/\/salvator-schule.de\/wp-content\/uploads\/2023\/03\/68E241A0-195F-41E2-A980-8FFC1A6BF6F6-1024x768.jpeg 1024w, https:\/\/salvator-schule.de\/wp-content\/uploads\/2023\/03\/68E241A0-195F-41E2-A980-8FFC1A6BF6F6-300x225.jpeg 300w, https:\/\/salvator-schule.de\/wp-content\/uploads\/2023\/03\/68E241A0-195F-41E2-A980-8FFC1A6BF6F6-768x576.jpeg 768w, https:\/\/salvator-schule.de\/wp-content\/uploads\/2023\/03\/68E241A0-195F-41E2-A980-8FFC1A6BF6F6-1536x1152.jpeg 1536w, https:\/\/salvator-schule.de\/wp-content\/uploads\/2023\/03\/68E241A0-195F-41E2-A980-8FFC1A6BF6F6-400x300.jpeg 400w, https:\/\/salvator-schule.de\/wp-content\/uploads\/2023\/03\/68E241A0-195F-41E2-A980-8FFC1A6BF6F6.jpeg 2000w\" sizes=\"(max-width: 1024px) 100vw, 1024px\" \/><\/a><\/figure>\n<\/figure>\n\n\n\n<div style=\"height:100px\" aria-hidden=\"true\" class=\"wp-block-spacer\"><\/div>\n\n\n\n<figure class=\"wp-block-gallery has-nested-images columns-default is-cropped wp-block-gallery-2 is-layout-flex wp-block-gallery-is-layout-flex\">\n<figure class=\"wp-block-image size-medium\"><img loading=\"lazy\" decoding=\"async\" width=\"300\" height=\"225\" data-id=\"8610\" src=\"https:\/\/salvator-schule.de\/wp-content\/uploads\/2022\/09\/26940482-528F-4879-92B4-A2B8705F3AC6-300x225.jpeg\" alt=\"\" class=\"wp-image-8610\" srcset=\"https:\/\/salvator-schule.de\/wp-content\/uploads\/2022\/09\/26940482-528F-4879-92B4-A2B8705F3AC6-300x225.jpeg 300w, https:\/\/salvator-schule.de\/wp-content\/uploads\/2022\/09\/26940482-528F-4879-92B4-A2B8705F3AC6-1024x768.jpeg 1024w, https:\/\/salvator-schule.de\/wp-content\/uploads\/2022\/09\/26940482-528F-4879-92B4-A2B8705F3AC6-768x576.jpeg 768w, https:\/\/salvator-schule.de\/wp-content\/uploads\/2022\/09\/26940482-528F-4879-92B4-A2B8705F3AC6-1536x1152.jpeg 1536w, https:\/\/salvator-schule.de\/wp-content\/uploads\/2022\/09\/26940482-528F-4879-92B4-A2B8705F3AC6-400x300.jpeg 400w, https:\/\/salvator-schule.de\/wp-content\/uploads\/2022\/09\/26940482-528F-4879-92B4-A2B8705F3AC6.jpeg 2000w\" sizes=\"(max-width: 300px) 100vw, 300px\" \/><\/figure>\n\n\n\n<figure class=\"wp-block-image size-medium\"><img loading=\"lazy\" decoding=\"async\" width=\"300\" height=\"225\" data-id=\"8611\" src=\"https:\/\/salvator-schule.de\/wp-content\/uploads\/2022\/09\/1F7A9B36-A979-4395-BD0F-5EDB93A508AA-300x225.jpeg\" alt=\"\" class=\"wp-image-8611\" srcset=\"https:\/\/salvator-schule.de\/wp-content\/uploads\/2022\/09\/1F7A9B36-A979-4395-BD0F-5EDB93A508AA-300x225.jpeg 300w, https:\/\/salvator-schule.de\/wp-content\/uploads\/2022\/09\/1F7A9B36-A979-4395-BD0F-5EDB93A508AA-1024x768.jpeg 1024w, https:\/\/salvator-schule.de\/wp-content\/uploads\/2022\/09\/1F7A9B36-A979-4395-BD0F-5EDB93A508AA-768x576.jpeg 768w, https:\/\/salvator-schule.de\/wp-content\/uploads\/2022\/09\/1F7A9B36-A979-4395-BD0F-5EDB93A508AA-1536x1152.jpeg 1536w, https:\/\/salvator-schule.de\/wp-content\/uploads\/2022\/09\/1F7A9B36-A979-4395-BD0F-5EDB93A508AA-400x300.jpeg 400w, https:\/\/salvator-schule.de\/wp-content\/uploads\/2022\/09\/1F7A9B36-A979-4395-BD0F-5EDB93A508AA.jpeg 2000w\" sizes=\"(max-width: 300px) 100vw, 300px\" \/><\/figure>\n\n\n\n<figure class=\"wp-block-image size-medium\"><img loading=\"lazy\" decoding=\"async\" width=\"300\" height=\"225\" data-id=\"8612\" src=\"https:\/\/salvator-schule.de\/wp-content\/uploads\/2022\/09\/87A9A9C4-8A99-46F6-9018-18251B01B941-300x225.jpeg\" alt=\"\" class=\"wp-image-8612\" srcset=\"https:\/\/salvator-schule.de\/wp-content\/uploads\/2022\/09\/87A9A9C4-8A99-46F6-9018-18251B01B941-300x225.jpeg 300w, https:\/\/salvator-schule.de\/wp-content\/uploads\/2022\/09\/87A9A9C4-8A99-46F6-9018-18251B01B941-1024x768.jpeg 1024w, https:\/\/salvator-schule.de\/wp-content\/uploads\/2022\/09\/87A9A9C4-8A99-46F6-9018-18251B01B941-768x576.jpeg 768w, https:\/\/salvator-schule.de\/wp-content\/uploads\/2022\/09\/87A9A9C4-8A99-46F6-9018-18251B01B941-1536x1152.jpeg 1536w, https:\/\/salvator-schule.de\/wp-content\/uploads\/2022\/09\/87A9A9C4-8A99-46F6-9018-18251B01B941-400x300.jpeg 400w, https:\/\/salvator-schule.de\/wp-content\/uploads\/2022\/09\/87A9A9C4-8A99-46F6-9018-18251B01B941.jpeg 2000w\" sizes=\"(max-width: 300px) 100vw, 300px\" \/><\/figure>\n\n\n\n<figure class=\"wp-block-image size-medium\"><img loading=\"lazy\" decoding=\"async\" width=\"225\" height=\"300\" data-id=\"8613\" src=\"https:\/\/salvator-schule.de\/wp-content\/uploads\/2022\/09\/FCA4C1E5-A8F0-4C4F-95EF-DB6AC4A2F5E8-225x300.jpeg\" alt=\"\" class=\"wp-image-8613\" srcset=\"https:\/\/salvator-schule.de\/wp-content\/uploads\/2022\/09\/FCA4C1E5-A8F0-4C4F-95EF-DB6AC4A2F5E8-225x300.jpeg 225w, https:\/\/salvator-schule.de\/wp-content\/uploads\/2022\/09\/FCA4C1E5-A8F0-4C4F-95EF-DB6AC4A2F5E8.jpeg 600w\" sizes=\"(max-width: 225px) 100vw, 225px\" \/><\/figure>\n\n\n\n<figure class=\"wp-block-image size-medium\"><img loading=\"lazy\" decoding=\"async\" width=\"225\" height=\"300\" data-id=\"8614\" src=\"https:\/\/salvator-schule.de\/wp-content\/uploads\/2022\/09\/5436B225-0EFC-4B50-9D91-FFAB85F7946C-225x300.jpeg\" alt=\"\" class=\"wp-image-8614\" srcset=\"https:\/\/salvator-schule.de\/wp-content\/uploads\/2022\/09\/5436B225-0EFC-4B50-9D91-FFAB85F7946C-225x300.jpeg 225w, https:\/\/salvator-schule.de\/wp-content\/uploads\/2022\/09\/5436B225-0EFC-4B50-9D91-FFAB85F7946C-768x1024.jpeg 768w, https:\/\/salvator-schule.de\/wp-content\/uploads\/2022\/09\/5436B225-0EFC-4B50-9D91-FFAB85F7946C-1152x1536.jpeg 1152w, https:\/\/salvator-schule.de\/wp-content\/uploads\/2022\/09\/5436B225-0EFC-4B50-9D91-FFAB85F7946C.jpeg 1500w\" sizes=\"(max-width: 225px) 100vw, 225px\" \/><\/figure>\n\n\n\n<figure class=\"wp-block-image size-medium\"><img loading=\"lazy\" decoding=\"async\" width=\"225\" height=\"300\" data-id=\"8615\" src=\"https:\/\/salvator-schule.de\/wp-content\/uploads\/2022\/09\/4CC07DC3-B324-4503-B45D-04E5FBCE966B-225x300.jpeg\" alt=\"\" class=\"wp-image-8615\" srcset=\"https:\/\/salvator-schule.de\/wp-content\/uploads\/2022\/09\/4CC07DC3-B324-4503-B45D-04E5FBCE966B-225x300.jpeg 225w, https:\/\/salvator-schule.de\/wp-content\/uploads\/2022\/09\/4CC07DC3-B324-4503-B45D-04E5FBCE966B-768x1024.jpeg 768w, https:\/\/salvator-schule.de\/wp-content\/uploads\/2022\/09\/4CC07DC3-B324-4503-B45D-04E5FBCE966B-1152x1536.jpeg 1152w, https:\/\/salvator-schule.de\/wp-content\/uploads\/2022\/09\/4CC07DC3-B324-4503-B45D-04E5FBCE966B.jpeg 1500w\" sizes=\"(max-width: 225px) 100vw, 225px\" \/><\/figure>\n<\/figure>\n\n\n\n<div style=\"height:100px\" aria-hidden=\"true\" class=\"wp-block-spacer\"><\/div>\n\n\n\n<p>Unser Ausflug am letzten Schultag vor den Herbstferien \ud83c\udf41\ud83c\udf2c\ud83c\udf24 (2022)<\/p>\n\n\n\n<figure class=\"wp-block-gallery has-nested-images columns-default is-cropped wp-block-gallery-3 is-layout-flex wp-block-gallery-is-layout-flex\">\n<figure class=\"wp-block-image size-medium\"><img loading=\"lazy\" decoding=\"async\" width=\"300\" height=\"225\" data-id=\"8641\" src=\"https:\/\/salvator-schule.de\/wp-content\/uploads\/2022\/10\/32182763-D925-4356-9456-FD05E8E223BE-300x225.jpeg\" alt=\"\" class=\"wp-image-8641\" srcset=\"https:\/\/salvator-schule.de\/wp-content\/uploads\/2022\/10\/32182763-D925-4356-9456-FD05E8E223BE-300x225.jpeg 300w, https:\/\/salvator-schule.de\/wp-content\/uploads\/2022\/10\/32182763-D925-4356-9456-FD05E8E223BE-1024x768.jpeg 1024w, https:\/\/salvator-schule.de\/wp-content\/uploads\/2022\/10\/32182763-D925-4356-9456-FD05E8E223BE-768x576.jpeg 768w, https:\/\/salvator-schule.de\/wp-content\/uploads\/2022\/10\/32182763-D925-4356-9456-FD05E8E223BE-1536x1152.jpeg 1536w, https:\/\/salvator-schule.de\/wp-content\/uploads\/2022\/10\/32182763-D925-4356-9456-FD05E8E223BE-400x300.jpeg 400w, https:\/\/salvator-schule.de\/wp-content\/uploads\/2022\/10\/32182763-D925-4356-9456-FD05E8E223BE.jpeg 2000w\" sizes=\"(max-width: 300px) 100vw, 300px\" \/><\/figure>\n\n\n\n<figure class=\"wp-block-image size-medium\"><img loading=\"lazy\" decoding=\"async\" width=\"300\" height=\"225\" data-id=\"8642\" src=\"https:\/\/salvator-schule.de\/wp-content\/uploads\/2022\/10\/EBD009D6-AACE-4863-8C16-6DFFEF647169-300x225.jpeg\" alt=\"\" class=\"wp-image-8642\" srcset=\"https:\/\/salvator-schule.de\/wp-content\/uploads\/2022\/10\/EBD009D6-AACE-4863-8C16-6DFFEF647169-300x225.jpeg 300w, https:\/\/salvator-schule.de\/wp-content\/uploads\/2022\/10\/EBD009D6-AACE-4863-8C16-6DFFEF647169-1024x768.jpeg 1024w, https:\/\/salvator-schule.de\/wp-content\/uploads\/2022\/10\/EBD009D6-AACE-4863-8C16-6DFFEF647169-768x576.jpeg 768w, https:\/\/salvator-schule.de\/wp-content\/uploads\/2022\/10\/EBD009D6-AACE-4863-8C16-6DFFEF647169-1536x1152.jpeg 1536w, https:\/\/salvator-schule.de\/wp-content\/uploads\/2022\/10\/EBD009D6-AACE-4863-8C16-6DFFEF647169-400x300.jpeg 400w, https:\/\/salvator-schule.de\/wp-content\/uploads\/2022\/10\/EBD009D6-AACE-4863-8C16-6DFFEF647169.jpeg 2000w\" sizes=\"(max-width: 300px) 100vw, 300px\" \/><\/figure>\n\n\n\n<figure class=\"wp-block-image size-medium\"><img loading=\"lazy\" decoding=\"async\" width=\"300\" height=\"225\" data-id=\"8643\" src=\"https:\/\/salvator-schule.de\/wp-content\/uploads\/2022\/10\/03CC3CED-0B62-4E2B-9AF1-F06BB63566A4-300x225.jpeg\" alt=\"\" class=\"wp-image-8643\" srcset=\"https:\/\/salvator-schule.de\/wp-content\/uploads\/2022\/10\/03CC3CED-0B62-4E2B-9AF1-F06BB63566A4-300x225.jpeg 300w, https:\/\/salvator-schule.de\/wp-content\/uploads\/2022\/10\/03CC3CED-0B62-4E2B-9AF1-F06BB63566A4-1024x768.jpeg 1024w, https:\/\/salvator-schule.de\/wp-content\/uploads\/2022\/10\/03CC3CED-0B62-4E2B-9AF1-F06BB63566A4-768x576.jpeg 768w, https:\/\/salvator-schule.de\/wp-content\/uploads\/2022\/10\/03CC3CED-0B62-4E2B-9AF1-F06BB63566A4-1536x1152.jpeg 1536w, https:\/\/salvator-schule.de\/wp-content\/uploads\/2022\/10\/03CC3CED-0B62-4E2B-9AF1-F06BB63566A4-400x300.jpeg 400w, https:\/\/salvator-schule.de\/wp-content\/uploads\/2022\/10\/03CC3CED-0B62-4E2B-9AF1-F06BB63566A4.jpeg 2000w\" sizes=\"(max-width: 300px) 100vw, 300px\" \/><\/figure>\n\n\n\n<figure class=\"wp-block-image size-medium\"><img loading=\"lazy\" decoding=\"async\" width=\"300\" height=\"225\" data-id=\"8644\" src=\"https:\/\/salvator-schule.de\/wp-content\/uploads\/2022\/10\/8B7181C4-5504-42E9-BD0A-AD5B2E45E008-300x225.jpeg\" alt=\"\" class=\"wp-image-8644\" srcset=\"https:\/\/salvator-schule.de\/wp-content\/uploads\/2022\/10\/8B7181C4-5504-42E9-BD0A-AD5B2E45E008-300x225.jpeg 300w, https:\/\/salvator-schule.de\/wp-content\/uploads\/2022\/10\/8B7181C4-5504-42E9-BD0A-AD5B2E45E008-1024x768.jpeg 1024w, https:\/\/salvator-schule.de\/wp-content\/uploads\/2022\/10\/8B7181C4-5504-42E9-BD0A-AD5B2E45E008-768x576.jpeg 768w, https:\/\/salvator-schule.de\/wp-content\/uploads\/2022\/10\/8B7181C4-5504-42E9-BD0A-AD5B2E45E008-1536x1152.jpeg 1536w, https:\/\/salvator-schule.de\/wp-content\/uploads\/2022\/10\/8B7181C4-5504-42E9-BD0A-AD5B2E45E008-400x300.jpeg 400w, https:\/\/salvator-schule.de\/wp-content\/uploads\/2022\/10\/8B7181C4-5504-42E9-BD0A-AD5B2E45E008.jpeg 2000w\" sizes=\"(max-width: 300px) 100vw, 300px\" \/><\/figure>\n\n\n\n<figure class=\"wp-block-image size-medium\"><img loading=\"lazy\" decoding=\"async\" width=\"300\" height=\"225\" data-id=\"8645\" src=\"https:\/\/salvator-schule.de\/wp-content\/uploads\/2022\/10\/A7091E1F-2916-4BCC-B9CB-02C0807E16D0-300x225.jpeg\" alt=\"\" class=\"wp-image-8645\" srcset=\"https:\/\/salvator-schule.de\/wp-content\/uploads\/2022\/10\/A7091E1F-2916-4BCC-B9CB-02C0807E16D0-300x225.jpeg 300w, https:\/\/salvator-schule.de\/wp-content\/uploads\/2022\/10\/A7091E1F-2916-4BCC-B9CB-02C0807E16D0-1024x768.jpeg 1024w, https:\/\/salvator-schule.de\/wp-content\/uploads\/2022\/10\/A7091E1F-2916-4BCC-B9CB-02C0807E16D0-768x576.jpeg 768w, https:\/\/salvator-schule.de\/wp-content\/uploads\/2022\/10\/A7091E1F-2916-4BCC-B9CB-02C0807E16D0-1536x1152.jpeg 1536w, https:\/\/salvator-schule.de\/wp-content\/uploads\/2022\/10\/A7091E1F-2916-4BCC-B9CB-02C0807E16D0-400x300.jpeg 400w, https:\/\/salvator-schule.de\/wp-content\/uploads\/2022\/10\/A7091E1F-2916-4BCC-B9CB-02C0807E16D0.jpeg 2000w\" sizes=\"(max-width: 300px) 100vw, 300px\" \/><\/figure>\n<\/figure>\n","protected":false},"excerpt":{"rendered":"<p>Klassenlehrerin: Frau Krueger Sch\u00fclerzahl: 19 Inklusionsklasse: nein \u201eHallo\u201c sagen die Tigerenten.Zusammen mit unserer Klassenlehrerin Frau Krueger sind wir nach den Sommerferien 2022 hier an der Salvatorschule gestartet. Wir haben die Schule, ihre Menschen und die Regeln die es hier gibt kennengelernt und finden uns t\u00e4glich besser zurecht. Dabei helfen uns oft unsere Paten aus dem [&hellip;]<\/p>\n","protected":false},"author":3,"featured_media":0,"parent":0,"menu_order":0,"comment_status":"closed","ping_status":"closed","template":"","meta":{"_uag_custom_page_level_css":"","footnotes":""},"class_list":["post-8457","page","type-page","status-publish","hentry"],"uagb_featured_image_src":{"full":false,"thumbnail":false,"medium":false,"medium_large":false,"large":false,"1536x1536":false,"2048x2048":false,"post-thumbnail":false,"evolve-post-thumbnail":false,"evolve-slider-thumbnail":false,"evolve-tabs-img":false,"evolve-testimonial-avatar":false},"uagb_author_info":{"display_name":"Roesner","author_link":"https:\/\/salvator-schule.de\/?author=3"},"uagb_comment_info":0,"uagb_excerpt":"Klassenlehrerin: Frau Krueger Sch\u00fclerzahl: 19 Inklusionsklasse: nein \u201eHallo\u201c sagen die Tigerenten.Zusammen mit unserer Klassenlehrerin Frau Krueger sind wir nach den Sommerferien 2022 hier an der Salvatorschule gestartet. Wir haben die Schule, ihre Menschen und die Regeln die es hier gibt kennengelernt und finden uns t\u00e4glich besser zurecht. Dabei helfen uns oft unsere Paten aus dem&hellip;","_links":{"self":[{"href":"https:\/\/salvator-schule.de\/index.php?rest_route=\/wp\/v2\/pages\/8457"}],"collection":[{"href":"https:\/\/salvator-schule.de\/index.php?rest_route=\/wp\/v2\/pages"}],"about":[{"href":"https:\/\/salvator-schule.de\/index.php?rest_route=\/wp\/v2\/types\/page"}],"author":[{"embeddable":true,"href":"https:\/\/salvator-schule.de\/index.php?rest_route=\/wp\/v2\/users\/3"}],"replies":[{"embeddable":true,"href":"https:\/\/salvator-schule.de\/index.php?rest_route=%2Fwp%2Fv2%2Fcomments&post=8457"}],"version-history":[{"count":11,"href":"https:\/\/salvator-schule.de\/index.php?rest_route=\/wp\/v2\/pages\/8457\/revisions"}],"predecessor-version":[{"id":10696,"href":"https:\/\/salvator-schule.de\/index.php?rest_route=\/wp\/v2\/pages\/8457\/revisions\/10696"}],"wp:attachment":[{"href":"https:\/\/salvator-schule.de\/index.php?rest_route=%2Fwp%2Fv2%2Fmedia&parent=8457"}],"curies":[{"name":"wp","href":"https:\/\/api.w.org\/{rel}","templated":true}]}}