{"id":88,"date":"2016-08-30T16:41:21","date_gmt":"2016-08-30T16:41:21","guid":{"rendered":"http:\/\/wordpress.salvator-schule.de\/?page_id=88"},"modified":"2024-12-11T07:45:33","modified_gmt":"2024-12-11T07:45:33","slug":"unsere-schule","status":"publish","type":"page","link":"https:\/\/salvator-schule.de\/?page_id=88","title":{"rendered":"Schule"},"content":{"rendered":"<p>Als unsere Salvator Schule 1972 errichtet wurde, konnte noch keiner ahnen, wie viele tolle Sch\u00fcler\/innen hier ein Zuhause finden werden. Im Laufe der Jahre wurde mehr\u00acfach an- und umgebaut, zuletzt mit der Einrichtung der Offenen Ganztagsschule. Zurzeit wird die Schule in allen Stufen zweiz\u00fcgig gef\u00fchrt.<\/p>\n<p>Wir sind eine Schule, an der alle Hand in Hand arbeiten: Eltern, Kollegium und das OGS-Team.<\/p>\n<p>Und im Mittelpunkt stehen Ihre Kinder.<\/p>\n<p>Einige unserer Klassenr\u00e4ume haben Nebenr\u00e4ume, in denen Platz f\u00fcr die Klassenbibliothek, Spiele oder Arbeitsmaterialien ist.<\/p>\n<p>Au\u00dferdem verf\u00fcgen wir \u00fcber:<\/p>\n<ul>\n<li>eine gutsortierte Sch\u00fclerb\u00fccherei<\/li>\n<li>eine Turnhalle<\/li>\n<li>einen Schulhof mit gro\u00dfen Kletterger\u00fcsten<\/li>\n<li>und einem Kunstrasen-Fu\u00dfballfeld<\/li>\n<\/ul>\n<p>Englischunterricht, gewaltfreie Kommunikation, Verkehrserziehung und regelm\u00e4\u00dfige Besuche des Schulzahnarztes runden unser tolles Angebot ab.<\/p>\n<p>Die Salvator Grundschule ist eine katholische Bekenntnisschule, in der die Kinder nach den Grunds\u00e4tzen des christlichen Glaubens erzogen werden. Es finden in unregelm\u00e4\u00dfigen Abst\u00e4nden Gottesdienste in der kath. Kirche und in der Schule statt.<\/p>\n<p>Unser Hauptziel ist neben der ganzheitlichen F\u00f6rderung jedes einzelnen Kindes die Erziehung zu Toleranz und Anerkennung des Anderen, auch im Geiste der \u00d6kumene.<\/p>\n<p><img loading=\"lazy\" decoding=\"async\" class=\"aligncenter size-large wp-image-5255\" src=\"http:\/\/salvator-schule.de\/wp-content\/uploads\/2019\/09\/IMG_3581-1024x683.jpg\" alt=\"img_3581\" width=\"610\" height=\"407\" srcset=\"https:\/\/salvator-schule.de\/wp-content\/uploads\/2019\/09\/IMG_3581-1024x683.jpg 1024w, https:\/\/salvator-schule.de\/wp-content\/uploads\/2019\/09\/IMG_3581-300x200.jpg 300w, https:\/\/salvator-schule.de\/wp-content\/uploads\/2019\/09\/IMG_3581-768x512.jpg 768w\" sizes=\"(max-width: 610px) 100vw, 610px\" \/><\/p>\n","protected":false},"excerpt":{"rendered":"<p>Als unsere Salvator Schule 1972 errichtet wurde, konnte noch keiner ahnen, wie viele tolle Sch\u00fcler\/innen hier ein Zuhause finden werden. Im Laufe der Jahre wurde mehr\u00acfach an- und umgebaut, zuletzt mit der Einrichtung der Offenen Ganztagsschule. Zurzeit wird die Schule in allen Stufen zweiz\u00fcgig gef\u00fchrt. Wir sind eine Schule, an der alle Hand in Hand [&hellip;]<\/p>\n","protected":false},"author":3,"featured_media":0,"parent":0,"menu_order":0,"comment_status":"closed","ping_status":"closed","template":"","meta":{"_uag_custom_page_level_css":"","footnotes":""},"class_list":["post-88","page","type-page","status-publish","hentry"],"uagb_featured_image_src":{"full":false,"thumbnail":false,"medium":false,"medium_large":false,"large":false,"1536x1536":false,"2048x2048":false,"post-thumbnail":false,"evolve-post-thumbnail":false,"evolve-slider-thumbnail":false,"evolve-tabs-img":false,"evolve-testimonial-avatar":false},"uagb_author_info":{"display_name":"Roesner","author_link":"https:\/\/salvator-schule.de\/?author=3"},"uagb_comment_info":0,"uagb_excerpt":"Als unsere Salvator Schule 1972 errichtet wurde, konnte noch keiner ahnen, wie viele tolle Sch\u00fcler\/innen hier ein Zuhause finden werden. Im Laufe der Jahre wurde mehr\u00acfach an- und umgebaut, zuletzt mit der Einrichtung der Offenen Ganztagsschule. Zurzeit wird die Schule in allen Stufen zweiz\u00fcgig gef\u00fchrt. Wir sind eine Schule, an der alle Hand in Hand&hellip;","_links":{"self":[{"href":"https:\/\/salvator-schule.de\/index.php?rest_route=\/wp\/v2\/pages\/88"}],"collection":[{"href":"https:\/\/salvator-schule.de\/index.php?rest_route=\/wp\/v2\/pages"}],"about":[{"href":"https:\/\/salvator-schule.de\/index.php?rest_route=\/wp\/v2\/types\/page"}],"author":[{"embeddable":true,"href":"https:\/\/salvator-schule.de\/index.php?rest_route=\/wp\/v2\/users\/3"}],"replies":[{"embeddable":true,"href":"https:\/\/salvator-schule.de\/index.php?rest_route=%2Fwp%2Fv2%2Fcomments&post=88"}],"version-history":[{"count":10,"href":"https:\/\/salvator-schule.de\/index.php?rest_route=\/wp\/v2\/pages\/88\/revisions"}],"predecessor-version":[{"id":10289,"href":"https:\/\/salvator-schule.de\/index.php?rest_route=\/wp\/v2\/pages\/88\/revisions\/10289"}],"wp:attachment":[{"href":"https:\/\/salvator-schule.de\/index.php?rest_route=%2Fwp%2Fv2%2Fmedia&parent=88"}],"curies":[{"name":"wp","href":"https:\/\/api.w.org\/{rel}","templated":true}]}}