{"id":9058,"date":"2023-06-22T11:54:52","date_gmt":"2023-06-22T11:54:52","guid":{"rendered":"https:\/\/salvator-schule.de\/?page_id=9058"},"modified":"2025-09-21T12:25:57","modified_gmt":"2025-09-21T12:25:57","slug":"klasse-1c-2","status":"publish","type":"page","link":"https:\/\/salvator-schule.de\/?page_id=9058","title":{"rendered":"Klasse 3c &#8211; Dinoklasse"},"content":{"rendered":"\n<div style=\"height:100px\" aria-hidden=\"true\" class=\"wp-block-spacer\"><\/div>\n\n\n\n<div class=\"wp-block-media-text alignwide has-media-on-the-right is-stacked-on-mobile\" style=\"grid-template-columns:auto 20%\"><div class=\"wp-block-media-text__content\">\n<p>Klassenlehrerin: Frau Lodder<\/p>\n\n\n\n<p>Sch\u00fclerzahl: 21<\/p>\n\n\n\n<p>Inklusionsklasse:<\/p>\n<\/div><figure class=\"wp-block-media-text__media\"><img loading=\"lazy\" decoding=\"async\" width=\"1024\" height=\"781\" src=\"https:\/\/salvator-schule.de\/wp-content\/uploads\/2024\/02\/Angelina-Lodder-1024x781.png\" alt=\"\" class=\"wp-image-9728 size-full\" srcset=\"https:\/\/salvator-schule.de\/wp-content\/uploads\/2024\/02\/Angelina-Lodder-1024x781.png 1024w, https:\/\/salvator-schule.de\/wp-content\/uploads\/2024\/02\/Angelina-Lodder-300x229.png 300w, https:\/\/salvator-schule.de\/wp-content\/uploads\/2024\/02\/Angelina-Lodder-768x586.png 768w, https:\/\/salvator-schule.de\/wp-content\/uploads\/2024\/02\/Angelina-Lodder-1536x1172.png 1536w, https:\/\/salvator-schule.de\/wp-content\/uploads\/2024\/02\/Angelina-Lodder-2048x1563.png 2048w\" sizes=\"(max-width: 1024px) 100vw, 1024px\" \/><\/figure><\/div>\n\n\n\n<div style=\"height:100px\" aria-hidden=\"true\" class=\"wp-block-spacer\"><\/div>\n\n\n\n<p class=\"has-large-font-size\"><strong>Die Klasse 1c stellt sich vor:<\/strong><\/p>\n\n\n\n<p class=\"has-text-align-center\"><strong><mark style=\"background-color:#7bdcb5\" class=\"has-inline-color has-black-color\">Willkommen in der Dinoklasse! <\/mark><\/strong><\/p>\n\n\n\n<p>Wir sind die Dinos! In unsere Klasse gehen 10 Jungen und 11 M\u00e4dchen. Wir haben uns mittlerweile schon gut an das Schulleben gew\u00f6hnt. Gemeinsam lernen und entdecken wir jeden Tag neue Dinge. Mit dabei ist nat\u00fcrlich immer unser Maskottchen &#8222;Dino Lino&#8220;. Wir freuen uns, dass du uns auf unserer Reise durch unseren turbulenten Alltag begleitest! Viel Spa\u00df auf unserer Seite. <\/p>\n\n\n<div class=\"wp-block-image\">\n<figure class=\"aligncenter is-resized\"><img loading=\"lazy\" decoding=\"async\" src=\"https:\/\/salvator-schule.de\/wp-content\/uploads\/2024\/02\/Dino-Lino-1-768x1024.png\" alt=\"\" class=\"wp-image-9729\" width=\"355\" height=\"474\" srcset=\"https:\/\/salvator-schule.de\/wp-content\/uploads\/2024\/02\/Dino-Lino-1-768x1024.png 768w, https:\/\/salvator-schule.de\/wp-content\/uploads\/2024\/02\/Dino-Lino-1-225x300.png 225w, https:\/\/salvator-schule.de\/wp-content\/uploads\/2024\/02\/Dino-Lino-1-1152x1536.png 1152w, https:\/\/salvator-schule.de\/wp-content\/uploads\/2024\/02\/Dino-Lino-1-1536x2048.png 1536w\" sizes=\"(max-width: 355px) 100vw, 355px\" \/><figcaption class=\"wp-element-caption\"><strong>Dino Lino<\/strong><\/figcaption><\/figure><\/div>\n\n\n<div style=\"height:100px\" aria-hidden=\"true\" class=\"wp-block-spacer\"><\/div>\n\n\n\n<p class=\"has-text-align-center\"><strong><mark style=\"background-color:#7bdcb5\" class=\"has-inline-color has-black-color\">Projektwoche &#8211; M\u00e4rz 2024<\/mark><\/strong><\/p>\n\n\n\n<p>Der M\u00e4rz startete mit unserer Projektwoche. Das Trommeltheater besuchte unsere Schule. Fallou Sy erm\u00f6glichte den Sch\u00fclerinnen und Sch\u00fclern in die Welt der Musik und Rhythmen anderer Kulturen einzutauchen. So wurde nicht nur das Verst\u00e4ndnis f\u00fcr Vielfalt gef\u00f6rdert: Das t\u00e4gliche Trommeln bedeutete ebenfalls k\u00f6rperliche Bewegung und Koordinationstraining. Damit die Abschlussvorf\u00fchrung am Freitag auch perfekt wurde, haben wir unserer Kreativit\u00e4t freien Lauf gelassen und gebastelt. So konnten aus Dinos bunte V\u00f6gel werden. Insgesamt war die Projektwoche ein gro\u00dfer Erfolg. Es war eine Lernerfahrung, die kulturelle, k\u00f6rperliche, soziale und emotionale Aspekte angesprochen hat. Dies durften auch alle Eltern\/ZuschauerInnen beim gro\u00dfen Finale erfahren. <\/p>\n\n\n\n<div class=\"wp-block-group\"><div class=\"wp-block-group__inner-container is-layout-constrained wp-block-group-is-layout-constrained\">\n<figure class=\"wp-block-gallery has-nested-images columns-default is-cropped wp-block-gallery-1 is-layout-flex wp-block-gallery-is-layout-flex\">\n<figure class=\"wp-block-image size-large\"><a href=\"https:\/\/salvator-schule.de\/wp-content\/uploads\/2024\/03\/20240304_092602-1-rotated.jpg\"><img loading=\"lazy\" decoding=\"async\" width=\"768\" height=\"1024\" src=\"https:\/\/salvator-schule.de\/wp-content\/uploads\/2024\/03\/20240304_092602-1-768x1024.jpg\" alt=\"\" class=\"wp-image-9795\" srcset=\"https:\/\/salvator-schule.de\/wp-content\/uploads\/2024\/03\/20240304_092602-1-768x1024.jpg 768w, https:\/\/salvator-schule.de\/wp-content\/uploads\/2024\/03\/20240304_092602-1-225x300.jpg 225w, https:\/\/salvator-schule.de\/wp-content\/uploads\/2024\/03\/20240304_092602-1-1152x1536.jpg 1152w, https:\/\/salvator-schule.de\/wp-content\/uploads\/2024\/03\/20240304_092602-1-rotated.jpg 1500w\" sizes=\"(max-width: 768px) 100vw, 768px\" \/><\/a><\/figure>\n\n\n\n<figure class=\"wp-block-image size-large\"><a href=\"https:\/\/salvator-schule.de\/wp-content\/uploads\/2024\/03\/20240305_113120.jpg\"><img loading=\"lazy\" decoding=\"async\" width=\"1024\" height=\"768\" src=\"https:\/\/salvator-schule.de\/wp-content\/uploads\/2024\/03\/20240305_113120-1024x768.jpg\" alt=\"\" class=\"wp-image-9797\" srcset=\"https:\/\/salvator-schule.de\/wp-content\/uploads\/2024\/03\/20240305_113120-1024x768.jpg 1024w, https:\/\/salvator-schule.de\/wp-content\/uploads\/2024\/03\/20240305_113120-300x225.jpg 300w, https:\/\/salvator-schule.de\/wp-content\/uploads\/2024\/03\/20240305_113120-768x576.jpg 768w, https:\/\/salvator-schule.de\/wp-content\/uploads\/2024\/03\/20240305_113120-1536x1152.jpg 1536w, https:\/\/salvator-schule.de\/wp-content\/uploads\/2024\/03\/20240305_113120-400x300.jpg 400w, https:\/\/salvator-schule.de\/wp-content\/uploads\/2024\/03\/20240305_113120.jpg 2000w\" sizes=\"(max-width: 1024px) 100vw, 1024px\" \/><\/a><\/figure>\n\n\n\n<figure class=\"wp-block-image size-large\"><a href=\"https:\/\/salvator-schule.de\/wp-content\/uploads\/2024\/03\/Medien-4.jpg\"><img loading=\"lazy\" decoding=\"async\" width=\"1024\" height=\"450\" src=\"https:\/\/salvator-schule.de\/wp-content\/uploads\/2024\/03\/Medien-4-1024x450.jpg\" alt=\"\" class=\"wp-image-9799\" srcset=\"https:\/\/salvator-schule.de\/wp-content\/uploads\/2024\/03\/Medien-4-1024x450.jpg 1024w, https:\/\/salvator-schule.de\/wp-content\/uploads\/2024\/03\/Medien-4-300x132.jpg 300w, https:\/\/salvator-schule.de\/wp-content\/uploads\/2024\/03\/Medien-4-768x338.jpg 768w, https:\/\/salvator-schule.de\/wp-content\/uploads\/2024\/03\/Medien-4-1536x675.jpg 1536w, https:\/\/salvator-schule.de\/wp-content\/uploads\/2024\/03\/Medien-4.jpg 2016w\" sizes=\"(max-width: 1024px) 100vw, 1024px\" \/><\/a><\/figure>\n\n\n\n<figure class=\"wp-block-image size-large\"><a href=\"https:\/\/salvator-schule.de\/wp-content\/uploads\/2024\/03\/Medien-3.jpg\"><img loading=\"lazy\" decoding=\"async\" width=\"1024\" height=\"768\" src=\"https:\/\/salvator-schule.de\/wp-content\/uploads\/2024\/03\/Medien-3-1024x768.jpg\" alt=\"\" class=\"wp-image-9800\" srcset=\"https:\/\/salvator-schule.de\/wp-content\/uploads\/2024\/03\/Medien-3-1024x768.jpg 1024w, https:\/\/salvator-schule.de\/wp-content\/uploads\/2024\/03\/Medien-3-300x225.jpg 300w, https:\/\/salvator-schule.de\/wp-content\/uploads\/2024\/03\/Medien-3-768x576.jpg 768w, https:\/\/salvator-schule.de\/wp-content\/uploads\/2024\/03\/Medien-3-1536x1152.jpg 1536w, https:\/\/salvator-schule.de\/wp-content\/uploads\/2024\/03\/Medien-3-400x300.jpg 400w, https:\/\/salvator-schule.de\/wp-content\/uploads\/2024\/03\/Medien-3.jpg 1663w\" sizes=\"(max-width: 1024px) 100vw, 1024px\" \/><\/a><\/figure>\n\n\n\n<figure class=\"wp-block-image size-large\"><a href=\"https:\/\/salvator-schule.de\/wp-content\/uploads\/2024\/03\/Medien-1.jpg\"><img loading=\"lazy\" decoding=\"async\" width=\"1024\" height=\"550\" src=\"https:\/\/salvator-schule.de\/wp-content\/uploads\/2024\/03\/Medien-1-1024x550.jpg\" alt=\"\" class=\"wp-image-9801\" srcset=\"https:\/\/salvator-schule.de\/wp-content\/uploads\/2024\/03\/Medien-1-1024x550.jpg 1024w, https:\/\/salvator-schule.de\/wp-content\/uploads\/2024\/03\/Medien-1-300x161.jpg 300w, https:\/\/salvator-schule.de\/wp-content\/uploads\/2024\/03\/Medien-1-768x412.jpg 768w, https:\/\/salvator-schule.de\/wp-content\/uploads\/2024\/03\/Medien-1-1536x825.jpg 1536w, https:\/\/salvator-schule.de\/wp-content\/uploads\/2024\/03\/Medien-1.jpg 1942w\" sizes=\"(max-width: 1024px) 100vw, 1024px\" \/><\/a><\/figure>\n<\/figure>\n<\/div><\/div>\n\n\n\n<div style=\"height:100px\" aria-hidden=\"true\" class=\"wp-block-spacer\"><\/div>\n\n\n\n<p class=\"has-text-align-center\"><strong><mark style=\"background-color:#7bdcb5\" class=\"has-inline-color has-black-color\">Kinotag &#8211; Februar 2024<\/mark><\/strong><\/p>\n\n\n\n<div class=\"wp-block-media-text alignwide has-media-on-the-right is-stacked-on-mobile\" style=\"grid-template-columns:auto 35%\"><div class=\"wp-block-media-text__content\">\n<p class=\"has-text-align-right\">Damit auch der letzte Tag in der Karnevalszeit ein Highlight wurde, verwandelte sich die Schule in ein Kino. Jede Klasse zeigte einen anderen Film und die Kinder durften sich im Vorfeld f\u00fcr eine Vorstellung entscheiden. F\u00fcr jeden Geschmack war etwas dabei. Die Dinoklasse pr\u00e4sentierte &#8222;Die Sch\u00f6ne und das Biest&#8220;. In gem\u00fctlicher Runde verfolgten die Kinder die spannende Handlung und freuten sich \u00fcber das wunderbare Ende. Als wahre Gaumenfreude stellten sich die leckeren Naschereien heraus, mit denen der Karnevalsprinz und sein Gefolge uns am Donnerstag beschenkt hatten.<\/p>\n<\/div><figure class=\"wp-block-media-text__media\"><img loading=\"lazy\" decoding=\"async\" width=\"845\" height=\"721\" src=\"https:\/\/salvator-schule.de\/wp-content\/uploads\/2024\/02\/Kinotag-2.jpg\" alt=\"\" class=\"wp-image-9765 size-full\" srcset=\"https:\/\/salvator-schule.de\/wp-content\/uploads\/2024\/02\/Kinotag-2.jpg 845w, https:\/\/salvator-schule.de\/wp-content\/uploads\/2024\/02\/Kinotag-2-300x256.jpg 300w, https:\/\/salvator-schule.de\/wp-content\/uploads\/2024\/02\/Kinotag-2-768x655.jpg 768w\" sizes=\"(max-width: 845px) 100vw, 845px\" \/><\/figure><\/div>\n\n\n\n<div style=\"height:100px\" aria-hidden=\"true\" class=\"wp-block-spacer\"><\/div>\n\n\n\n<p class=\"has-text-align-center\"><strong><mark style=\"background-color:#7bdcb5\" class=\"has-inline-color has-black-color\">Karneval &#8211; Februar 2024<\/mark><\/strong><\/p>\n\n\n\n<p>Unsere erste gemeinsame Karnevalsfeier war ein voller Erfolg! Damit wir genug Kr\u00e4fte f\u00fcr die gro\u00dfe Sause sammeln konnten, genossen wir zun\u00e4chst ein gemeinsames Fr\u00fchst\u00fcck. Die Auswahl war so gewaltig, dass wir nicht alles aufessen konnten. Neben vitaminreichen Obstplatten und herzhaften Wurstvariet\u00e4ten durften nat\u00fcrlich einige s\u00fc\u00dfe Naschereien nicht fehlen. Nach dem leckeren Essen folgte dann der spa\u00dfige Teil: In der Klasse wurde gesungen, getanzt und gespielt. Um 9:30 Uhr ging es in die Turnhalle. Hier wurde schlie\u00dflich auch der letzte Karnevalsmuffel zum &#8222;Jeck&#8220;. Eine rundum gelungene Feier, die mit unserer Tanzeinheit sicherlich einen H\u00f6hepunkt erleben durfte. <\/p>\n\n\n\n<div class=\"wp-block-group\"><div class=\"wp-block-group__inner-container is-layout-constrained wp-block-group-is-layout-constrained\">\n<div class=\"wp-block-group\"><div class=\"wp-block-group__inner-container is-layout-constrained wp-block-group-is-layout-constrained\">\n<figure class=\"wp-block-gallery has-nested-images columns-default is-cropped wp-block-gallery-2 is-layout-flex wp-block-gallery-is-layout-flex\">\n<figure class=\"wp-block-image size-large is-style-default\"><a href=\"https:\/\/salvator-schule.de\/wp-content\/uploads\/2024\/02\/Karneval-Buffet-7.png\"><img loading=\"lazy\" decoding=\"async\" width=\"1024\" height=\"768\" src=\"https:\/\/salvator-schule.de\/wp-content\/uploads\/2024\/02\/Karneval-Buffet-7-1024x768.png\" alt=\"\" class=\"wp-image-9738\" srcset=\"https:\/\/salvator-schule.de\/wp-content\/uploads\/2024\/02\/Karneval-Buffet-7-1024x768.png 1024w, https:\/\/salvator-schule.de\/wp-content\/uploads\/2024\/02\/Karneval-Buffet-7-300x225.png 300w, https:\/\/salvator-schule.de\/wp-content\/uploads\/2024\/02\/Karneval-Buffet-7-768x576.png 768w, https:\/\/salvator-schule.de\/wp-content\/uploads\/2024\/02\/Karneval-Buffet-7-1536x1152.png 1536w, https:\/\/salvator-schule.de\/wp-content\/uploads\/2024\/02\/Karneval-Buffet-7-2048x1536.png 2048w, https:\/\/salvator-schule.de\/wp-content\/uploads\/2024\/02\/Karneval-Buffet-7-400x300.png 400w\" sizes=\"(max-width: 1024px) 100vw, 1024px\" \/><\/a><\/figure>\n\n\n\n<figure class=\"wp-block-image size-large is-style-default\"><a href=\"https:\/\/salvator-schule.de\/wp-content\/uploads\/2024\/02\/Karneval-tanzen.png\"><img loading=\"lazy\" decoding=\"async\" width=\"1024\" height=\"768\" src=\"https:\/\/salvator-schule.de\/wp-content\/uploads\/2024\/02\/Karneval-tanzen-1024x768.png\" alt=\"\" class=\"wp-image-9739\" srcset=\"https:\/\/salvator-schule.de\/wp-content\/uploads\/2024\/02\/Karneval-tanzen-1024x768.png 1024w, https:\/\/salvator-schule.de\/wp-content\/uploads\/2024\/02\/Karneval-tanzen-300x225.png 300w, https:\/\/salvator-schule.de\/wp-content\/uploads\/2024\/02\/Karneval-tanzen-768x576.png 768w, https:\/\/salvator-schule.de\/wp-content\/uploads\/2024\/02\/Karneval-tanzen-1536x1152.png 1536w, https:\/\/salvator-schule.de\/wp-content\/uploads\/2024\/02\/Karneval-tanzen-2048x1536.png 2048w, https:\/\/salvator-schule.de\/wp-content\/uploads\/2024\/02\/Karneval-tanzen-400x300.png 400w\" sizes=\"(max-width: 1024px) 100vw, 1024px\" \/><\/a><\/figure>\n\n\n\n<figure class=\"wp-block-image size-large is-style-default\"><a href=\"https:\/\/salvator-schule.de\/wp-content\/uploads\/2024\/02\/Karneval-Turnhalle.png\"><img loading=\"lazy\" decoding=\"async\" width=\"1024\" height=\"768\" src=\"https:\/\/salvator-schule.de\/wp-content\/uploads\/2024\/02\/Karneval-Turnhalle-1024x768.png\" alt=\"\" class=\"wp-image-9740\" srcset=\"https:\/\/salvator-schule.de\/wp-content\/uploads\/2024\/02\/Karneval-Turnhalle-1024x768.png 1024w, https:\/\/salvator-schule.de\/wp-content\/uploads\/2024\/02\/Karneval-Turnhalle-300x225.png 300w, https:\/\/salvator-schule.de\/wp-content\/uploads\/2024\/02\/Karneval-Turnhalle-768x576.png 768w, https:\/\/salvator-schule.de\/wp-content\/uploads\/2024\/02\/Karneval-Turnhalle-1536x1152.png 1536w, https:\/\/salvator-schule.de\/wp-content\/uploads\/2024\/02\/Karneval-Turnhalle-2048x1536.png 2048w, https:\/\/salvator-schule.de\/wp-content\/uploads\/2024\/02\/Karneval-Turnhalle-400x300.png 400w\" sizes=\"(max-width: 1024px) 100vw, 1024px\" \/><\/a><\/figure>\n<\/figure>\n<\/div><\/div>\n<\/div><\/div>\n\n\n\n<div style=\"height:100px\" aria-hidden=\"true\" class=\"wp-block-spacer\"><\/div>\n\n\n\n<div style=\"height:100px\" aria-hidden=\"true\" class=\"wp-block-spacer\"><\/div>\n","protected":false},"excerpt":{"rendered":"<p>Klassenlehrerin: Frau Lodder Sch\u00fclerzahl: 21 Inklusionsklasse: Die Klasse 1c stellt sich vor: Willkommen in der Dinoklasse! Wir sind die Dinos! In unsere Klasse gehen 10 Jungen und 11 M\u00e4dchen. Wir haben uns mittlerweile schon gut an das Schulleben gew\u00f6hnt. Gemeinsam lernen und entdecken wir jeden Tag neue Dinge. Mit dabei ist nat\u00fcrlich immer unser Maskottchen [&hellip;]<\/p>\n","protected":false},"author":3,"featured_media":0,"parent":0,"menu_order":0,"comment_status":"closed","ping_status":"closed","template":"","meta":{"_uag_custom_page_level_css":"","footnotes":""},"class_list":["post-9058","page","type-page","status-publish","hentry"],"uagb_featured_image_src":{"full":false,"thumbnail":false,"medium":false,"medium_large":false,"large":false,"1536x1536":false,"2048x2048":false,"post-thumbnail":false,"evolve-post-thumbnail":false,"evolve-slider-thumbnail":false,"evolve-tabs-img":false,"evolve-testimonial-avatar":false},"uagb_author_info":{"display_name":"Roesner","author_link":"https:\/\/salvator-schule.de\/?author=3"},"uagb_comment_info":0,"uagb_excerpt":"Klassenlehrerin: Frau Lodder Sch\u00fclerzahl: 21 Inklusionsklasse: Die Klasse 1c stellt sich vor: Willkommen in der Dinoklasse! Wir sind die Dinos! In unsere Klasse gehen 10 Jungen und 11 M\u00e4dchen. Wir haben uns mittlerweile schon gut an das Schulleben gew\u00f6hnt. Gemeinsam lernen und entdecken wir jeden Tag neue Dinge. Mit dabei ist nat\u00fcrlich immer unser Maskottchen&hellip;","_links":{"self":[{"href":"https:\/\/salvator-schule.de\/index.php?rest_route=\/wp\/v2\/pages\/9058"}],"collection":[{"href":"https:\/\/salvator-schule.de\/index.php?rest_route=\/wp\/v2\/pages"}],"about":[{"href":"https:\/\/salvator-schule.de\/index.php?rest_route=\/wp\/v2\/types\/page"}],"author":[{"embeddable":true,"href":"https:\/\/salvator-schule.de\/index.php?rest_route=\/wp\/v2\/users\/3"}],"replies":[{"embeddable":true,"href":"https:\/\/salvator-schule.de\/index.php?rest_route=%2Fwp%2Fv2%2Fcomments&post=9058"}],"version-history":[{"count":21,"href":"https:\/\/salvator-schule.de\/index.php?rest_route=\/wp\/v2\/pages\/9058\/revisions"}],"predecessor-version":[{"id":10693,"href":"https:\/\/salvator-schule.de\/index.php?rest_route=\/wp\/v2\/pages\/9058\/revisions\/10693"}],"wp:attachment":[{"href":"https:\/\/salvator-schule.de\/index.php?rest_route=%2Fwp%2Fv2%2Fmedia&parent=9058"}],"curies":[{"name":"wp","href":"https:\/\/api.w.org\/{rel}","templated":true}]}}