{"id":96,"date":"2016-08-30T16:43:57","date_gmt":"2016-08-30T16:43:57","guid":{"rendered":"http:\/\/wordpress.salvator-schule.de\/?page_id=96"},"modified":"2016-09-23T17:10:10","modified_gmt":"2016-09-23T17:10:10","slug":"eltern-mitarbeit","status":"publish","type":"page","link":"https:\/\/salvator-schule.de\/?page_id=96","title":{"rendered":"Eltern &#038; Mitarbeit"},"content":{"rendered":"<p>Eltern die sich aktiv an der Mitgestaltung des Schullebens beteiligen m\u00f6chten, haben hierf\u00fcr verschiedene M\u00f6glichkeiten:<\/p>\n<p>&nbsp;<\/p>\n<p><strong>1. Klassenpflegschaft<\/strong><\/p>\n<p>Die Eltern der Sch\u00fcler einer Klasse sind die abstimmberechtigten Mitglieder der Klassenpflegschaft. Sie haben gemeinsam f\u00fcr ihr Kind eine Stimme. Die Eltern w\u00e4hlen aus ihrer Mitte einen Vorsitzenden und seinen Stellvertreter. Die Beteiligung an der Erziehungs- und Bildungsarbeit umfasst mit Ausnahme der Leistungsbeurteilung insbesondere die Beratung \u00fcber<\/p>\n<ul>\n<li>Art und Umfang der Hausaufgaben<\/li>\n<li>Durchf\u00fchrung der Leistungs\u00fcberpr\u00fcfungen<\/li>\n<li>Einrichtung freiwilliger Arbeitsgemeinschaften<\/li>\n<li>Anregungen zur Einf\u00fchrung von Lernmitteln.<\/li>\n<\/ul>\n<p>&nbsp;<\/p>\n<p><strong>2. Schulmitwirkung<\/strong><\/p>\n<p>Durch die Schulmitwirkung erhalten die Eltern das Recht, an den Entscheidungen ihrer Schule \u00fcber die Gestaltung der Erziehungs- und Bildungsarbeit mitzuwirken.<\/p>\n<p>Die gleichberechtigte Einbeziehung der Elternseite in die schulischen Informations-, Beratungs- und Entscheidungsprozesse erm\u00f6glicht es, dass Eltern und Lehrer partnerschaftlich zusammenarbeiten und die Erziehungs- und Bildungsarbeit der Schule in st\u00e4r\u00adkerem Ma\u00dfe gemeinsam gestalten und gemeinsam verantworten. Die Mitwirkung in der Schule ist so organisiert, dass<\/p>\n<ul>\n<li>jede Gruppe (Eltern, Lehrer) eigene Mit\u00adwirkungs\u00ador\u00adgane besitzt (Klassenpflegschaft, Schulpflegschaft, Lehrerkonferenz)<\/li>\n<li>ein gemeinsames Organ die Entscheidungen f\u00e4llt (Schulkonferenz)<\/li>\n<\/ul>\n<p>&nbsp;<\/p>\n<p><strong>3. <\/strong><strong>Schulpflegschaft<\/strong><\/p>\n<p>Die Vorsitzenden der Klassenpflegschaften bilden die Schulpflegschaft. Die Stellvertreter k\u00f6nnen an den Sitzungen mit beratender Stimme teilnehmen. In der ersten Sitzung des Schuljahres w\u00e4hlt die Schulpflegschaft einen Vorsitzenden und einen Stellvertreter, die die Interessen der Eltern vertreten sollen. Im zweiten Halbjahr findet noch mindestens eine Sitzung statt. Au\u00dferdem w\u00e4hlt die Schulpflegschaft an unserer Schule sechs Elternvertreter f\u00fcr die Schulkonferenz.<\/p>\n<p>&nbsp;<\/p>\n<p><strong>4. Schulkonferenz<\/strong><\/p>\n<p>Die Schulkonferenz besteht aus sechs Vertretern der Eltern und sechs Vertretern der Lehrer einschl. OGS sowie der Vorsitzenden (Schulleiterin). Die Schulkonferenz empfiehlt Grunds\u00e4tze zur Erziehungs- und Bildungsarbeit und entscheidet in vielen Angelegenheiten der Schule, so zum Beispiel bei der Einf\u00fchrung eines neuen Buches oder beim Schuletat.<\/p>\n","protected":false},"excerpt":{"rendered":"<p>Eltern die sich aktiv an der Mitgestaltung des Schullebens beteiligen m\u00f6chten, haben hierf\u00fcr verschiedene M\u00f6glichkeiten: &nbsp; 1. Klassenpflegschaft Die Eltern der Sch\u00fcler einer Klasse sind die abstimmberechtigten Mitglieder der Klassenpflegschaft. Sie haben gemeinsam f\u00fcr ihr Kind eine Stimme. Die Eltern w\u00e4hlen aus ihrer Mitte einen Vorsitzenden und seinen Stellvertreter. Die Beteiligung an der Erziehungs- und [&hellip;]<\/p>\n","protected":false},"author":3,"featured_media":0,"parent":88,"menu_order":3,"comment_status":"closed","ping_status":"closed","template":"","meta":{"_uag_custom_page_level_css":"","footnotes":""},"class_list":["post-96","page","type-page","status-publish","hentry"],"uagb_featured_image_src":{"full":false,"thumbnail":false,"medium":false,"medium_large":false,"large":false,"1536x1536":false,"2048x2048":false,"post-thumbnail":false,"evolve-post-thumbnail":false,"evolve-slider-thumbnail":false,"evolve-tabs-img":false,"evolve-testimonial-avatar":false},"uagb_author_info":{"display_name":"Roesner","author_link":"https:\/\/salvator-schule.de\/?author=3"},"uagb_comment_info":0,"uagb_excerpt":"Eltern die sich aktiv an der Mitgestaltung des Schullebens beteiligen m\u00f6chten, haben hierf\u00fcr verschiedene M\u00f6glichkeiten: &nbsp; 1. Klassenpflegschaft Die Eltern der Sch\u00fcler einer Klasse sind die abstimmberechtigten Mitglieder der Klassenpflegschaft. Sie haben gemeinsam f\u00fcr ihr Kind eine Stimme. Die Eltern w\u00e4hlen aus ihrer Mitte einen Vorsitzenden und seinen Stellvertreter. Die Beteiligung an der Erziehungs- und&hellip;","_links":{"self":[{"href":"https:\/\/salvator-schule.de\/index.php?rest_route=\/wp\/v2\/pages\/96"}],"collection":[{"href":"https:\/\/salvator-schule.de\/index.php?rest_route=\/wp\/v2\/pages"}],"about":[{"href":"https:\/\/salvator-schule.de\/index.php?rest_route=\/wp\/v2\/types\/page"}],"author":[{"embeddable":true,"href":"https:\/\/salvator-schule.de\/index.php?rest_route=\/wp\/v2\/users\/3"}],"replies":[{"embeddable":true,"href":"https:\/\/salvator-schule.de\/index.php?rest_route=%2Fwp%2Fv2%2Fcomments&post=96"}],"version-history":[{"count":4,"href":"https:\/\/salvator-schule.de\/index.php?rest_route=\/wp\/v2\/pages\/96\/revisions"}],"predecessor-version":[{"id":327,"href":"https:\/\/salvator-schule.de\/index.php?rest_route=\/wp\/v2\/pages\/96\/revisions\/327"}],"up":[{"embeddable":true,"href":"https:\/\/salvator-schule.de\/index.php?rest_route=\/wp\/v2\/pages\/88"}],"wp:attachment":[{"href":"https:\/\/salvator-schule.de\/index.php?rest_route=%2Fwp%2Fv2%2Fmedia&parent=96"}],"curies":[{"name":"wp","href":"https:\/\/api.w.org\/{rel}","templated":true}]}}