{"id":98,"date":"2016-08-30T16:44:19","date_gmt":"2016-08-30T16:44:19","guid":{"rendered":"http:\/\/wordpress.salvator-schule.de\/?page_id=98"},"modified":"2016-09-23T17:10:16","modified_gmt":"2016-09-23T17:10:16","slug":"schulbuecherei","status":"publish","type":"page","link":"https:\/\/salvator-schule.de\/?page_id=98","title":{"rendered":"Schulb\u00fccherei"},"content":{"rendered":"<p><a href=\"http:\/\/wordpress.salvator-schule.de\/wp-content\/uploads\/2016\/08\/banner.jpg\"><img loading=\"lazy\" decoding=\"async\" class=\"aligncenter  wp-image-323\" src=\"http:\/\/wordpress.salvator-schule.de\/wp-content\/uploads\/2016\/08\/banner-300x101.jpg\" alt=\"banner\" width=\"479\" height=\"161\" srcset=\"https:\/\/salvator-schule.de\/wp-content\/uploads\/2016\/08\/banner-300x101.jpg 300w, https:\/\/salvator-schule.de\/wp-content\/uploads\/2016\/08\/banner-768x259.jpg 768w, https:\/\/salvator-schule.de\/wp-content\/uploads\/2016\/08\/banner.jpg 828w\" sizes=\"(max-width: 479px) 100vw, 479px\" \/><\/a><\/p>\n<p>&nbsp;<\/p>\n<p>Unsere Schule verf\u00fcgt \u00fcber eine gut und aktuell ausgestattete Sch\u00fclerb\u00fccherei. Die Kinder k\u00f6nnen aus rund 1500 B\u00fcchern w\u00e4hlen. Der Lesestoff ist sor\u00adtiert nach Schuljahren und Sachgebieten. Ge\u00f6ffnet haben wir immer donnerstags f\u00fcr zwei Schulstunden. Die Kinder d\u00fcrfen w\u00e4hrend des Unterrichts, zun\u00e4chst im Klassenverband, sp\u00e4ter auch alleine, zu uns kommen, um sich B\u00fccher aus\u00adzu\u00adleihen. Besonders attraktiv sind die mit einem Sternchen gekennzeichneten B\u00fccher. Sie geh\u00f6ren zum &#8222;Antolin-Programm&#8220;, einem internetbasierten Lese-F\u00f6rderungs\u00adprogramm, das ab dem zweiten Schuljahr eingesetzt wird. Die Kinder finden Fragen zu ihren B\u00fcchern und k\u00f6nnen durch richtiges Beantworten Punkte sammeln.<\/p>\n<p>&nbsp;<\/p>\n<p>Highlights im B\u00fcchereileben sind au\u00dferdem die Einf\u00fchrung f\u00fcr die Erstkl\u00e4ssler, die schon in den ersten Schulwochen die B\u00fccherei besuchen, sowie unsere Veranstaltungen wie Autorenlesungen oder Lesewettbewerbe. Betreut werden die kleinen Leser und Leserinnen von rund zehn ehrenamtlichen Mitarbeiter\/innen. Sie organisieren die Ausleihe, schaffen B\u00fccher an und pflegen sie. Daf\u00fcr steht ihnen j\u00e4hrlich ein Etat vom Schulverein zur Verf\u00fcgung. Lesefreudige Helfer\/innen sind jederzeit immer im B\u00fccherei-Team willkommen!<\/p>\n<p>&nbsp;<\/p>\n<p>&nbsp;<\/p>\n<p>\u00d6FFNUNGSZEITEN:<\/p>\n<p>JEDEN DONNERSTAG<\/p>\n<p>VON 08.00 &#8211; 09.30 Uhr<\/p>\n","protected":false},"excerpt":{"rendered":"<p>&nbsp; Unsere Schule verf\u00fcgt \u00fcber eine gut und aktuell ausgestattete Sch\u00fclerb\u00fccherei. Die Kinder k\u00f6nnen aus rund 1500 B\u00fcchern w\u00e4hlen. Der Lesestoff ist sor\u00adtiert nach Schuljahren und Sachgebieten. Ge\u00f6ffnet haben wir immer donnerstags f\u00fcr zwei Schulstunden. Die Kinder d\u00fcrfen w\u00e4hrend des Unterrichts, zun\u00e4chst im Klassenverband, sp\u00e4ter auch alleine, zu uns kommen, um sich B\u00fccher aus\u00adzu\u00adleihen. Besonders [&hellip;]<\/p>\n","protected":false},"author":3,"featured_media":0,"parent":88,"menu_order":4,"comment_status":"closed","ping_status":"closed","template":"","meta":{"_uag_custom_page_level_css":"","footnotes":""},"class_list":["post-98","page","type-page","status-publish","hentry"],"uagb_featured_image_src":{"full":false,"thumbnail":false,"medium":false,"medium_large":false,"large":false,"1536x1536":false,"2048x2048":false,"post-thumbnail":false,"evolve-post-thumbnail":false,"evolve-slider-thumbnail":false,"evolve-tabs-img":false,"evolve-testimonial-avatar":false},"uagb_author_info":{"display_name":"Roesner","author_link":"https:\/\/salvator-schule.de\/?author=3"},"uagb_comment_info":0,"uagb_excerpt":"&nbsp; Unsere Schule verf\u00fcgt \u00fcber eine gut und aktuell ausgestattete Sch\u00fclerb\u00fccherei. Die Kinder k\u00f6nnen aus rund 1500 B\u00fcchern w\u00e4hlen. Der Lesestoff ist sor\u00adtiert nach Schuljahren und Sachgebieten. Ge\u00f6ffnet haben wir immer donnerstags f\u00fcr zwei Schulstunden. Die Kinder d\u00fcrfen w\u00e4hrend des Unterrichts, zun\u00e4chst im Klassenverband, sp\u00e4ter auch alleine, zu uns kommen, um sich B\u00fccher aus\u00adzu\u00adleihen. Besonders&hellip;","_links":{"self":[{"href":"https:\/\/salvator-schule.de\/index.php?rest_route=\/wp\/v2\/pages\/98"}],"collection":[{"href":"https:\/\/salvator-schule.de\/index.php?rest_route=\/wp\/v2\/pages"}],"about":[{"href":"https:\/\/salvator-schule.de\/index.php?rest_route=\/wp\/v2\/types\/page"}],"author":[{"embeddable":true,"href":"https:\/\/salvator-schule.de\/index.php?rest_route=\/wp\/v2\/users\/3"}],"replies":[{"embeddable":true,"href":"https:\/\/salvator-schule.de\/index.php?rest_route=%2Fwp%2Fv2%2Fcomments&post=98"}],"version-history":[{"count":6,"href":"https:\/\/salvator-schule.de\/index.php?rest_route=\/wp\/v2\/pages\/98\/revisions"}],"predecessor-version":[{"id":431,"href":"https:\/\/salvator-schule.de\/index.php?rest_route=\/wp\/v2\/pages\/98\/revisions\/431"}],"up":[{"embeddable":true,"href":"https:\/\/salvator-schule.de\/index.php?rest_route=\/wp\/v2\/pages\/88"}],"wp:attachment":[{"href":"https:\/\/salvator-schule.de\/index.php?rest_route=%2Fwp%2Fv2%2Fmedia&parent=98"}],"curies":[{"name":"wp","href":"https:\/\/api.w.org\/{rel}","templated":true}]}}